
{"id":1864,"date":"2025-02-05T16:31:17","date_gmt":"2025-02-05T15:31:17","guid":{"rendered":"https:\/\/scf.se\/e-cycling\/?page_id=1864"},"modified":"2026-02-23T10:01:20","modified_gmt":"2026-02-23T09:01:20","slug":"swe-cup-e-cycling-2025-2026","status":"publish","type":"page","link":"https:\/\/scf.se\/e-cycling\/swe-cup-e-cycling-2025-2026\/","title":{"rendered":"SWE Cup E-cycling 2026"},"content":{"rendered":"<h3><a href=\"https:\/\/leadoutesports.com\/events\/swe-cup?fbclid=IwY2xjawPIUXRzcnRjBmFwcF9pZBAyMjIwMzkxNzg4MjAwODkyAAEeefLgym32bHFh9fPrUYbx0ZxXH6Zp_xAsx6cqtiYk2zTJXtTOP21jWCuQeJs&amp;brid=SQNpWsEPSX6TSu9PCgGdFQ\"><em>Anm\u00e4lan till SWE Cup 2026 samt info om alla loppen finns h\u00e4r!<\/em><\/a><\/h3>\n<h3><a href=\"https:\/\/scf.se\/e-cycling\/wp-content\/uploads\/sites\/11\/2026\/02\/Sa-har-slutade-SWE-Cup-2026.pdf\"><em>H\u00e4r \u00e4r totalresultaten bland alla som fullf\u00f6ljde de fyra olika disciplinerna.<\/em><\/a><\/h3>\n<h3>* * *<\/h3>\n<p><strong>V\u00e4lkomna till Svenska Cykelf\u00f6rbundets SWE Cup 2026 presenterad av Bauhaus, Wahoo, Enervit, och Sportson. \u00c5rets SWE Cup inleds den 12 januari. Nu ska anm\u00e4lningsf\u00f6rfarandet fungera bra. Arrang\u00f6rerna har ocks\u00e5 h\u00f6rsammat \u00f6nskem\u00e5l om att ha l\u00e4ngre tid mellan starterna. All info finns uppdaterad nedan! <\/strong>(Uppdaterad 5\/2 med f\u00f6rtydligande hur totalpo\u00e4ngen r\u00e4knas ut.)<\/p>\n<p>Nu \u00e4r det dags f\u00f6r en av s\u00e4songens nationella h\u00f6jdpunkter n\u00e4r det kommer till E-cycling! H\u00e4r \u00e4r information om SWE Cup i E-cycling 2026. \u00c5rets SWE Cup startar m\u00e5ndagen den 12 januari. SWE Cup \u00e4r en av Zwifts st\u00f6rsta serier och t\u00e4vlingar. Det \u00e4r m\u00e5nga deltagare och den har snabbt vuxit genom \u00e5ren till att bli Sveriges st\u00f6rsta nationella E-racingevenemang. Alla svenska cyklister \u00e4r v\u00e4lkomna att delta, fr\u00e5n nyb\u00f6rjare till proffs. Alla med en svensk licens och\/eller svenskt medborgarskap f\u00e5r delta i SWE Cup. L\u00e4s mer h\u00e4r:<em><strong> <a href=\"https:\/\/scf.se\/e-cycling\/e-cyclinglicens\/\">https:\/\/scf.se\/e-cycling\/e-cyclinglicens\/<\/a><\/strong><\/em><\/p>\n<p>Cupen inneh\u00e5ller totalt sex olika t\u00e4vlingar, och du m\u00e5ste t\u00e4vla i minst en po\u00e4ngt\u00e4vling, ett scratchlopp, ett Tiny race och ett iTT f\u00f6r att sl\u00e5ss om totalen.<\/p>\n<p>SWE Cup kommer att k\u00f6ras p\u00e5 Zwift-plattformen och SM (svenska m\u00e4sterskapen) kommer (troligtvis) att k\u00f6ras p\u00e5 MyWhoosh eftersom Zwift inte vill arrangera n\u00e5gra nationella m\u00e4sterskap.<\/p>\n<p>OBS! Nytt f\u00f6r i \u00e5r \u00e4r att anm\u00e4lan till SWE Cup sker p\u00e5 Leadouts hemsida, du registrerar ett konto och anm\u00e4ler dig med en giltig licens h\u00e4r: <em><strong><a href=\"https:\/\/leadoutesports.com\/login\">https:\/\/leadoutesports.com\/login<\/a><\/strong><\/em>.<\/p>\n<p>Vi m\u00e5ste tyv\u00e4rr just nu g\u00f6ra klassindelning manuellt. Vi vill d\u00e4rf\u00f6r att ni anm\u00e4ler er s\u00e5 tidigt som m\u00f6jligt till loppen, senast p\u00e5 fredagen innan.<\/p>\n<p><span style=\"color: #000000\">Om man har ett UCI ID s\u00e5 anger man det. Om man inte har det s\u00e5 kryssar man i alternativet Swedish Cycling Federation ist\u00e4llet. Fyll i Namn, \u00e5lder, k\u00f6n och sedan klicka p\u00e5 validate, se bilden nedan!<\/span><\/p>\n<a href=\"https:\/\/scf.se\/e-cycling\/wp-content\/uploads\/sites\/11\/2026\/01\/SKARMDUMP.png\"><img loading=\"lazy\" decoding=\"async\" class=\"alignnone size-full wp-image-1945\" src=\"https:\/\/scf.se\/e-cycling\/wp-content\/uploads\/sites\/11\/2026\/01\/SKARMDUMP.png\" alt=\"\" width=\"477\" height=\"322\" srcset=\"https:\/\/scf.se\/e-cycling\/wp-content\/uploads\/sites\/11\/2026\/01\/SKARMDUMP.png 477w, https:\/\/scf.se\/e-cycling\/wp-content\/uploads\/sites\/11\/2026\/01\/SKARMDUMP-300x203.png 300w\" sizes=\"auto, (max-width: 477px) 100vw, 477px\" \/><\/a>\n<p>Information om loppen kommer att fyllas p\u00e5 ovan n\u00e4mnda sida. Du kan k\u00f6pa din licens redan nu f\u00f6r att undvika stress p\u00e5 <a href=\"http:\/\/licens.scf.se\"><strong><em>licens.scf.se<\/em><\/strong><\/a>. Det kommer allts\u00e5 inte att komma n\u00e5gra l\u00e4nkar i Cardskipper i \u00e5rets SWE Cup.<\/p>\n<p>E-cycling har en egen Facebook-grupp som du hittar h\u00e4r: <a href=\"https:\/\/www.facebook.com\/groups\/448641101597589\"><em><strong>SWE Cycling E-cycling<\/strong><\/em><\/a>. H\u00e4r kan du diskutera och st\u00e4lla fr\u00e5gor om allt som r\u00f6r SWE Cup E-cycling och andra lopp som arrangeras av SCF E-cycling.<\/p>\n<h3><strong>Om SWE Cup<\/strong><\/h3>\n<p>Sverige var ett av de f\u00f6rsta l\u00e4nderna att ha en t\u00e4vlingsserie. SWE Cup \u00e4r n\u00e5got som Svenska Cykelf\u00f6rbundet har haft l\u00e4nge IRL och utomhus. Men det blev en stor framg\u00e5ng n\u00e4r vi tog in det i E-cyklingens v\u00e4rld. Idag har Sverige det st\u00f6rsta antalet cyklister som t\u00e4vlar i en nationell serie.<\/p>\n<p>Missa inte direkts\u00e4ndningen fr\u00e5n Leadout och SWE Cyclings Youtube-plattform och FB som startar runt kl 18.15 med en genomg\u00e5ng av banan, intervjuer med cyklister, livebes\u00f6k i cykelbutiker, intressanta f\u00f6rel\u00e4sningar, sp\u00e4nnande erbjudanden och mycket mer!<\/p>\n<h3><a href=\"https:\/\/www.youtube.com\/watch?v=i42NYwol0Z4\"><em>H\u00e4r finns tv-s\u00e4ndningen av lopp 1 p\u00e5 Youtube!\u00a0<\/em><\/a><\/h3>\n<p>Detta \u00e5r v\u00e4xlar vi upp och g\u00f6r s\u00e4ndningen tillsammans med Leadout och profilen inom E-cycling, Nathan Guerra.<\/p>\n<h3>* * *<\/h3>\n<a href=\"https:\/\/scf.se\/e-cycling\/wp-content\/uploads\/sites\/11\/2026\/01\/legends-and-lava-map-point-start.png\"><img loading=\"lazy\" decoding=\"async\" class=\"alignnone size-full wp-image-1928\" src=\"https:\/\/scf.se\/e-cycling\/wp-content\/uploads\/sites\/11\/2026\/01\/legends-and-lava-map-point-start.png\" alt=\"\" width=\"900\" height=\"450\" srcset=\"https:\/\/scf.se\/e-cycling\/wp-content\/uploads\/sites\/11\/2026\/01\/legends-and-lava-map-point-start.png 900w, https:\/\/scf.se\/e-cycling\/wp-content\/uploads\/sites\/11\/2026\/01\/legends-and-lava-map-point-start-300x150.png 300w, https:\/\/scf.se\/e-cycling\/wp-content\/uploads\/sites\/11\/2026\/01\/legends-and-lava-map-point-start-768x384.png 768w\" sizes=\"auto, (max-width: 900px) 100vw, 900px\" \/><\/a>\n<h2>T\u00e4vlingsprogram SWE Cup 2026<\/h2>\n<ul>\n<li><strong>Race #1<\/strong>: Scratch-lopp Legends and Lava 1 varv (24,6 kilometer), 12 januari.<em> Start alla damklasser 18.30, alla herrklasser 19.45.<\/em><\/li>\n<li><strong>Race #2<\/strong>: Po\u00e4nglopp Muckle Yin 1 varv (23,4 kilometer), 19 januari. <em>Start alla herrklasser 18.30, alla damklasser 19.45.<\/em><\/li>\n<li><strong>Race #3<\/strong>: Crit-lopp, 26 januari. <em>Start alla damklasser 18.30, alla herrklasser 19.45.<\/em><br \/>\nCrit 1 Neokyo Crit Course 1 varv (4,6 kilometer)<br \/>\nCrit 2 Glasgow Reverse A\/B: 2 varv (7 kilometer) C\/D: 1,5 varv (5,7 km)<br \/>\nCrit 3 Loop de Loop 1 varv (12,6 kilometer)<\/li>\n<li><strong>Race #4<\/strong>: Scratch The Greenway A\/B: 1 varv (36,8 kilometer) C\/D: m\u00e5l vid Brooklyn Br. (27 kilometer), 2 februari. <em>Start alla herrklasser 18.30, alla damklasser 19.45.<\/em><\/li>\n<li><strong>Race #5<\/strong>: iTT-lopp (Individuellt tempolopp) Spinfinity 1 varv (20,1 kilometer), 9 februari. <em>Start alla damklasser 18.30, alla herrklasser 19.45.<\/em><\/li>\n<li><strong>Race #6<\/strong>: Crit-lopp, 16 februari. <em>Start alla herrklasser 18.30, alla damklasser 19.45.<\/em><br \/>\nCrit 1 Seaside Sprint A\/B: m\u00e5l vid vulkanbannern (5,65 kilometer) C\/D: finish vid JWB sprint (2,8 kilometer)<br \/>\nCrit 2 Volcano Circuit CCW 1 varv (8,9 kilometer)<br \/>\nCrit 3 Loopin Lava m\u00e5l vid Volcano KOM banner (13,5 kilometer)<\/li>\n<\/ul>\n<h3><strong>Po\u00e4ngsystem<\/strong><\/h3>\n<ul>\n<li><strong>KOM\/Sprint (Topp 10):<\/strong> 20, 17, 15, 13, 11, 9, 7, 5, 3, 1 po\u00e4ng.<\/li>\n<li><strong>M\u00e5lg\u00e5ng (Alla lopp utom &#8221;Tiny races&#8221;, topp 43):<br \/>\n<\/strong>Plats 1-10: 60, 55, 50, 47, 45, 43, 41, 39, 37, 35 po\u00e4ng.<br \/>\nPlats 11-43: Nedtrappande fr\u00e5n 34 po\u00e4ng till 2 po\u00e4ng.<br \/>\nPlats 44 och ned\u00e5t: 1 po\u00e4ng.<\/li>\n<li><em>Obs!<\/em> Endast <strong>FAL-po\u00e4ng<\/strong> (First Over Line) i po\u00e4ngloppet.<\/li>\n<\/ul>\n<h3>S\u00e5 r\u00e4knas totalpo\u00e4ngen i SWE Cup 2026<\/h3>\n<p><em>Totalen innefattar fyra discipliner.<\/em><\/p>\n<ul>\n<li><em>1x scratchlopp (antingen lopp 1 eller 4)<\/em><\/li>\n<li><em>1x po\u00e4nglopp (lopp 2)<\/em><\/li>\n<li><em>1x tiny-omg\u00e5ng (alla tre Crit-racen vid ett t\u00e4vlingstillf\u00e4lle r\u00e4knas, det med mest po\u00e4ng fr\u00e5n antingen lopp 3 eller 6 r\u00e4knas in i totalpo\u00e4ngen)<\/em><\/li>\n<li><em>1x iTT-lopp (lopp 5)<\/em><\/li>\n<\/ul>\n<h3><strong>Regler och beh\u00f6righet<\/strong><\/h3>\n<p><strong>Deltagande<\/strong><\/p>\n<ul>\n<li>Du m\u00e5ste ha en <strong>svensk licens<\/strong>\u00a0f\u00f6r att delta, utl\u00e4ndska cyklister med svenskt medborgarskap kan ocks\u00e5 deltaga.<\/li>\n<li>N\u00e5gon av f\u00f6ljande licens kr\u00e4vs:<br \/>\nSpecifik\u00a0<strong>E-cycling-licens<\/strong>. \u00c5rslicens, giltig t.o.m. 2026-12-31.<br \/>\n<strong>T\u00e4vlingslicens<\/strong> fr\u00e5n SCF. \u00c5rslicens.<br \/>\nDen bredare\u00a0<strong>Motionslicensen<\/strong>\u00a0kan ocks\u00e5 anv\u00e4ndas. \u00c5rslicens.<br \/>\n<strong>Eng\u00e5ngslicens<\/strong>, giltig dagen d\u00e5 respektive t\u00e4vling \u00e4ger rum.<\/li>\n<li><strong>Samtliga licenser<\/strong> tecknas p\u00e5 <em><strong><a href=\"http:\/\/licens.scf.se\">licens.scf.se<\/a><\/strong><\/em><\/li>\n<li>Registrering sker via <strong>Leadout Esports:<\/strong>\u00a0<em><strong><a href=\"https:\/\/leadoutesports.com\/login\">https:\/\/leadoutesports.com\/login<\/a><\/strong><\/em><\/li>\n<li>Zwift-kontot m\u00e5ste vara l\u00e4nkat till <strong>ZwiftPower<\/strong>.<\/li>\n<\/ul>\n<h3><strong>Utrustning och verifiering<\/strong><\/h3>\n<ul>\n<li><strong>Obligatorisk utrustning f\u00f6r alla kategorier:<\/strong> Smart trainer och\/eller Power Meter, pulsm\u00e4tare, kadensm\u00e4tare.<\/li>\n<li><strong>TT-cyklar<\/strong> \u00e4r endast till\u00e5tna i iTT-loppet.<\/li>\n<li><strong>Inga powerups<\/strong> \u00e4r till\u00e5tna.<\/li>\n<li><strong>Styrning<\/strong> (steering) \u00e4r avst\u00e4ngd.<\/li>\n<li><strong>Kategori-tvingande<\/strong> (Category Enforcement) \u00e4r p\u00e5slagen.<\/li>\n<li><strong>Ingen Zpower<\/strong> (dumma trainers utan effektm\u00e4tare) till\u00e5ts.<\/li>\n<\/ul>\n<h3><strong>S\u00e4rskilda krav f\u00f6r Kategori A (topp 10-verifiering)<\/strong><\/h3>\n<ul>\n<li><strong>Dual Recording (dubbelinspelning)<\/strong> \u00e4r ett krav. Smart trainer m\u00e5ste anv\u00e4ndas som prim\u00e4r effektk\u00e4lla.<\/li>\n<li>A-gruppen m\u00e5ste p\u00e5 beg\u00e4ran kunna tillhandah\u00e5lla: <strong>Smart trainer\/effektm\u00e4tare, pulsm\u00e4tare, dual recording och en viktvideo.<\/strong><\/li>\n<li>SCF kan beg\u00e4ra <strong>.fit-filer<\/strong> med utrustningsdata f\u00f6r stickprov.<\/li>\n<\/ul>\n<h3><strong>Varningar och diskvalifikation<\/strong><\/h3>\n<ul>\n<li>SCF kan utf\u00e4rda <strong>varningar<\/strong> eller <strong>diskvalifikationer<\/strong> vid avvikelser i data eller om regler bryts, utan att det n\u00f6dv\u00e4ndigtvis inneb\u00e4r misstanke om fusk.<\/li>\n<li>Upprepad diskvalifikation kan leda till uteslutning fr\u00e5n framtida lopp.<\/li>\n<li>Vid misstanke om fusk\/datamanipulation rapporteras detta till <strong>UCI<\/strong> och <strong>Zwift<\/strong>.<\/li>\n<\/ul>\n<h3><strong>S\u00e4ndningsr\u00e4ttigheter<\/strong><\/h3>\n<ul>\n<li><strong>SCF<\/strong> \u00e4ger s\u00e4ndningsr\u00e4ttigheterna f\u00f6r SWE Cup E-cycling och arbetar med <strong>Leadout<\/strong>.<\/li>\n<li>Deltagare f\u00e5r filma och streama sitt eget lopp\/avatar, men <strong>inte<\/strong> andra cyklister eller kategorier.<\/li>\n<li><strong>Ingen streaming\/kommentering, tr\u00e4nings- eller coachings\u00e4ndningar eller fanview \u00e4r till\u00e5tet<\/strong> f\u00f6r n\u00e5gra SWE Cup-lopp.<\/li>\n<\/ul>\n<h3><strong>Viktiga l\u00e4nkar f\u00f6r regler<\/strong><\/h3>\n<ul>\n<li><a href=\"https:\/\/cms2zwift.blog\/wp-content\/uploads\/2024\/08\/Zwift-World-Series-Rules-and-Regulations.pdf\"><em><strong>Zwift Cycling E-sports regler hittar ni h\u00e4r!<\/strong>\u00a0<\/em><\/a><\/li>\n<li><a href=\"https:\/\/www.uci.org\/docs\/default-source\/rules-and-regulations\/11.12-uci-cycling-esports-regulations-en-22.01.2020.pdf\"><em><strong>UCI:s E-cyclingregler finns h\u00e4r!<\/strong><\/em><\/a><\/li>\n<\/ul>\n<h3><strong>Resultat och st\u00e4llning<\/strong><\/h3>\n<ul>\n<li>Resultat publiceras p\u00e5 <strong>Leadout webbsida<\/strong> och <strong>Zwiftpower<\/strong>.<\/li>\n<li>En t\u00e4vlingsrapport kommer att finnas tillg\u00e4nglig p\u00e5 <strong>SCF.se<\/strong> efter loppen.<\/li>\n<\/ul>\n<h3><strong>Fr\u00e5gor till arrang\u00f6rerna<\/strong><\/h3>\n<ul>\n<li>Om ni har fr\u00e5gor st\u00e4lls dessa till SCF grengrupp E-cycling. De tv\u00e5 b\u00e4sta s\u00e4tten att f\u00e5 tag i grengruppen \u00e4r att antingen st\u00e4lla fr\u00e5gan p\u00e5 <em><a href=\"https:\/\/www.facebook.com\/groups\/448641101597589\"><strong>SWE Cycling E-cycling p\u00e5 Facebook <\/strong>(https:\/\/www.facebook.com\/groups\/448641101597589)<\/a> <\/em>eller mejla till: <a href=\"mailto:ecycling@scf.se\"><em><strong>ecycling@scf.se<\/strong><\/em><\/a><\/li>\n<\/ul>\n<p><em>Text: SCF<br \/>\nGrafik: zwift.com<\/em><\/p>\n","protected":false},"excerpt":{"rendered":"<p>Anm\u00e4lan till SWE Cup 2026 samt info om alla loppen finns h\u00e4r! H\u00e4r \u00e4r totalresultaten bland alla som fullf\u00f6ljde de fyra olika disciplinerna. * * * V\u00e4lkomna till Svenska Cykelf\u00f6rbundets SWE Cup 2026 presenterad av Bauhaus, Wahoo, Enervit, och Sportson. \u00c5rets SWE Cup inleds den 12 januari. Nu ska anm\u00e4lningsf\u00f6rfarandet fungera bra. Arrang\u00f6rerna har<a href=\"https:\/\/scf.se\/e-cycling\/swe-cup-e-cycling-2025-2026\/\" class=\"news-card__more\"> &#8230;<\/a><\/p>\n","protected":false},"author":30,"featured_media":0,"parent":0,"menu_order":0,"comment_status":"closed","ping_status":"closed","template":"","meta":{"_acf_changed":false,"footnotes":""},"class_list":["post-1864","page","type-page","status-publish","hentry"],"acf":[],"_links":{"self":[{"href":"https:\/\/scf.se\/e-cycling\/wp-json\/wp\/v2\/pages\/1864","targetHints":{"allow":["GET"]}}],"collection":[{"href":"https:\/\/scf.se\/e-cycling\/wp-json\/wp\/v2\/pages"}],"about":[{"href":"https:\/\/scf.se\/e-cycling\/wp-json\/wp\/v2\/types\/page"}],"author":[{"embeddable":true,"href":"https:\/\/scf.se\/e-cycling\/wp-json\/wp\/v2\/users\/30"}],"replies":[{"embeddable":true,"href":"https:\/\/scf.se\/e-cycling\/wp-json\/wp\/v2\/comments?post=1864"}],"version-history":[{"count":40,"href":"https:\/\/scf.se\/e-cycling\/wp-json\/wp\/v2\/pages\/1864\/revisions"}],"predecessor-version":[{"id":2049,"href":"https:\/\/scf.se\/e-cycling\/wp-json\/wp\/v2\/pages\/1864\/revisions\/2049"}],"wp:attachment":[{"href":"https:\/\/scf.se\/e-cycling\/wp-json\/wp\/v2\/media?parent=1864"}],"curies":[{"name":"wp","href":"https:\/\/api.w.org\/{rel}","templated":true}]}}