
{"id":166,"date":"2020-11-11T09:39:30","date_gmt":"2020-11-11T08:39:30","guid":{"rendered":"http:\/\/scf.se\/e-cycling\/?page_id=166"},"modified":"2020-11-11T09:39:30","modified_gmt":"2020-11-11T08:39:30","slug":"swe-cup-e-cycling-pa-zwift","status":"publish","type":"page","link":"https:\/\/scf.se\/e-cycling\/swe-cup-e-cycling-pa-zwift\/","title":{"rendered":"SWE Cup e-cycling p\u00e5 Zwift"},"content":{"rendered":"<p><strong>T\u00e4vlingsprogrammet SCF SWE Cup series p\u00e5 Zwift v\u00e5ren 2020<\/strong><\/p>\n<p><strong>Men\u2019s Race:<\/strong><\/p>\n<p>#1 &#8211; 9 januari kl 19.00:\u00a0\u00a0<a href=\"https:\/\/zwift.com\/events\/view\/282311\">https:\/\/zwift.com\/events\/view\/282311<\/a><br \/>\n#2 &#8211; 23 januari kl 19.00:\u00a0<a href=\"https:\/\/zwift.com\/events\/view\/282316\">https:\/\/zwift.com\/events\/view\/282316<\/a><br \/>\n#3 &#8211; 6 februari kl 19.00:\u00a0<a href=\"https:\/\/zwift.com\/events\/view\/282319\">https:\/\/zwift.com\/events\/view\/282319<\/a><br \/>\n#4 &#8211; 20 februari kl 19.00:\u00a0<a href=\"https:\/\/zwift.com\/events\/view\/282320\">https:\/\/zwift.com\/events\/view\/282320<\/a><br \/>\n#5 &#8211; 5 mars kl 19.00:\u00a0<a href=\"https:\/\/zwift.com\/events\/view\/282321\">https:\/\/zwift.com\/events\/view\/282321<\/a><\/p>\n<p><strong>Women\u2019s Race:<\/strong><\/p>\n<p>#1 &#8211; 9 januari kl 20.30:\u00a0<a href=\"https:\/\/zwift.com\/events\/view\/282323\">https:\/\/zwift.com\/events\/view\/282323<\/a><br \/>\n#2 &#8211; 23 januari kl 20.30:\u00a0<a href=\"https:\/\/zwift.com\/events\/view\/282325\">https:\/\/zwift.com\/events\/view\/282325<\/a><br \/>\n#3 &#8211; 6 februari kl 20.30:\u00a0<a href=\"https:\/\/zwift.com\/events\/view\/282326\">https:\/\/zwift.com\/events\/view\/282326<\/a><br \/>\n#4 &#8211; 20 februari kl 20.30:\u00a0<a href=\"https:\/\/zwift.com\/events\/view\/282327\">https:\/\/zwift.com\/events\/view\/282327<\/a><br \/>\n#5 &#8211; 5 mars kl 20.30:\u00a0<a href=\"https:\/\/zwift.com\/events\/view\/282328\">https:\/\/zwift.com\/events\/view\/282328<\/a><\/p>\n<p><strong><br \/>\nPre-race rides:<\/strong><\/p>\n<p>Varje m\u00e5ndag (j\u00e4mn vecka) under SWE Cup-s\u00e4songen anordnas ett pre-race d\u00e4r cyklisterna kan provcykla veckans bana. Pre-racen startar 19.00 och \u00e4r \u00f6ppen f\u00f6r b\u00e5de m\u00e4n och kvinnor.<\/p>\n<p>M\u00e5ndag 6 januari kl 19.00:\u00a0<a href=\"https:\/\/zwift.com\/events\/view\/282331\">https:\/\/zwift.com\/events\/view\/282331<\/a><br \/>\nM\u00e5ndag 20 januari kl 19.00:\u00a0<a href=\"https:\/\/zwift.com\/events\/view\/282334\">https:\/\/zwift.com\/events\/view\/282334<\/a><br \/>\nM\u00e5ndag 3 februari kl 19.00:\u00a0<a href=\"https:\/\/zwift.com\/events\/view\/282335\">https:\/\/zwift.com\/events\/view\/282335<\/a><br \/>\nM\u00e5ndag 17 februari kl 19.00:\u00a0<a href=\"https:\/\/zwift.com\/events\/view\/282336\">https:\/\/zwift.com\/events\/view\/282336<\/a><br \/>\nM\u00e5ndag 2 mars kl 19.00:\u00a0<a href=\"https:\/\/zwift.com\/events\/view\/282337\">https:\/\/zwift.com\/events\/view\/282337<\/a><\/p>\n<p>Resultaten i SWE Cup Series kommer sammanst\u00e4llas p\u00e5 Zwifts egen sida zwiftpower. F\u00f6lj l\u00e4nkarna nedan f\u00f6r att hitta r\u00e4tt. Endast svenska cyklister kommer finnas med i resultaten.<\/p>\n<p>SCF SWE Cup Racing League Men<br \/>\n<a href=\"https:\/\/zwiftpower.com\/league.php?id=238\">https:\/\/zwiftpower.com\/league.php?id=238<\/a><\/p>\n<p>SCF SWE Cup Women&#8217;s Racing League<br \/>\n<a href=\"https:\/\/zwiftpower.com\/league.php?id=239\">https:\/\/zwiftpower.com\/league.php?id=239<\/a><\/p>\n<p>F\u00f6r att delta i SWE Cup e-cycling kr\u00e4vs att deltagaren har en <a href=\"https:\/\/scf.se\/forbundet\/ansokan-for-licens-2020-ar-oppen\/\">t\u00e4vlingslicens<\/a> utf\u00e4rdad av Svenska Cykelf\u00f6rbundet. Eller s\u00e5 kan man g\u00e5 med i SCF:s virtuella community <a href=\"https:\/\/scf.se\/swe-cycling-club\/\">Swecycling Club<\/a> och teckna ett kostnadsfritt medlemskap.<\/p>\n<p>Symboliska priser delas ut till de b\u00e4sta cyklisterna i varje klass. Prisutdelningen kommer ske i samband med Svenska Cykelm\u00e4ssan den 22 mars d\u00e5 vi \u00e4ven kommer arrangera en inbjudningst\u00e4vling med n\u00e5gra de b\u00e4sta cyklisterna fr\u00e5n SWE Cup e-cycling som kommer m\u00f6ta tv\u00e5 wild cards i form av en elitcyklist fr\u00e5n landsv\u00e4g och en fr\u00e5n mtb.<\/p>\n<p><strong>Resultat SCF SWE Cup Racing League\u00a0 (Topp tre i samtliga klasser)<\/strong><\/p>\n<p><strong>Grupp A Herrar<\/strong><\/p>\n<p>1:a Ulf B\u00e4cker 162 po\u00e4ng<\/p>\n<p>2:a P\u00e4r B\u00e4cker 152 po\u00e4ng<\/p>\n<p>3:a Johan Nor\u00e9n 131 po\u00e4ng<\/p>\n<p><strong>Grupp B Herrar<\/strong><\/p>\n<p>1:a Anders J\u00f6nsson 116 p<\/p>\n<p>2:a Henrik Andersson 103 p<\/p>\n<p>3:a Joakim Nordqvist 96 p<\/p>\n<p><strong>Grupp C Herrar<\/strong><\/p>\n<p>1:a Christian Olsson KCK 151 p<\/p>\n<p>2:a \u00a0Robin Bessing TUG CK 126 p<\/p>\n<p>3:a Jimmy Drufva 125 p<\/p>\n<p><strong>Grupp D herrar<\/strong><\/p>\n<p>1:a Auris Pelanis 71 p<\/p>\n<p>2:a Martin Bj\u00f6rgvik 66 p<\/p>\n<p>3:a Eric Oberg 58 p<\/p>\n<p><strong>Grupp A Damer<\/strong><\/p>\n<p>1:a Jessica Edqvist 66 p<\/p>\n<p>2:a Jonna Olin 53 p<\/p>\n<p>3:a Marlene Bj\u00e4rehed 51 p<\/p>\n<p><strong>Grupp B Damer<\/strong><\/p>\n<p>1:a Anna Embring 58 p<\/p>\n<p>2:a Carina Winell 37 p<\/p>\n<p>3:a Matilda Johansson 36 p<\/p>\n<p><strong>Grupp C Damer<\/strong><\/p>\n<p>1:a Maria Svensson 93 p<\/p>\n<p>2:a Therese Kaldegard 83 p<\/p>\n<p>3:a Emma Juslin 81 p<\/p>\n<p><strong>Grupp D Damer<\/strong><\/p>\n<p>1:a Susanne Nystrand 11 p<\/p>\n<p>2:a Puck Linda Engstr\u00f6m 11 p<\/p>\n<p>3:a Anneli Lidman 6 p<\/p>\n<p><strong>F\u00f6lj l\u00e4nkarna f\u00f6r slutresultat<\/strong><\/p>\n<p>Herrar A, B, C, D, resultat h\u00e4r:\u00a0<a href=\"https:\/\/www.zwiftpower.com\/league.php?id=238\">https:\/\/www.zwiftpower.com\/league.php?id=238<\/a><\/p>\n<p>Damer A, B, C, D, resultat h\u00e4r:\u00a0<a href=\"https:\/\/www.zwiftpower.com\/league.php?id=239\">https:\/\/www.zwiftpower.com\/league.php?id=239<\/a><\/p>\n","protected":false},"excerpt":{"rendered":"<p>T\u00e4vlingsprogrammet SCF SWE Cup series p\u00e5 Zwift v\u00e5ren 2020 Men\u2019s Race: #1 &#8211; 9 januari kl 19.00:\u00a0\u00a0https:\/\/zwift.com\/events\/view\/282311 #2 &#8211; 23 januari kl 19.00:\u00a0https:\/\/zwift.com\/events\/view\/282316 #3 &#8211; 6 februari kl 19.00:\u00a0https:\/\/zwift.com\/events\/view\/282319 #4 &#8211; 20 februari kl 19.00:\u00a0https:\/\/zwift.com\/events\/view\/282320 #5 &#8211; 5 mars kl 19.00:\u00a0https:\/\/zwift.com\/events\/view\/282321 Women\u2019s Race: #1 &#8211; 9 januari kl 20.30:\u00a0https:\/\/zwift.com\/events\/view\/282323 #2 &#8211; 23 januari kl<a href=\"https:\/\/scf.se\/e-cycling\/swe-cup-e-cycling-pa-zwift\/\" class=\"news-card__more\"> &#8230;<\/a><\/p>\n","protected":false},"author":41,"featured_media":0,"parent":0,"menu_order":0,"comment_status":"closed","ping_status":"closed","template":"","meta":{"_acf_changed":false,"footnotes":""},"class_list":["post-166","page","type-page","status-publish","hentry"],"acf":[],"_links":{"self":[{"href":"https:\/\/scf.se\/e-cycling\/wp-json\/wp\/v2\/pages\/166","targetHints":{"allow":["GET"]}}],"collection":[{"href":"https:\/\/scf.se\/e-cycling\/wp-json\/wp\/v2\/pages"}],"about":[{"href":"https:\/\/scf.se\/e-cycling\/wp-json\/wp\/v2\/types\/page"}],"author":[{"embeddable":true,"href":"https:\/\/scf.se\/e-cycling\/wp-json\/wp\/v2\/users\/41"}],"replies":[{"embeddable":true,"href":"https:\/\/scf.se\/e-cycling\/wp-json\/wp\/v2\/comments?post=166"}],"version-history":[{"count":0,"href":"https:\/\/scf.se\/e-cycling\/wp-json\/wp\/v2\/pages\/166\/revisions"}],"wp:attachment":[{"href":"https:\/\/scf.se\/e-cycling\/wp-json\/wp\/v2\/media?parent=166"}],"curies":[{"name":"wp","href":"https:\/\/api.w.org\/{rel}","templated":true}]}}