
{"id":16,"date":"2020-09-08T08:35:33","date_gmt":"2020-09-08T06:35:33","guid":{"rendered":"http:\/\/scf.se\/e-cycling\/?page_id=16"},"modified":"2021-03-09T08:55:47","modified_gmt":"2021-03-09T07:55:47","slug":"swe-cup","status":"publish","type":"page","link":"https:\/\/scf.se\/e-cycling\/event\/swe-cup\/","title":{"rendered":"SWE CUP 2021"},"content":{"rendered":"<p><strong>T\u00e4vlingsprogrammet SCF SWE Cup series p\u00e5 Zwift v\u00e5ren 2021<\/strong><\/p>\n<p><strong>Damer<br \/>\n<\/strong><em>Premi\u00e4r 11 januari 2021 &#8211; tio cupomg\u00e5ngar<\/em><\/p>\n<p><strong>#1: 11 januari kl 20:00. France &#8211; Douce France 40km (drygt ett och ett halvt varv)<\/strong><br \/>\nAnm\u00e4lan:<a href=\"https:\/\/www.zwift.com\/events\/tag\/scf\/view\/1484857\">\u00a0https:\/\/www.zwift.com\/events\/tag\/scf\/view\/1484857<\/a><br \/>\nResultat: <a href=\"https:\/\/www.zwiftpower.com\/events.php?zid=1484857\">https:\/\/www.zwiftpower.com\/events.php?zid=1484857<\/a><\/p>\n<p><strong>#2: 18 januari kl 18:30 New York &#8211; NYC KOM after party<br \/>\n<\/strong>Anm\u00e4lan:\u00a0<a href=\"https:\/\/www.zwift.com\/events\/view\/1523078\">https:\/\/www.zwift.com\/events\/view\/1523078<\/a><br \/>\nResultat:<a href=\"https:\/\/www.zwiftpower.com\/events.php?zid=1523078\"> https:\/\/www.zwiftpower.com\/events.php?zid=1523078<\/a><\/p>\n<p><strong>#3: 25 januari kl 20:00. Watopia &#8211; Hilly route reverse 3 laps<\/strong><br \/>\nResultat:<a href=\"https:\/\/www.zwiftpower.com\/events.php?zid=1570826\"> https:\/\/www.zwiftpower.com\/events.php?zid=1570826<\/a><\/p>\n<p><strong>#4: 1 februari kl 18:30. Crit City &#8211; Downtown Dolphins 15 laps<\/strong><br \/>\nResultat: <a href=\"https:\/\/www.zwiftpower.com\/events.php?zid=1619484\">https:\/\/www.zwiftpower.com\/events.php?zid=1619484<\/a><\/p>\n<p><strong>#5: 8 februari kl 20:00. Watopia &#8211; Figure 8 Reverse 1 lap<\/strong><br \/>\nResultat: <a href=\"https:\/\/www.zwiftpower.com\/events.php?zid=1668475\">https:\/\/www.zwiftpower.com\/events.php?zid=1668475<\/a><\/p>\n<p><strong>#6: 15 februari kl 18:30. Watopia &#8211; Seaside Sprint 5 laps<br \/>\n<\/strong>Resultat: <a href=\"https:\/\/www.zwiftpower.com\/events.php?zid=1718172\">https:\/\/www.zwiftpower.com\/events.php?zid=1718172<\/a><\/p>\n<p><strong>#7: 22 februari kl 20:00. France &#8211; Roule ma Poule 1 lap<br \/>\n<\/strong>Resultat<strong>: <\/strong><a href=\"https:\/\/www.zwiftpower.com\/events.php?zid=1768617\">https:\/\/www.zwiftpower.com\/events.php?zid=1768617<\/a><\/p>\n<p><strong>#8: 1 mars kl 18:30. London &#8211; London greater flat 3 lasp<br \/>\n<\/strong>Resultat: <a href=\"https:\/\/www.zwiftpower.com\/events.php?zid=1811153\">https:\/\/www.zwiftpower.com\/events.php?zid=1811153<\/a><\/p>\n<p><strong>#9: 8 mars kl 20:00. Paris &#8211; Champs Elysees 5 laps<br \/>\n<\/strong>Resultat: <a href=\"https:\/\/www.zwiftpower.com\/events.php?zid=1858635\">https:\/\/www.zwiftpower.com\/events.php?zid=1858635<\/a><\/p>\n<p><strong>#10: 15 mars kl 18:30. Yorkshire &#8211; UCI Harrogate Circuit 2 laps<\/strong><\/p>\n<p><strong>Herrar<br \/>\n<\/strong><em>Premi\u00e4r 11 januari 2021 &#8211; tio cupomg\u00e5ngar<\/em><\/p>\n<p><strong>#1: 11 januari kl 18:45. France &#8211; Douce France 40km (drygt ett och ett halvt varv)<\/strong><br \/>\nAnm\u00e4lan: <a href=\"https:\/\/www.zwift.com\/events\/tag\/scf\/view\/1484836\">https:\/\/www.zwift.com\/events\/tag\/scf\/view\/1484836<\/a><br \/>\nResultat: <a href=\"https:\/\/www.zwiftpower.com\/events.php?zid=1484836\">https:\/\/www.zwiftpower.com\/events.php?zid=1484836<\/a><\/p>\n<p><strong>#2: 18 januari kl 20:00. New York &#8211; NYC KOM after party<br \/>\n<\/strong>Anm\u00e4lan: <a href=\"https:\/\/www.zwift.com\/events\/view\/1523068\">https:\/\/www.zwift.com\/events\/view\/1523068<\/a><br \/>\nResultat: <a href=\"https:\/\/www.zwiftpower.com\/events.php?zid=1523068\">https:\/\/www.zwiftpower.com\/events.php?zid=1523068<\/a><\/p>\n<p><strong>#3: 25 januari kl 18:30. Watopia &#8211; Hilly route reverse 3 laps<\/strong><br \/>\nResultat: <a href=\"https:\/\/www.zwiftpower.com\/events.php?zid=1570825\">https:\/\/www.zwiftpower.com\/events.php?zid=1570825<\/a><\/p>\n<p><strong>#4: 1 februari kl 20:00. Crit City &#8211; Downtown Dolphins 15 laps<\/strong><br \/>\nResultat: <a href=\"https:\/\/www.zwiftpower.com\/events.php?zid=1619475\">https:\/\/www.zwiftpower.com\/events.php?zid=1619475<\/a><\/p>\n<p><strong>#5: 8 februari kl 18:30. Watopia &#8211; Figure 8 Reverse 1 lap<\/strong><br \/>\nResultat: <a href=\"https:\/\/www.zwiftpower.com\/events.php?zid=1668382\">https:\/\/www.zwiftpower.com\/events.php?zid=1668382<\/a><\/p>\n<p><strong>#6: 15 februari kl 20:00. Watopia &#8211; Seaside Sprint 5 laps<br \/>\n<\/strong>Resultat: <a href=\"https:\/\/www.zwiftpower.com\/events.php?zid=1718165\">https:\/\/www.zwiftpower.com\/events.php?zid=1718165<\/a><\/p>\n<p><strong>#7: 22 februari kl 18:30. France &#8211; Roule ma Poule 1 lap<br \/>\n<\/strong>Resultat: <a href=\"https:\/\/www.zwiftpower.com\/events.php?zid=1768603\">https:\/\/www.zwiftpower.com\/events.php?zid=1768603<\/a><\/p>\n<p><strong>#8: 1 mars kl 20:00. London &#8211; London greater flat 3 lasp<br \/>\n<\/strong>Resultat: <a href=\"https:\/\/www.zwiftpower.com\/events.php?zid=1811149\">https:\/\/www.zwiftpower.com\/events.php?zid=1811149<\/a><\/p>\n<p><strong>#9: 8 mars kl 18:30. Paris &#8211; Champs Elysees 5 laps<br \/>\n<\/strong>Resultat:<a href=\"https:\/\/www.zwiftpower.com\/events.php?zid=1858658\">https:\/\/www.zwiftpower.com\/events.php?zid=1858658<\/a><\/p>\n<p><strong>#10: 15 mars kl 20:00. Yorkshire &#8211; UCI Harrogate Circuit 2 laps<\/strong><\/p>\n<p>&nbsp;<\/p>\n<p><strong>Resultat SCF SWE Cup #1 \u2013 11 januari 2020<\/strong><\/p>\n<p>Herrar:\u00a0<a href=\"https:\/\/www.zwiftpower.com\/events.php?zid=1484836\">https:\/\/www.zwiftpower.com\/events.php?zid=1484836<\/a><\/p>\n<p>&nbsp;<\/p>\n<p>&nbsp;<\/p>\n<h3><strong>T\u00e4vlingsregler SCF SWE Cup e-cycling 2021<\/strong><\/h3>\n<ul>\n<li>F\u00f6r att delta i SCF SWE Cup e-cycling beh\u00f6ver deltagaren ha en giltig <a href=\"https:\/\/scf.se\/forbundet\/ansokan-for-licens-2020-ar-oppen\/\">t\u00e4vlingslicens<\/a> utf\u00e4rdad av Svenska Cykelf\u00f6rbundet.<\/li>\n<li>Vi godk\u00e4nner \u00e4ven att deltagaren har ett bronsmedlemskap i SCF:s virtuella community <a href=\"https:\/\/scf.se\/swe-cycling-club\/\"> Swecycling Club<\/a>. Det medlemskapet \u00e4r kostnadsfritt.<\/li>\n<li>Deltagare utan licens eller medlemskap kan delta i loppen men kommer inte registreras f\u00f6r po\u00e4ng.<\/li>\n<li>Samtliga deltagare kommer i efterhand kontrolleras att de har en giltig t\u00e4vlingslicens eller bronsmedlemskap i SweCycling Club.<\/li>\n<li>Om du inte har en smart trainer eller wattm\u00e4tare kan du inte vinna i respektive klass, men kan medverka utan att f\u00e5 ett godk\u00e4nt resultat.<\/li>\n<li>Inga TT cyklar eller power-ups kommer att anv\u00e4ndas i cupen.<\/li>\n<li>Pulsm\u00e4tare \u00e4r obligatorisk f\u00f6r alla.<\/li>\n<li>Deltagarens data m\u00e5ste vara korrekt registrerad p\u00e5 Zwiftpower.<\/li>\n<li>Ange g\u00e4rna klubbtillh\u00f6righet<\/li>\n<li>Zwift kommer dela in deltagarna i SWE Cup e-cycling i fyra olika klasser. Klassificeringen bygger p\u00e5 deltagarens FTP (Functional Threshold Power) allts\u00e5 hur m\u00e5nga watt som cyklisten kan trycka per kilo kroppsvikt.<\/li>\n<li>Watt\/kg fastst\u00e4lls genom ett FTP-test som deltagarna sj\u00e4lv m\u00e5ste g\u00f6ra innan man registrerar sig. Zwift har r\u00e4tt att plocka bort deltagare som angett fel FTP.<\/li>\n<li>Enklaste s\u00e4ttet att anm\u00e4la sig till SWE Cup \u00e4r via companion-appen. Men man kan ocks\u00e5 g\u00e5 in p\u00e5 <a href=\"https:\/\/www.zwift.com\/events\">https:\/\/www.zwift.com\/events <\/a>och hitta v\u00e5ra event. Det g\u00e5r ocks\u00e5 bra att s\u00f6ka efter #SCF i events.<\/li>\n<\/ul>\n<p>&nbsp;<\/p>\n<p><strong>T\u00e4vlingsklasser i Zwift<\/strong><\/p>\n<p><em><strong>Herrar<\/strong><\/em><\/p>\n<ul>\n<li>A: 4+ w\/kg<\/li>\n<li>B: 3.2 \u2013 3.9 w\/kg<\/li>\n<li>C: 2.5 \u2013 3,1 w\/kg<\/li>\n<li>D: 1 \u2013 2.4 w\/kg<\/li>\n<li>E: \u00d6ppen klass<\/li>\n<\/ul>\n<p><em><strong>Damer<\/strong><\/em><\/p>\n<ul>\n<li>&gt;3.7 W\/kg<\/li>\n<li>2W\/kg \u2013 3.69 W\/kg FTP<\/li>\n<li>5W\/kg \u2013 3.19 W\/kg FTP<\/li>\n<li>Under 2.49 W\/kg FTP<\/li>\n<\/ul>\n","protected":false},"excerpt":{"rendered":"<p>T\u00e4vlingsprogrammet SCF SWE Cup series p\u00e5 Zwift v\u00e5ren 2021 Damer Premi\u00e4r 11 januari 2021 &#8211; tio cupomg\u00e5ngar #1: 11 januari kl 20:00. France &#8211; Douce France 40km (drygt ett och ett halvt varv) Anm\u00e4lan:\u00a0https:\/\/www.zwift.com\/events\/tag\/scf\/view\/1484857 Resultat: https:\/\/www.zwiftpower.com\/events.php?zid=1484857 #2: 18 januari kl 18:30 New York &#8211; NYC KOM after party Anm\u00e4lan:\u00a0https:\/\/www.zwift.com\/events\/view\/1523078 Resultat: https:\/\/www.zwiftpower.com\/events.php?zid=1523078 #3: 25 januari<a href=\"https:\/\/scf.se\/e-cycling\/event\/swe-cup\/\" class=\"news-card__more\"> &#8230;<\/a><\/p>\n","protected":false},"author":41,"featured_media":0,"parent":7,"menu_order":0,"comment_status":"closed","ping_status":"closed","template":"","meta":{"_acf_changed":false,"footnotes":""},"class_list":["post-16","page","type-page","status-publish","hentry"],"acf":[],"_links":{"self":[{"href":"https:\/\/scf.se\/e-cycling\/wp-json\/wp\/v2\/pages\/16","targetHints":{"allow":["GET"]}}],"collection":[{"href":"https:\/\/scf.se\/e-cycling\/wp-json\/wp\/v2\/pages"}],"about":[{"href":"https:\/\/scf.se\/e-cycling\/wp-json\/wp\/v2\/types\/page"}],"author":[{"embeddable":true,"href":"https:\/\/scf.se\/e-cycling\/wp-json\/wp\/v2\/users\/41"}],"replies":[{"embeddable":true,"href":"https:\/\/scf.se\/e-cycling\/wp-json\/wp\/v2\/comments?post=16"}],"version-history":[{"count":0,"href":"https:\/\/scf.se\/e-cycling\/wp-json\/wp\/v2\/pages\/16\/revisions"}],"up":[{"embeddable":true,"href":"https:\/\/scf.se\/e-cycling\/wp-json\/wp\/v2\/pages\/7"}],"wp:attachment":[{"href":"https:\/\/scf.se\/e-cycling\/wp-json\/wp\/v2\/media?parent=16"}],"curies":[{"name":"wp","href":"https:\/\/api.w.org\/{rel}","templated":true}]}}