
{"id":15,"date":"2021-01-18T08:35:20","date_gmt":"2021-01-18T07:35:20","guid":{"rendered":"http:\/\/scf.se\/e-cycling\/?page_id=15"},"modified":"2021-04-06T10:33:09","modified_gmt":"2021-04-06T08:33:09","slug":"social-rides","status":"publish","type":"page","link":"https:\/\/scf.se\/e-cycling\/event\/social-rides\/","title":{"rendered":"SOCIAL RIDES"},"content":{"rendered":"<p><strong>S\u00f6ndagen den 25 april kockan 18:00<\/strong><\/p>\n<p>SCF Social Ride &#8211; Tillsammans f\u00f6r fler i r\u00f6relse<\/p>\n<p>H\u00e4ng med Samuel Br\u00e4nnlund och Cecilia Hansen p\u00e5 en Social Ride. En hel del \u00f6verraskningar utlovas under turen och du kan sj\u00e4lvklart st\u00e4lla fr\u00e5gor till v\u00e5ra duktiga Zwiftare under f\u00e4rden:\u00a0 <a href=\"https:\/\/www.zwift.com\/events\/tag\/scf\/view\/1925964?__znl=en-eu\">L\u00c4S MER<\/a><\/p>\n<p><strong>Tisdagar 23 mars &#8211; 20 april 2021<\/strong><\/p>\n<p>Nu k\u00f6r vi en forts\u00e4ttning p\u00e5 SCF Paracykel Social ride och arrangerar fem event kl 19:10 varje tisdagskv\u00e4ll mellan 23 mars och 20 april. <a href=\"https:\/\/scf.se\/paracykel\/para-arrangerar-ytterligare-social-rides-pa-zwift-fran-23-mars\/\">L\u00c4S MER<\/a><\/p>\n<p><strong>23 februari 2021 klockan 19.10<\/strong><\/p>\n<p>SCF Paracykel Social Ride. V\u00e4lkommen till Svenska Cykelf\u00f6rbundet och Paracykling. Detta evenemang \u00e4r en social ride\u00a0 f\u00f6r att fr\u00e4mja m\u00f6jligheterna f\u00f6r paracyklister och klubbar att tr\u00e4na med andra. \u00d6ppen f\u00f6r alla som \u00e4r nyfikna p\u00e5 Paracykel. Passa p\u00e5 och st\u00e4ll fr\u00e5gor till v\u00e5ra duktiga landslagscyklister i paralandslaget. <a href=\"https:\/\/scf.se\/paracykel\/hang-med-pa-scf-paracykel-social-ride-oppen-for-alla\/\">L\u00c4S MER<\/a><\/p>\n<p><strong>31 januari 2021 klockan 18.00<\/strong><\/p>\n<p>Svenska Cykelf\u00f6rbundet v\u00e4lkomnar alla tjejer till en social ride tillsammans med v\u00e5ra duktiga VM-cyklister Cecilia Hansen och Emma Belforth.<a href=\"https:\/\/scf.se\/e-cycling\/2021\/01\/28\/hang-med-pa-social-ride-med-emma-och-cecilia\/\"> L\u00c4S MER<\/a><\/p>\n<p><strong>28 december 2020 klockan 12:00-13:00:<\/strong><\/p>\n<p>Social Ride med Alexander Wetterhall, assisterande f\u00f6rbundskapten f\u00f6r landsv\u00e4g och erfaren zwiftare. L\u00c4S MER: <a href=\"https:\/\/scf.se\/landsvag\/sa-lyckas-du-pa-zwift-wetterhalls-tips-for-att-bli-en-bra-e-sportcyklist\/\">S\u00e5 lyckas du p\u00e5 Zwift &#8211; Wetterhalls b\u00e4sta tips<\/a><\/p>\n<p>&nbsp;<\/p>\n<p>&nbsp;<\/p>\n","protected":false},"excerpt":{"rendered":"<p>S\u00f6ndagen den 25 april kockan 18:00 SCF Social Ride &#8211; Tillsammans f\u00f6r fler i r\u00f6relse H\u00e4ng med Samuel Br\u00e4nnlund och Cecilia Hansen p\u00e5 en Social Ride. En hel del \u00f6verraskningar utlovas under turen och du kan sj\u00e4lvklart st\u00e4lla fr\u00e5gor till v\u00e5ra duktiga Zwiftare under f\u00e4rden:\u00a0 L\u00c4S MER Tisdagar 23 mars &#8211; 20 april 2021<a href=\"https:\/\/scf.se\/e-cycling\/event\/social-rides\/\" class=\"news-card__more\"> &#8230;<\/a><\/p>\n","protected":false},"author":41,"featured_media":0,"parent":7,"menu_order":0,"comment_status":"closed","ping_status":"closed","template":"","meta":{"_acf_changed":false,"footnotes":""},"class_list":["post-15","page","type-page","status-publish","hentry"],"acf":[],"_links":{"self":[{"href":"https:\/\/scf.se\/e-cycling\/wp-json\/wp\/v2\/pages\/15","targetHints":{"allow":["GET"]}}],"collection":[{"href":"https:\/\/scf.se\/e-cycling\/wp-json\/wp\/v2\/pages"}],"about":[{"href":"https:\/\/scf.se\/e-cycling\/wp-json\/wp\/v2\/types\/page"}],"author":[{"embeddable":true,"href":"https:\/\/scf.se\/e-cycling\/wp-json\/wp\/v2\/users\/41"}],"replies":[{"embeddable":true,"href":"https:\/\/scf.se\/e-cycling\/wp-json\/wp\/v2\/comments?post=15"}],"version-history":[{"count":0,"href":"https:\/\/scf.se\/e-cycling\/wp-json\/wp\/v2\/pages\/15\/revisions"}],"up":[{"embeddable":true,"href":"https:\/\/scf.se\/e-cycling\/wp-json\/wp\/v2\/pages\/7"}],"wp:attachment":[{"href":"https:\/\/scf.se\/e-cycling\/wp-json\/wp\/v2\/media?parent=15"}],"curies":[{"name":"wp","href":"https:\/\/api.w.org\/{rel}","templated":true}]}}