
{"id":1438,"date":"2024-11-20T15:21:00","date_gmt":"2024-11-20T14:21:00","guid":{"rendered":"https:\/\/scf.se\/e-cycling\/?page_id=1438"},"modified":"2024-11-28T14:00:01","modified_gmt":"2024-11-28T13:00:01","slug":"swe-cup-e-cycling-2024-2025","status":"publish","type":"page","link":"https:\/\/scf.se\/e-cycling\/swe-cup-e-cycling-2024-2025\/","title":{"rendered":"SWE Cup E-cycling 2024\u201325"},"content":{"rendered":"<h2><strong>V\u00e4lkommen till Svenska Cykelf\u00f6rbundets SWE Cup E-cycling presenterat av, Bauhaus, Wahoo, Enervit, Lactigo, Sportson och Swedish Zwift Riders! <\/strong><\/h2>\n<p>Nedan presenterar vi de sex t\u00e4vlingsdagarna och vilka banor de g\u00e5r p\u00e5. Nytt f\u00f6r i \u00e5r \u00e4r att SWE Cycling E-cycling har en\u00a0<strong><a href=\"https:\/\/www.facebook.com\/groups\/448641101597589\/\"><em>egen Facebook-grupp<\/em><\/a><\/strong>. H\u00e4r finns m\u00f6jlighet att diskutera och st\u00e4lla fr\u00e5gor om allt som har med SWE Cup E-cycling att g\u00f6ra och \u00f6vriga lopp som arrangeras av SWE Cycling. Som tidigare \u00e5r beh\u00f6ver deltagaren ha en giltig <a href=\"https:\/\/scf.se\/e-cycling\/e-cyclinglicens\/\"><strong><em>licens<\/em><\/strong><\/a> f\u00f6r att delta i SWE Cup E-cycling och f\u00e5r d\u00e5 automatiskt Cardskipper-appen d\u00e4r l\u00e4nkarna l\u00e4ggs ut n\u00e5gra dagar innan varje delt\u00e4vling.<\/p>\n<p>Missa inte<em>\u00a0<strong>lives\u00e4ndningen<\/strong><\/em>\u00a0fr\u00e5n\u00a0<a href=\"https:\/\/www.youtube.com\/user\/Swecycling\"><em><strong>SWE Cyclings Youtube-plattform<\/strong>\u00a0<\/em><\/a>som startar ca 18.15 med genomg\u00e5ng av banan, intervjuer med cyklister, livebes\u00f6k p\u00e5 cykelbutiker, intressanta f\u00f6rel\u00e4sningar, sp\u00e4nnande erbjudanden och mycket mer! Sj\u00e4lvklart s\u00e5 s\u00e4nder vi b\u00e5de fr\u00e5n dam- och herrlopp. Det g\u00e5r ocks\u00e5 att se s\u00e4ndningen via l\u00e4nk p\u00e5 SWE Cyclings Facebook-plattform.<\/p>\n<h2>Dagar och banor f\u00f6r SWE Cup 2024\u201325<\/h2>\n<h3>Race 1, 2 december\u00a0 \u2013 iTT<\/h3>\n<ul>\n<li><strong>Tick Tock<\/strong>\u00a0(16,8 km) \u2013 C, D-klass.<strong><em>\u00a0<a href=\"https:\/\/zwiftinsider.com\/route\/tick-tock\/\">L\u00e4nk till bana<\/a>.<\/em><\/strong><\/li>\n<li><strong>Watopia\u2019s Waistband<\/strong>\u00a0(25,4 km) \u2013 A, B, E-klass.\u00a0<em><strong><a href=\"https:\/\/zwiftinsider.com\/route\/watopias-waistband\/\">L\u00e4nk till bana<\/a>.<br \/>\n<\/strong>Damerna startar 18.30 och herrarna 20.00.<\/em><\/li>\n<\/ul>\n<h3>Race 2, 9 december \u2013 po\u00e4nglopp<\/h3>\n<ul>\n<li><strong>Muckle Yin<\/strong>\u00a0(23,4 kilometer).\u00a0<em><strong><a href=\"https:\/\/zwiftinsider.com\/route\/the-muckle-yin\/\">L\u00e4nk till bana.<\/a><br \/>\n<\/strong>Herrarna startar 18.30 och damerna 20.00.<strong><br \/>\n<\/strong><\/em><\/li>\n<\/ul>\n<h3>Race 3, 16 december \u2013 scratchlopp<\/h3>\n<ul>\n<li><strong>Mayan 8<\/strong>\u00a0(23,1 kilometer).\u00a0<em><strong><a href=\"https:\/\/zwiftinsider.com\/route\/mayan-8\/\">L\u00e4nk till bana.<\/a><\/strong><\/em><em><br \/>\nDamerna startar 18.30 och herrarna 20.00.<\/em><\/li>\n<\/ul>\n<h3>Race 4, 6 januari \u2013 tempo (iTT)<\/h3>\n<ul>\n<li>Bologna (8 kilometer) \u2013 C, D-klass.\u00a0<em><strong><a href=\"https:\/\/zwiftinsider.com\/route\/time-trial-lap\/\">L\u00e4nk till bana.<\/a><\/strong><\/em><\/li>\n<li>Bologna (24 kilometer) \u2013 A, B, E-klass.\u00a0<em><strong><a href=\"https:\/\/zwiftinsider.com\/route\/time-trial-lap\/\">L\u00e4nk till bana.<\/a><br \/>\n<\/strong>Herrarna startar 18.30 och damerna 20.00.<strong><br \/>\n<\/strong><\/em><\/li>\n<\/ul>\n<h3>Race 5, 13 januari \u2013 po\u00e4nglopp<\/h3>\n<ul>\n<li><strong>Coast Crusher<\/strong>\u00a0(34,7 kilometer).\u00a0<em><strong><a href=\"https:\/\/zwiftinsider.com\/route\/coast-crusher\/\">L\u00e4nk till bana.<\/a><br \/>\n<\/strong>Damerna startar 18.30 och herrarna 20.00.<strong><br \/>\n<\/strong><\/em><\/li>\n<\/ul>\n<h3>Race 6, 20 januari \u2013 scratchlopp<\/h3>\n<ul>\n<li><strong>Richmond 2015 Worlds Reverse<\/strong>\u00a0(32,6 kilometer).\u00a0<em><strong><a href=\"https:\/\/zwiftinsider.com\/route\/richmond-2015-worlds-reverse\/\">L\u00e4nk till bana.<\/a><br \/>\n<\/strong>Herrarna startar 18.30 och damerna 20.00.<\/em><\/li>\n<\/ul>\n<h2><strong>S\u00e5 fungerar po\u00e4ngr\u00e4kningen i SWE Cup<\/strong><\/h2>\n<ul>\n<li>I po\u00e4nglopp samlar deltagarna po\u00e4ng b\u00e5de under loppet och vid m\u00e5lg\u00e5ng. Dessa summeras sedan ihop och den med h\u00f6gst totala po\u00e4ng vinner. Det \u00e4r allts\u00e5 inte s\u00e4kert att personen som \u00e4r f\u00f6rst i m\u00e5l vinner loppet.<\/li>\n<li>Vid sprintportaler och KOM delas det ut 20 po\u00e4ng till den som \u00e4r f\u00f6rst och sedan en fallande skal ned till 1.<\/li>\n<li>N\u00e4r man g\u00e5r i m\u00e5l s\u00e5 \u00e4r det samma po\u00e4ng som vid ett scratchlopp, allts\u00e5 70 po\u00e4ng f\u00f6rst i m\u00e5l och sedan fallande skala ned till 1.<\/li>\n<li>Serien kommer att best\u00e5 av sex (6) lopp och h\u00f6gsta po\u00e4ng i fyra (4) av dessa vinner SWE Cup totalt. Minst ett av de fyra loppen m\u00e5ste vara iTT<\/li>\n<\/ul>\n<h2><strong>\u00a0<\/strong><strong>Po\u00e4ngserie<\/strong><\/h2>\n<ul>\n<li>Po\u00e4ng delas ut i varje kategori, se nedan.<\/li>\n<li>F\u00f6r varje kategori kommer f\u00f6ljande po\u00e4ng att delas ut: 1:a: 70 po\u00e4ng, 2:a: 60 po\u00e4ng, 3:a: 50 po\u00e4ng, 4:a-50:e 48-2 po\u00e4ng.<\/li>\n<li>Alla utanf\u00f6r position 50 kommer att f\u00e5 1 po\u00e4ng f\u00f6r att ha deltagit i loppet.<\/li>\n<li>Resultaten kommer att presenteras p\u00e5 www.Zwiftpower.com. Cyklister fr\u00e5n andra l\u00e4nder kommer att exkluderas fr\u00e5n resultatet.<\/li>\n<\/ul>\n<h2><strong>T\u00e4vlingsregler SWE Cup E-cycling\u00a0<\/strong><\/h2>\n<ul>\n<li>F\u00f6r att delta i SCF SWE Cup E-cycling beh\u00f6ver deltagaren ha en giltig\u00a0<a href=\"https:\/\/scf.se\/e-cycling\/e-cyclinglicens\/\"><strong><em>licens<\/em><\/strong><\/a><strong><em>.<\/em><\/strong> L\u00e4s mer om krav p\u00e5 licens i n\u00e4sta stycke.<\/li>\n<li>Dual recording \u00e4r endast ett krav i E-klass.<\/li>\n<li>Vid granskning av dual och wattfiler kan SCF v\u00e4lja att tilldela en varning eller diskvalificering.<\/li>\n<li>Om en cyklist f\u00e5r en varning inneb\u00e4r det att samma f\u00f6rseelse f\u00f6rv\u00e4ntas r\u00e4ttas till f\u00f6r framtida race och att liknande f\u00f6rseelse i framtiden kan leda till diskvalificering.<\/li>\n<li>Om en cyklist f\u00e5r diskvalificering f\u00f6r samma f\u00f6rseelse upprepade g\u00e5nger, kan SCF v\u00e4lja att utesluta cyklisten fr\u00e5n att delta i framtida race.<\/li>\n<li>Det \u00e4r viktigt att betona att en varning och\/eller diskvalificering inte betyder att SCF misst\u00e4nker cyklister f\u00f6r att fuska eller manipulera data \u2013 medvetet eller omedvetet.<\/li>\n<li>Om SCF misst\u00e4nker cyklister f\u00f6r att fuska eller manipulera data kommer detta att rapporteras till UCI och Zwift och hanteras i SCF.<\/li>\n<\/ul>\n<h2><strong>Dual Recording i SWE Cup<\/strong><\/h2>\n<p>F\u00f6r att s\u00e4kerst\u00e4lla r\u00e4ttvisa t\u00e4vlingar utf\u00f6r SCF stickprov under SWE Cup och kan kr\u00e4va in .fit-filer med utrustningsdata. Dual recording kr\u00e4vs f\u00f6r topp\u00e5karna i elitklassen (topp 3 i E-klass). Filerna ska laddas upp inom 2 timmar efter m\u00e5lg\u00e5ng, och stickprov kan ocks\u00e5 utf\u00f6ras p\u00e5 andra \u00e5kare. SCF kan utf\u00e4rda varningar eller diskvalificeringar vid avvikande data och beslutar om regler utan f\u00f6rutbest\u00e4mda gr\u00e4nsv\u00e4rden f\u00f6r dual recording.<\/p>\n<h2><strong>Inv\u00e4gning f\u00f6r elitklass<\/strong><\/h2>\n<p>Cyklist i elitklass ska ha en inv\u00e4gningsvideo inom 24 timmar fr\u00e5n start. Videon beh\u00f6ver inte skickas till SCF men ska finnas tillg\u00e4nglig om den efterfr\u00e5gas och f\u00f6lja Zwifts checklistor f\u00f6r viktvideo. Vikten i Zwift ska uppdateras f\u00f6re start.<\/p>\n<ul>\n<li><a href=\"https:\/\/content-cdn.zwift.com\/uploads\/2022\/02\/Cycling-Esports-Ruleset-v1.0.8.docx-2.pdf\"><em><strong>H\u00e4r hittar du Zwifts alla riktlinjer (sidan 11).<\/strong><\/em><\/a><\/li>\n<\/ul>\n<h2><strong>S\u00e4ndningsr\u00e4ttigheter<\/strong><\/h2>\n<p>SCF \u00e4ger r\u00e4ttigheterna att s\u00e4nda SM och SWE Cup. Endast SCF och SVT f\u00e5r s\u00e4nda SM, vilket omfattar all streaming p\u00e5 plattformar som Twitch och YouTube. F\u00f6r SWE Cup g\u00e4ller att \u00e5kare f\u00e5r filma och streama sitt eget lopp och sin egen avatar, men inte andra \u00e5kare eller kategorier.<\/p>\n<h2>Licenskrav \u2013 flera typer fungerar<\/h2>\n<ul>\n<li>F\u00f6r att t\u00e4vla i SWE Cup beh\u00f6ver du en licens fr\u00e5n Svenska Cykelf\u00f6rbundet. D\u00e5 f\u00e5r du automatiskt appen Cardskipper d\u00e4r l\u00e4nkarna till loppen l\u00e4ggs ut n\u00e5gra dagar innan varje delt\u00e4vling.<\/li>\n<li>Vid k\u00f6p fr\u00e5n 1 december g\u00e4ller \u00e5rslicenserna fram till 31 december 2025. En specifik E-cyclinglicens finns m\u00f6jlig f\u00f6r k\u00f6p, likas\u00e5 Eng\u00e5ngslicenser som \u00e4r m\u00f6jliga att teckna inf\u00f6r varje lopp. Gl\u00f6m heller inte att samtliga \u00e5rslicenser, inklusive den bredare Motionslicensen, kan anv\u00e4ndas i SWE Cup E-cycling.<\/li>\n<li>E-cyclinglicens, Motionslicens och Eng\u00e5ngslicens tecknas direkt via hemsidan <em><strong>(<a href=\"https:\/\/scf.se\/licenser\">SCF.se\/licenser<\/a>)<\/strong><\/em> utan f\u00f6reningstillh\u00f6righet. Vill man ha f\u00f6reningskoppling till sin \u00e5rslicens, n\u00e5got som \u00e4r ett krav f\u00f6r att k\u00f6ra SM (obs SM k\u00f6rs endast i E-klass herr och dam), s\u00e5 m\u00e5ste en t\u00e4vlingslicens tecknas i SWE Cycling Online. Mer info om skillnaden mellan att ha licens med eller utan f\u00f6reningstillh\u00f6righet finns i denna <a href=\"https:\/\/scf.se\/e-cycling\/faq\/\"><em><strong>FAQ.<\/strong><\/em><\/a><\/li>\n<\/ul>\n<p><em>Text: SCF\/grengrupp E-cycling<\/em><\/p>\n","protected":false},"excerpt":{"rendered":"<p>V\u00e4lkommen till Svenska Cykelf\u00f6rbundets SWE Cup E-cycling presenterat av, Bauhaus, Wahoo, Enervit, Lactigo, Sportson och Swedish Zwift Riders! Nedan presenterar vi de sex t\u00e4vlingsdagarna och vilka banor de g\u00e5r p\u00e5. Nytt f\u00f6r i \u00e5r \u00e4r att SWE Cycling E-cycling har en\u00a0egen Facebook-grupp. H\u00e4r finns m\u00f6jlighet att diskutera och st\u00e4lla fr\u00e5gor om allt som har<a href=\"https:\/\/scf.se\/e-cycling\/swe-cup-e-cycling-2024-2025\/\" class=\"news-card__more\"> &#8230;<\/a><\/p>\n","protected":false},"author":30,"featured_media":1441,"parent":0,"menu_order":0,"comment_status":"closed","ping_status":"closed","template":"","meta":{"_acf_changed":false,"footnotes":""},"class_list":["post-1438","page","type-page","status-publish","hentry"],"acf":[],"_links":{"self":[{"href":"https:\/\/scf.se\/e-cycling\/wp-json\/wp\/v2\/pages\/1438","targetHints":{"allow":["GET"]}}],"collection":[{"href":"https:\/\/scf.se\/e-cycling\/wp-json\/wp\/v2\/pages"}],"about":[{"href":"https:\/\/scf.se\/e-cycling\/wp-json\/wp\/v2\/types\/page"}],"author":[{"embeddable":true,"href":"https:\/\/scf.se\/e-cycling\/wp-json\/wp\/v2\/users\/30"}],"replies":[{"embeddable":true,"href":"https:\/\/scf.se\/e-cycling\/wp-json\/wp\/v2\/comments?post=1438"}],"version-history":[{"count":19,"href":"https:\/\/scf.se\/e-cycling\/wp-json\/wp\/v2\/pages\/1438\/revisions"}],"predecessor-version":[{"id":1468,"href":"https:\/\/scf.se\/e-cycling\/wp-json\/wp\/v2\/pages\/1438\/revisions\/1468"}],"wp:featuredmedia":[{"embeddable":true,"href":"https:\/\/scf.se\/e-cycling\/wp-json\/wp\/v2\/media\/1441"}],"wp:attachment":[{"href":"https:\/\/scf.se\/e-cycling\/wp-json\/wp\/v2\/media?parent=1438"}],"curies":[{"name":"wp","href":"https:\/\/api.w.org\/{rel}","templated":true}]}}