
{"id":11,"date":"2026-05-08T08:31:36","date_gmt":"2026-05-08T06:31:36","guid":{"rendered":"http:\/\/scf.se\/e-cycling\/?page_id=11"},"modified":"2026-05-11T10:50:51","modified_gmt":"2026-05-11T08:50:51","slug":"kontakta-oss","status":"publish","type":"page","link":"https:\/\/scf.se\/e-cycling\/kontakta-oss\/","title":{"rendered":"KONTAKTA OSS"},"content":{"rendered":"<p>G\u00e4ller din fr\u00e5ga utveckling av grenen e-cycling kan du st\u00e4lla din fr\u00e5ga i Facebookgruppen <em><a href=\"https:\/\/www.facebook.com\/groups\/448641101597589\/\"><strong>SWE Cycing E-cycling<\/strong><\/a><\/em>. Vill du kontakta grengruppen e-cycling direkt s\u00e5 g\u00f6r du det genom <em><strong><a href=\"mailto:ecycling@scf.se\">ecycling@scf.se<\/a><\/strong><\/em>. Har du d\u00e4remot en allm\u00e4n fr\u00e5ga till SCF kansli kn du mejla <a href=\"mailto:kansli@scf.se\">kansli@scf.se<\/a>.<\/p>\n<p>Grengruppens sammas\u00e4ttning hittar du h\u00e4r: <a href=\"https:\/\/scf.se\/forbundet\/om-forbundet\/grengrupper-och-kommitteer\/\">Grengrupper och kommitt\u00e9er &#8211; F\u00f6rbundet &#8211; Svenska Cykelf\u00f6rbundet<\/a><\/p>\n","protected":false},"excerpt":{"rendered":"<p>G\u00e4ller din fr\u00e5ga utveckling av grenen e-cycling kan du st\u00e4lla din fr\u00e5ga i Facebookgruppen SWE Cycing E-cycling. Vill du kontakta grengruppen e-cycling direkt s\u00e5 g\u00f6r du det genom ecycling@scf.se. Har du d\u00e4remot en allm\u00e4n fr\u00e5ga till SCF kansli kn du mejla kansli@scf.se. Grengruppens sammas\u00e4ttning hittar du h\u00e4r: Grengrupper och kommitt\u00e9er &#8211; F\u00f6rbundet &#8211; Svenska<a href=\"https:\/\/scf.se\/e-cycling\/kontakta-oss\/\" class=\"news-card__more\"> &#8230;<\/a><\/p>\n","protected":false},"author":41,"featured_media":0,"parent":0,"menu_order":0,"comment_status":"closed","ping_status":"closed","template":"","meta":{"_acf_changed":false,"footnotes":""},"class_list":["post-11","page","type-page","status-publish","hentry"],"acf":[],"_links":{"self":[{"href":"https:\/\/scf.se\/e-cycling\/wp-json\/wp\/v2\/pages\/11","targetHints":{"allow":["GET"]}}],"collection":[{"href":"https:\/\/scf.se\/e-cycling\/wp-json\/wp\/v2\/pages"}],"about":[{"href":"https:\/\/scf.se\/e-cycling\/wp-json\/wp\/v2\/types\/page"}],"author":[{"embeddable":true,"href":"https:\/\/scf.se\/e-cycling\/wp-json\/wp\/v2\/users\/41"}],"replies":[{"embeddable":true,"href":"https:\/\/scf.se\/e-cycling\/wp-json\/wp\/v2\/comments?post=11"}],"version-history":[{"count":5,"href":"https:\/\/scf.se\/e-cycling\/wp-json\/wp\/v2\/pages\/11\/revisions"}],"predecessor-version":[{"id":2127,"href":"https:\/\/scf.se\/e-cycling\/wp-json\/wp\/v2\/pages\/11\/revisions\/2127"}],"wp:attachment":[{"href":"https:\/\/scf.se\/e-cycling\/wp-json\/wp\/v2\/media?parent=11"}],"curies":[{"name":"wp","href":"https:\/\/api.w.org\/{rel}","templated":true}]}}