
{"id":101,"date":"2020-09-30T13:08:00","date_gmt":"2020-09-30T11:08:00","guid":{"rendered":"http:\/\/scf.se\/e-cycling\/?page_id=101"},"modified":"2020-09-30T13:08:00","modified_gmt":"2020-09-30T11:08:00","slug":"swe-cup-2019-2020","status":"publish","type":"page","link":"https:\/\/scf.se\/e-cycling\/event\/swe-cup\/swe-cup-2019-2020\/","title":{"rendered":"SWE Cup 2019\/2020"},"content":{"rendered":"<h3><strong>Resultat SCF SWE Cup Racing League 2019\/2020<\/strong><\/h3>\n<p><strong>Grupp A Herrar<\/strong><\/p>\n<p>1:a Ulf B\u00e4cker 162 po\u00e4ng<\/p>\n<p>2:a P\u00e4r B\u00e4cker 152 po\u00e4ng<\/p>\n<p>3:a Johan Nor\u00e9n 131 po\u00e4ng<\/p>\n<p><strong>Grupp B Herrar<\/strong><\/p>\n<p>1:a Anders J\u00f6nsson 116 p<\/p>\n<p>2:a Henrik Andersson 103 p<\/p>\n<p>3:a Joakim Nordqvist 96 p<\/p>\n<p><strong>Grupp C Herrar<\/strong><\/p>\n<p>1:a Christian Olsson KCK 151 p<\/p>\n<p>2:a \u00a0Robin Bessing TUG CK 126 p<\/p>\n<p>3:a Jimmy Drufva 125 p<\/p>\n<p><strong>Grupp D herrar<\/strong><\/p>\n<p>1:a Auris Pelanis 71 p<\/p>\n<p>2:a Martin Bj\u00f6rgvik 66 p<\/p>\n<p>3:a Eric Oberg 58 p<\/p>\n<p><strong>Grupp A Damer<\/strong><\/p>\n<p>1:a Jessica Edqvist 66 p<\/p>\n<p>2:a Jonna Olin 53 p<\/p>\n<p>3:a Marlene Bj\u00e4rehed 51 p<\/p>\n<p><strong>Grupp B Damer<\/strong><\/p>\n<p>1:a Anna Embring 58 p<\/p>\n<p>2:a Carina Winell 37 p<\/p>\n<p>3:a Matilda Johansson 36 p<\/p>\n<p><strong>Grupp C Damer<\/strong><\/p>\n<p>1:a Maria Svensson 93 p<\/p>\n<p>2:a Therese Kaldegard 83 p<\/p>\n<p>3:a Emma Juslin 81 p<\/p>\n<p><strong>Grupp D Damer<\/strong><\/p>\n<p>1:a Susanne Nystrand 11 p<\/p>\n<p>2:a Puck Linda Engstr\u00f6m 11 p<\/p>\n<p>3:a Anneli Lidman 6 p<\/p>\n<hr \/>\n<p><strong>F\u00f6lj l\u00e4nkarna f\u00f6r slutresultat<\/strong><\/p>\n<p>Herrar A, B, C, D, resultat h\u00e4r: <a href=\"https:\/\/www.zwiftpower.com\/league.php?id=238\">https:\/\/www.zwiftpower.com\/league.php?id=238<\/a><\/p>\n<p>Damer A, B, C, D, resultat h\u00e4r: <a href=\"https:\/\/www.zwiftpower.com\/league.php?id=239\">https:\/\/www.zwiftpower.com\/league.php?id=239<\/a><\/p>\n<p>Den som \u00e4r nyfiken p\u00e5 att se lives\u00e4ndningarna i efterhand kan titta <a href=\"https:\/\/www.youtube.com\/channel\/UC0hduxnBr-116blvWdgYr9g\">h\u00e4r<\/a><\/p>\n","protected":false},"excerpt":{"rendered":"<p>Resultat SCF SWE Cup Racing League 2019\/2020 Grupp A Herrar 1:a Ulf B\u00e4cker 162 po\u00e4ng 2:a P\u00e4r B\u00e4cker 152 po\u00e4ng 3:a Johan Nor\u00e9n 131 po\u00e4ng Grupp B Herrar 1:a Anders J\u00f6nsson 116 p 2:a Henrik Andersson 103 p 3:a Joakim Nordqvist 96 p Grupp C Herrar 1:a Christian Olsson KCK 151 p 2:a \u00a0Robin<a href=\"https:\/\/scf.se\/e-cycling\/event\/swe-cup\/swe-cup-2019-2020\/\" class=\"news-card__more\"> &#8230;<\/a><\/p>\n","protected":false},"author":41,"featured_media":0,"parent":16,"menu_order":0,"comment_status":"closed","ping_status":"closed","template":"","meta":{"_acf_changed":false,"footnotes":""},"class_list":["post-101","page","type-page","status-publish","hentry"],"acf":[],"_links":{"self":[{"href":"https:\/\/scf.se\/e-cycling\/wp-json\/wp\/v2\/pages\/101","targetHints":{"allow":["GET"]}}],"collection":[{"href":"https:\/\/scf.se\/e-cycling\/wp-json\/wp\/v2\/pages"}],"about":[{"href":"https:\/\/scf.se\/e-cycling\/wp-json\/wp\/v2\/types\/page"}],"author":[{"embeddable":true,"href":"https:\/\/scf.se\/e-cycling\/wp-json\/wp\/v2\/users\/41"}],"replies":[{"embeddable":true,"href":"https:\/\/scf.se\/e-cycling\/wp-json\/wp\/v2\/comments?post=101"}],"version-history":[{"count":0,"href":"https:\/\/scf.se\/e-cycling\/wp-json\/wp\/v2\/pages\/101\/revisions"}],"up":[{"embeddable":true,"href":"https:\/\/scf.se\/e-cycling\/wp-json\/wp\/v2\/pages\/16"}],"wp:attachment":[{"href":"https:\/\/scf.se\/e-cycling\/wp-json\/wp\/v2\/media?parent=101"}],"curies":[{"name":"wp","href":"https:\/\/api.w.org\/{rel}","templated":true}]}}