
{"id":79,"date":"2023-01-20T12:11:13","date_gmt":"2023-01-20T11:11:13","guid":{"rendered":"https:\/\/scf.se\/distrikt-vastmanland\/?page_id=79"},"modified":"2026-05-04T22:37:09","modified_gmt":"2026-05-04T20:37:09","slug":"uthyrning-av-ljud-vagn","status":"publish","type":"page","link":"https:\/\/scf.se\/distrikt-vastmanland\/uthyrning-av-ljud-vagn\/","title":{"rendered":"Uthyrning av ljud"},"content":{"rendered":"<table>\n<tbody>\n<tr>\n<th style=\"text-align: left\" colspan=\"3\">Hyresavgift (per dygn)<\/th>\n<\/tr>\n<tr>\n<th><\/th>\n<th style=\"padding-left: 20px\">Cykelf\u00f6reningar<\/th>\n<th style=\"padding-left: 20px\">\u00d6vrig verksamhet<\/th>\n<\/tr>\n<tr>\n<td>Lilla ljudet, inklusive bemanning<\/td>\n<td align=\"right\">1 300 kr<\/td>\n<td align=\"right\">1 500 kr<\/td>\n<\/tr>\n<tr>\n<td>Lilla ljudet, vid h\u00e4mtning<\/td>\n<td align=\"right\">500 kr<\/td>\n<td><\/td>\n<\/tr>\n<tr>\n<td>Radio, per styck<\/td>\n<td align=\"right\">50 kr<\/td>\n<td><\/td>\n<\/tr>\n<tr>\n<td>Radiorel\u00e4<\/td>\n<td align=\"right\">500 kr<\/td>\n<td><\/td>\n<\/tr>\n<tr>\n<td>Elverk<\/td>\n<td align=\"right\">250 kr<\/td>\n<td><\/td>\n<\/tr>\n<tr>\n<th style=\"text-align: left\" colspan=\"3\">Transportkostnad (per kilometer)<\/th>\n<\/tr>\n<tr>\n<td>Transport, per km<\/td>\n<td colspan=\"2\" align=\"center\">3,20 kr<\/td>\n<\/tr>\n<\/tbody>\n<\/table>\n<p>&nbsp;<\/p>\n<p><span style=\"color: #ff0000\"><strong>OBS! Fr\u00e5n och med 2026 har vi bara det lilla ljudet kvar.<\/strong><\/span><\/p>\n<p>Bokning av ljudet g\u00f6rs till <a href=\"mailto:vastmanlandscf@scf.se\">vastmanlandscf@scf.se<\/a>.<\/p>\n<p>F\u00f6r transport med bil i samband med uthyrning tas en kilometeravgift. Beloppsdelen som \u00f6verstiger Skatteverkets beloppsgr\u00e4ns t\u00e4cker drift, underh\u00e5ll och slitage, samt transportslitage av \u00f6vrig utrusning.<\/p>\n<p>Prioritering f\u00f6r uthyrning av VCF\u2019s utrustning g\u00f6rs enligt f\u00f6ljande:<\/p>\n<ol>\n<li>V\u00e4stmanlands Cup delt\u00e4vlingar<\/li>\n<li>Cykelt\u00e4vlingar inom distriktet som arrangeras av f\u00f6rening som \u00e4r medlem i VCF<\/li>\n<li>Cykelmotionslopp inom distriktet som arrangeras av f\u00f6rening som \u00e4r medlem i VCF<\/li>\n<li>\u00d6vriga arrangemang<\/li>\n<\/ol>\n<p>F\u00f6r att denna prioriteringsordning ska g\u00e4lla kr\u00e4vs att arrangemanget har planerats i samr\u00e5d med VCF, och f\u00f6r cykelt\u00e4vlingar och cykelmotionslopp att de har anm\u00e4lts i tid i swecyclingonline och sanktionerats. VCF styrelse kan besluta om avsteg fr\u00e5n prioriteringsordningen.<\/p>\n<p>Dagsers\u00e4ttning till ljudtekniker \u00e4r 800 kr\/dygn. Denna ers\u00e4ttning tas ej ut i samband med V\u00e4stmanlands Cup.<\/p>\n","protected":false},"excerpt":{"rendered":"<p>Hyresavgift (per dygn) Cykelf\u00f6reningar \u00d6vrig verksamhet Lilla ljudet, inklusive bemanning 1 300 kr 1 500 kr Lilla ljudet, vid h\u00e4mtning 500 kr Radio, per styck 50 kr Radiorel\u00e4 500 kr Elverk 250 kr Transportkostnad (per kilometer) Transport, per km 3,20 kr &nbsp; OBS! Fr\u00e5n och med 2026 har vi bara det lilla ljudet kvar.<a href=\"https:\/\/scf.se\/distrikt-vastmanland\/uthyrning-av-ljud-vagn\/\" class=\"news-card__more\"> &#8230;<\/a><\/p>\n","protected":false},"author":46,"featured_media":17,"parent":0,"menu_order":0,"comment_status":"closed","ping_status":"closed","template":"","meta":{"_acf_changed":false,"footnotes":""},"class_list":["post-79","page","type-page","status-publish","hentry"],"acf":[],"_links":{"self":[{"href":"https:\/\/scf.se\/distrikt-vastmanland\/wp-json\/wp\/v2\/pages\/79","targetHints":{"allow":["GET"]}}],"collection":[{"href":"https:\/\/scf.se\/distrikt-vastmanland\/wp-json\/wp\/v2\/pages"}],"about":[{"href":"https:\/\/scf.se\/distrikt-vastmanland\/wp-json\/wp\/v2\/types\/page"}],"author":[{"embeddable":true,"href":"https:\/\/scf.se\/distrikt-vastmanland\/wp-json\/wp\/v2\/users\/46"}],"replies":[{"embeddable":true,"href":"https:\/\/scf.se\/distrikt-vastmanland\/wp-json\/wp\/v2\/comments?post=79"}],"version-history":[{"count":2,"href":"https:\/\/scf.se\/distrikt-vastmanland\/wp-json\/wp\/v2\/pages\/79\/revisions"}],"predecessor-version":[{"id":431,"href":"https:\/\/scf.se\/distrikt-vastmanland\/wp-json\/wp\/v2\/pages\/79\/revisions\/431"}],"wp:featuredmedia":[{"embeddable":true,"href":"https:\/\/scf.se\/distrikt-vastmanland\/wp-json\/wp\/v2\/media\/17"}],"wp:attachment":[{"href":"https:\/\/scf.se\/distrikt-vastmanland\/wp-json\/wp\/v2\/media?parent=79"}],"curies":[{"name":"wp","href":"https:\/\/api.w.org\/{rel}","templated":true}]}}