
{"id":68,"date":"2023-01-19T08:53:24","date_gmt":"2023-01-19T07:53:24","guid":{"rendered":"https:\/\/scf.se\/distrikt-vastmanland\/?page_id=68"},"modified":"2023-09-03T11:07:07","modified_gmt":"2023-09-03T09:07:07","slug":"vastmanlands-cup-2023","status":"publish","type":"page","link":"https:\/\/scf.se\/distrikt-vastmanland\/vastmanlands-cup-2\/vastmanlands-cup-2023\/","title":{"rendered":"V\u00e4stmanlands Cup 2023"},"content":{"rendered":"<p>OBS! Om du anv\u00e4nder en mobil f\u00f6r att se p\u00e5 sidan s\u00e5 kan du beh\u00f6va rotera telefonen 90 grader f\u00f6r att kunna se alla inbjudningar och resultat.<\/p>\n<h2>Program f\u00f6r V\u00e4stmanlands Cup 2023<\/h2>\n<table width=\"558\">\n<tbody>\n<tr>\n<td width=\"190\"><strong>Datum<\/strong><\/td>\n<td width=\"52\"><strong>Gren<\/strong><\/td>\n<td width=\"121\"><strong>Klubb<\/strong><\/td>\n<td width=\"121\"><strong>Inbjudan<\/strong><\/td>\n<td width=\"121\"><strong>Resultat<\/strong><\/td>\n<\/tr>\n<tr>\n<td width=\"190\">Onsdag 17 maj<\/td>\n<td width=\"52\">MTB<\/td>\n<td width=\"121\">Kungs\u00f6rs SK<\/td>\n<td width=\"121\"><a href=\"https:\/\/scf.se\/distrikt-vastmanland\/wp-content\/uploads\/sites\/14\/2023\/05\/Inbjudan-Vastmanlands-Cup-2023-KSK.pdf\">Inbjudan<\/a><\/td>\n<td width=\"121\"><a href=\"https:\/\/scf.se\/distrikt-vastmanland\/wp-content\/uploads\/sites\/14\/2023\/05\/Resultat-Vastmanlands-Cup-Kungsors-SK-2023-05-17.pdf\">Resultat<\/a><\/td>\n<\/tr>\n<tr>\n<td width=\"190\">Torsdag 25 maj<\/td>\n<td width=\"52\">MTB<\/td>\n<td width=\"121\">Skultuna AIK<\/td>\n<td width=\"121\"><a href=\"https:\/\/scf.se\/distrikt-vastmanland\/wp-content\/uploads\/sites\/14\/2023\/05\/Inbjudan-V-Cup-MTB-Skultuna-2023.pdf\">Inbjudan<\/a><\/td>\n<td width=\"121\"><a href=\"https:\/\/scf.se\/distrikt-vastmanland\/wp-content\/uploads\/sites\/14\/2023\/05\/Resultat-Vastmanlands-Cup-Skultuna-AIK-2023-05-25.pdf\">Resultat<\/a><\/td>\n<\/tr>\n<tr>\n<td width=\"190\">Torsdag 1 juni<\/td>\n<td width=\"52\">MTB<\/td>\n<td width=\"121\">Norbergs CK<\/td>\n<td width=\"121\"><a href=\"https:\/\/scf.se\/distrikt-vastmanland\/wp-content\/uploads\/sites\/14\/2023\/05\/Inbjudan-Vastmanlands-cup-2023-NCK.pdf\">Inbjudan<\/a><\/td>\n<td width=\"121\"><a href=\"https:\/\/scf.se\/distrikt-vastmanland\/wp-content\/uploads\/sites\/14\/2023\/06\/Resultat-Vastmanlands-Cup-Norbergs-CK-2023-06-01.pdf\">Resultat<\/a><\/td>\n<\/tr>\n<tr>\n<td width=\"190\">Onsdag 14 juni<\/td>\n<td width=\"52\">MTB<\/td>\n<td width=\"121\">K\u00f6pings CK<\/td>\n<td width=\"121\"><a href=\"https:\/\/scf.se\/distrikt-vastmanland\/wp-content\/uploads\/sites\/14\/2023\/06\/Inbjudan-till-Vastmanlands-Cup-2023-14_6-i-Koping.pdf\">Inbjudan<\/a><\/td>\n<td width=\"121\"><a href=\"https:\/\/scf.se\/distrikt-vastmanland\/wp-content\/uploads\/sites\/14\/2023\/06\/Resultat-Vastmanlands-Cup-Kopings-CK-2023-06-14.pdf\">Resultat<\/a><\/td>\n<\/tr>\n<tr>\n<td width=\"190\"><\/td>\n<td width=\"52\"><\/td>\n<td width=\"121\"><\/td>\n<td width=\"121\"><\/td>\n<td width=\"121\"><\/td>\n<\/tr>\n<tr>\n<td width=\"190\">Onsdag 16 augusti<\/td>\n<td width=\"52\">MTB<\/td>\n<td width=\"121\">V\u00e4ster\u00e5s CK<\/td>\n<td width=\"121\"><a href=\"https:\/\/scf.se\/distrikt-vastmanland\/wp-content\/uploads\/sites\/14\/2023\/07\/Inbjudan-Vastmanlands-Cup-Vasteras.pdf\">Inbjudan<\/a><\/td>\n<td width=\"121\"><a href=\"https:\/\/scf.se\/distrikt-vastmanland\/wp-content\/uploads\/sites\/14\/2023\/08\/Resultat-Vastmanlands-Cup-Vasteras-CK-2023-08-16.pdf\">Resultat<\/a><\/td>\n<\/tr>\n<tr>\n<td width=\"190\">Onsdag 23 augusti<\/td>\n<td width=\"52\">LVG<\/td>\n<td width=\"121\">Ramn\u00e4s CK<\/td>\n<td width=\"121\"><a href=\"https:\/\/scf.se\/distrikt-vastmanland\/wp-content\/uploads\/sites\/14\/2023\/08\/Inbjudan-Vastmanlands-cup-2023-Ramnas.pdf\">Inbjudan<\/a><\/td>\n<td width=\"121\"><a href=\"https:\/\/scf.se\/distrikt-vastmanland\/wp-content\/uploads\/sites\/14\/2023\/08\/Resultat-Vastmanlands-Cup-Ramnas-CK-2023-08-23-1.pdf\">Resultat v1<\/a><\/td>\n<\/tr>\n<tr>\n<td width=\"190\">Onsdag 30 augusti<\/td>\n<td width=\"52\">MTB<\/td>\n<td width=\"121\">IFK Sala<\/td>\n<td width=\"121\"><a href=\"https:\/\/scf.se\/distrikt-vastmanland\/wp-content\/uploads\/sites\/14\/2023\/08\/Vastmanlands-cup-2023.pdf\">Inbjudan<\/a><\/td>\n<td width=\"121\"><a href=\"https:\/\/scf.se\/distrikt-vastmanland\/wp-content\/uploads\/sites\/14\/2023\/09\/Resultat-Vastmanlands-Cup-IFK-Sala-2023-08-30.pdf\">Resultat<\/a><\/td>\n<\/tr>\n<tr>\n<td width=\"190\">S\u00f6ndag 3 september<\/td>\n<td width=\"52\">LVG<\/td>\n<td width=\"121\">V\u00e4ster\u00e5s CK<\/td>\n<td width=\"121\"><a href=\"https:\/\/scf.se\/distrikt-vastmanland\/wp-content\/uploads\/sites\/14\/2023\/08\/inbjudan-v-cup-2023-09-03.pdf\">Inbjudan<\/a><\/td>\n<td width=\"121\"><a href=\"https:\/\/scf.se\/distrikt-vastmanland\/wp-content\/uploads\/sites\/14\/2023\/09\/Resultat-Vastmanlands-Cup-Vasteras-CK-2023-09-03.pdf\">Resultat<\/a><\/td>\n<\/tr>\n<\/tbody>\n<\/table>\n<h2>Sammanlagt cupresultat<\/h2>\n<p>Slutgiltigt <a href=\"https:\/\/scf.se\/distrikt-vastmanland\/wp-content\/uploads\/sites\/14\/2023\/09\/Resultat-Vastmanlands-Cup-2023-1.pdf\">resultat<\/a> uppdaterad 2023-09-03 efter alla \u00e5tta delt\u00e4vlingar.<\/p>\n","protected":false},"excerpt":{"rendered":"<p>OBS! Om du anv\u00e4nder en mobil f\u00f6r att se p\u00e5 sidan s\u00e5 kan du beh\u00f6va rotera telefonen 90 grader f\u00f6r att kunna se alla inbjudningar och resultat. Program f\u00f6r V\u00e4stmanlands Cup 2023 Datum Gren Klubb Inbjudan Resultat Onsdag 17 maj MTB Kungs\u00f6rs SK Inbjudan Resultat Torsdag 25 maj MTB Skultuna AIK Inbjudan Resultat Torsdag<a href=\"https:\/\/scf.se\/distrikt-vastmanland\/vastmanlands-cup-2\/vastmanlands-cup-2023\/\" class=\"news-card__more\"> &#8230;<\/a><\/p>\n","protected":false},"author":46,"featured_media":18,"parent":133,"menu_order":1,"comment_status":"closed","ping_status":"closed","template":"","meta":{"_acf_changed":false,"footnotes":""},"class_list":["post-68","page","type-page","status-publish","hentry"],"acf":[],"_links":{"self":[{"href":"https:\/\/scf.se\/distrikt-vastmanland\/wp-json\/wp\/v2\/pages\/68","targetHints":{"allow":["GET"]}}],"collection":[{"href":"https:\/\/scf.se\/distrikt-vastmanland\/wp-json\/wp\/v2\/pages"}],"about":[{"href":"https:\/\/scf.se\/distrikt-vastmanland\/wp-json\/wp\/v2\/types\/page"}],"author":[{"embeddable":true,"href":"https:\/\/scf.se\/distrikt-vastmanland\/wp-json\/wp\/v2\/users\/46"}],"replies":[{"embeddable":true,"href":"https:\/\/scf.se\/distrikt-vastmanland\/wp-json\/wp\/v2\/comments?post=68"}],"version-history":[{"count":0,"href":"https:\/\/scf.se\/distrikt-vastmanland\/wp-json\/wp\/v2\/pages\/68\/revisions"}],"up":[{"embeddable":true,"href":"https:\/\/scf.se\/distrikt-vastmanland\/wp-json\/wp\/v2\/pages\/133"}],"wp:featuredmedia":[{"embeddable":true,"href":"https:\/\/scf.se\/distrikt-vastmanland\/wp-json\/wp\/v2\/media\/18"}],"wp:attachment":[{"href":"https:\/\/scf.se\/distrikt-vastmanland\/wp-json\/wp\/v2\/media?parent=68"}],"curies":[{"name":"wp","href":"https:\/\/api.w.org\/{rel}","templated":true}]}}