
{"id":36,"date":"2023-01-09T13:38:19","date_gmt":"2023-01-09T12:38:19","guid":{"rendered":"https:\/\/scf.se\/distrikt-vastmanland\/?page_id=36"},"modified":"2025-03-03T18:11:32","modified_gmt":"2025-03-03T17:11:32","slug":"styrelse","status":"publish","type":"page","link":"https:\/\/scf.se\/distrikt-vastmanland\/styrelse\/","title":{"rendered":"Styrelse"},"content":{"rendered":"<h2>VCFs styrelse 2025-26<\/h2>\n<p dir=\"ltr\" style=\"padding-left: 40px\">Magnus Ahlb\u00e4ck, ordf\u00f6rande<\/p>\n<p dir=\"ltr\" style=\"padding-left: 40px\">Jon Str\u00f6m, vice ordf\u00f6rande<\/p>\n<p dir=\"ltr\" style=\"padding-left: 40px\">Jenny Eliasson, kass\u00f6r<\/p>\n<p dir=\"ltr\" style=\"padding-left: 40px\">Johan Dahlke, sekreterare<\/p>\n<p dir=\"ltr\" style=\"padding-left: 40px\">H\u00e5kan Ahlstrand, ledamot<\/p>\n<p dir=\"ltr\">H\u00e4r hittar du <a href=\"https:\/\/scf.se\/distrikt-vastmanland\/kontakt\/\">kontaktinformation<\/a>.<\/p>\n","protected":false},"excerpt":{"rendered":"<p>VCFs styrelse 2025-26 Magnus Ahlb\u00e4ck, ordf\u00f6rande Jon Str\u00f6m, vice ordf\u00f6rande Jenny Eliasson, kass\u00f6r Johan Dahlke, sekreterare H\u00e5kan Ahlstrand, ledamot H\u00e4r hittar du kontaktinformation.<\/p>\n","protected":false},"author":46,"featured_media":0,"parent":0,"menu_order":0,"comment_status":"closed","ping_status":"closed","template":"","meta":{"_acf_changed":false,"footnotes":""},"class_list":["post-36","page","type-page","status-publish","hentry"],"acf":[],"_links":{"self":[{"href":"https:\/\/scf.se\/distrikt-vastmanland\/wp-json\/wp\/v2\/pages\/36","targetHints":{"allow":["GET"]}}],"collection":[{"href":"https:\/\/scf.se\/distrikt-vastmanland\/wp-json\/wp\/v2\/pages"}],"about":[{"href":"https:\/\/scf.se\/distrikt-vastmanland\/wp-json\/wp\/v2\/types\/page"}],"author":[{"embeddable":true,"href":"https:\/\/scf.se\/distrikt-vastmanland\/wp-json\/wp\/v2\/users\/46"}],"replies":[{"embeddable":true,"href":"https:\/\/scf.se\/distrikt-vastmanland\/wp-json\/wp\/v2\/comments?post=36"}],"version-history":[{"count":1,"href":"https:\/\/scf.se\/distrikt-vastmanland\/wp-json\/wp\/v2\/pages\/36\/revisions"}],"predecessor-version":[{"id":316,"href":"https:\/\/scf.se\/distrikt-vastmanland\/wp-json\/wp\/v2\/pages\/36\/revisions\/316"}],"wp:attachment":[{"href":"https:\/\/scf.se\/distrikt-vastmanland\/wp-json\/wp\/v2\/media?parent=36"}],"curies":[{"name":"wp","href":"https:\/\/api.w.org\/{rel}","templated":true}]}}