
{"id":321,"date":"2025-04-21T23:06:50","date_gmt":"2025-04-21T21:06:50","guid":{"rendered":"https:\/\/scf.se\/distrikt-vastmanland\/?page_id=321"},"modified":"2025-09-07T18:48:40","modified_gmt":"2025-09-07T16:48:40","slug":"vastmanlands-cup-2025","status":"publish","type":"page","link":"https:\/\/scf.se\/distrikt-vastmanland\/vastmanlands-cup-2\/vastmanlands-cup-2025\/","title":{"rendered":"V\u00e4stmanlands Cup 2025"},"content":{"rendered":"<p style=\"text-align: left\">OBS! Om du anv\u00e4nder en mobil f\u00f6r att se p\u00e5 sidan s\u00e5 kan du beh\u00f6va rotera telefonen 90 grader f\u00f6r att kunna se alla inbjudningar och resultat.<\/p>\n<p>OBS! Kungs\u00f6rs CKs delt\u00e4vling onsdagen den 14 maj har blivit inst\u00e4lld p\u00e5 grund av skogsavverkning.<\/p>\n<h2>Program f\u00f6r V\u00e4stmanlands Cup 2025<\/h2>\n<table width=\"558\">\n<tbody>\n<tr>\n<td width=\"190\"><strong>Datum<\/strong><\/td>\n<td width=\"52\"><strong>Gren<\/strong><\/td>\n<td width=\"135\"><strong>Klubb<\/strong><\/td>\n<td width=\"121\"><strong>Inbjudan<\/strong><\/td>\n<td width=\"121\"><strong>Resultat<\/strong><\/td>\n<\/tr>\n<tr>\n<td width=\"190\">S\u00f6ndag 25 maj<\/td>\n<td width=\"52\">MTB<\/td>\n<td width=\"121\">Skultuna AIK<\/td>\n<td width=\"121\"><a href=\"https:\/\/scf.se\/distrikt-vastmanland\/wp-content\/uploads\/sites\/14\/2025\/05\/2025-Inbjudan-V-Cup-MTB-Skultuna.pdf\">Inbjudan<\/a><\/td>\n<td width=\"121\"><a href=\"https:\/\/scf.se\/distrikt-vastmanland\/wp-content\/uploads\/sites\/14\/2025\/06\/Resultat-Vastmanlands-Cup-Skultuna-Allmanna-Idrottsklubb-2025-05-25.pdf\">Resultat<\/a><\/td>\n<\/tr>\n<tr>\n<td width=\"190\">Onsdag 4 juni<\/td>\n<td width=\"52\">MTB<\/td>\n<td width=\"121\">G\u00e4ddeholms SC<\/td>\n<td width=\"121\"><a href=\"https:\/\/scf.se\/distrikt-vastmanland\/wp-content\/uploads\/sites\/14\/2025\/05\/Inbjudan-till-Vastmanland-cup-Gaddeholm-2025.pdf\">Inbjudan<\/a><\/td>\n<td width=\"121\"><a href=\"https:\/\/scf.se\/distrikt-vastmanland\/wp-content\/uploads\/sites\/14\/2025\/06\/Resultat-Vastmanlands-Cup-Gaddeholm-Stigcyklister-2025-06-04-v2.pdf\">Resultat v2<\/a><\/td>\n<\/tr>\n<tr>\n<td width=\"190\">S\u00f6ndag 15 juni<\/td>\n<td width=\"52\">LVG<\/td>\n<td width=\"121\">Ramn\u00e4s CK<\/td>\n<td width=\"121\"><a href=\"https:\/\/scf.se\/distrikt-vastmanland\/wp-content\/uploads\/sites\/14\/2025\/06\/Inbjudan-Vastmanlands-cup-2025.pdf\">Inbjudan<\/a><\/td>\n<td width=\"121\"><a href=\"https:\/\/scf.se\/distrikt-vastmanland\/wp-content\/uploads\/sites\/14\/2025\/08\/Resultat-Vastmanlands-Cup-Ramnas-CK-2025-06-15-v2.pdf\">Resultat v2<\/a><\/td>\n<\/tr>\n<tr>\n<td width=\"190\">.<\/td>\n<td width=\"52\"><\/td>\n<td width=\"121\"><\/td>\n<td width=\"121\"><\/td>\n<td width=\"121\"><\/td>\n<\/tr>\n<tr>\n<td width=\"190\">Onsdag 13 augusti<\/td>\n<td width=\"52\">MTB<\/td>\n<td width=\"121\">IFK Sala<\/td>\n<td width=\"121\"><a href=\"https:\/\/scf.se\/distrikt-vastmanland\/wp-content\/uploads\/sites\/14\/2025\/08\/Resultat-Vastmanlands-Cup-IFK-Sala-2025-08-13-1.pdf\">Inbjudan<\/a><\/td>\n<td width=\"121\"><a href=\"https:\/\/scf.se\/distrikt-vastmanland\/wp-content\/uploads\/sites\/14\/2025\/08\/Resultat-Vastmanlands-Cup-IFK-Sala-2025-08-13.pdf\">Resultat<\/a><\/td>\n<\/tr>\n<tr>\n<td width=\"190\">Onsdag 20 augusti<\/td>\n<td width=\"52\">MTB<\/td>\n<td width=\"121\">V\u00e4ster\u00e5s CK<\/td>\n<td width=\"121\"><a href=\"https:\/\/scf.se\/distrikt-vastmanland\/wp-content\/uploads\/sites\/14\/2025\/06\/Inbjudan-Vastmanlands-Cup-Vasteras.pdf\">Inbjudan<\/a><\/td>\n<td width=\"121\"><a href=\"https:\/\/scf.se\/distrikt-vastmanland\/wp-content\/uploads\/sites\/14\/2025\/08\/Resultat-Vastmanlands-Cup-Vasteras-CK-2025-08-20-1.pdf\">Resultat<\/a><\/td>\n<\/tr>\n<tr>\n<td width=\"190\">Onsdag 27 augusti<\/td>\n<td width=\"52\">MTB<\/td>\n<td width=\"121\">Norbergs CK<\/td>\n<td width=\"121\"><a href=\"https:\/\/scf.se\/distrikt-vastmanland\/wp-content\/uploads\/sites\/14\/2025\/08\/Inbjudan-Vastmanlands-cup-2025-Norberg.pdf\">Inbjudan<\/a><\/td>\n<td width=\"121\"><a href=\"https:\/\/scf.se\/distrikt-vastmanland\/wp-content\/uploads\/sites\/14\/2025\/08\/Resultat-Vastmanlands-Cup-Norbergs-CK-2025-08-27.pdf\">Resultat<\/a><\/td>\n<\/tr>\n<tr>\n<td width=\"190\">S\u00f6ndag 7 september<\/td>\n<td width=\"52\">LVG<\/td>\n<td width=\"121\">V\u00e4ster\u00e5s CK<\/td>\n<td width=\"121\"><a href=\"https:\/\/scf.se\/distrikt-vastmanland\/wp-content\/uploads\/sites\/14\/2025\/08\/inbjudan-v-cup-2025-09-07.pdf\">Inbjudan<\/a><\/td>\n<td width=\"121\"><a href=\"https:\/\/scf.se\/distrikt-vastmanland\/wp-content\/uploads\/sites\/14\/2025\/09\/Resultat-Vastmanlands-Cup-Vasteras-CK-2025-09-07.pdf\">Resultat<\/a><\/td>\n<\/tr>\n<\/tbody>\n<\/table>\n<h2>Sammanlagt cupresultat<\/h2>\n<p>H\u00e4r \u00e4r det <a href=\"https:\/\/scf.se\/distrikt-vastmanland\/wp-content\/uploads\/sites\/14\/2025\/09\/Resultat-Vastmanlands-Cup-2025.pdf\">sammanlagda cupresultatet<\/a> efter alla sju delt\u00e4vlingar. T\u00e4nk p\u00e5 att det \u00e4r sex delt\u00e4vlingar av sju som r\u00e4knas i slutresultatet enligt reglerna.<\/p>\n","protected":false},"excerpt":{"rendered":"<p>OBS! Om du anv\u00e4nder en mobil f\u00f6r att se p\u00e5 sidan s\u00e5 kan du beh\u00f6va rotera telefonen 90 grader f\u00f6r att kunna se alla inbjudningar och resultat. OBS! Kungs\u00f6rs CKs delt\u00e4vling onsdagen den 14 maj har blivit inst\u00e4lld p\u00e5 grund av skogsavverkning. Program f\u00f6r V\u00e4stmanlands Cup 2025 Datum Gren Klubb Inbjudan Resultat S\u00f6ndag 25<a href=\"https:\/\/scf.se\/distrikt-vastmanland\/vastmanlands-cup-2\/vastmanlands-cup-2025\/\" class=\"news-card__more\"> &#8230;<\/a><\/p>\n","protected":false},"author":47,"featured_media":296,"parent":133,"menu_order":0,"comment_status":"closed","ping_status":"closed","template":"","meta":{"_acf_changed":false,"footnotes":""},"class_list":["post-321","page","type-page","status-publish","hentry"],"acf":[],"_links":{"self":[{"href":"https:\/\/scf.se\/distrikt-vastmanland\/wp-json\/wp\/v2\/pages\/321","targetHints":{"allow":["GET"]}}],"collection":[{"href":"https:\/\/scf.se\/distrikt-vastmanland\/wp-json\/wp\/v2\/pages"}],"about":[{"href":"https:\/\/scf.se\/distrikt-vastmanland\/wp-json\/wp\/v2\/types\/page"}],"author":[{"embeddable":true,"href":"https:\/\/scf.se\/distrikt-vastmanland\/wp-json\/wp\/v2\/users\/47"}],"replies":[{"embeddable":true,"href":"https:\/\/scf.se\/distrikt-vastmanland\/wp-json\/wp\/v2\/comments?post=321"}],"version-history":[{"count":32,"href":"https:\/\/scf.se\/distrikt-vastmanland\/wp-json\/wp\/v2\/pages\/321\/revisions"}],"predecessor-version":[{"id":396,"href":"https:\/\/scf.se\/distrikt-vastmanland\/wp-json\/wp\/v2\/pages\/321\/revisions\/396"}],"up":[{"embeddable":true,"href":"https:\/\/scf.se\/distrikt-vastmanland\/wp-json\/wp\/v2\/pages\/133"}],"wp:featuredmedia":[{"embeddable":true,"href":"https:\/\/scf.se\/distrikt-vastmanland\/wp-json\/wp\/v2\/media\/296"}],"wp:attachment":[{"href":"https:\/\/scf.se\/distrikt-vastmanland\/wp-json\/wp\/v2\/media?parent=321"}],"curies":[{"name":"wp","href":"https:\/\/api.w.org\/{rel}","templated":true}]}}