
{"id":225,"date":"2024-04-16T22:07:07","date_gmt":"2024-04-16T20:07:07","guid":{"rendered":"https:\/\/scf.se\/distrikt-vastmanland\/?page_id=225"},"modified":"2024-09-10T10:39:55","modified_gmt":"2024-09-10T08:39:55","slug":"vastmanlands-cup-2024","status":"publish","type":"page","link":"https:\/\/scf.se\/distrikt-vastmanland\/vastmanlands-cup-2\/vastmanlands-cup-2024\/","title":{"rendered":"V\u00e4stmanlands Cup 2024"},"content":{"rendered":"<p>OBS! Om du anv\u00e4nder en mobil f\u00f6r att se p\u00e5 sidan s\u00e5 kan du beh\u00f6va rotera telefonen 90 grader f\u00f6r att kunna se alla inbjudningar och resultat.<\/p>\n<h2>Program f\u00f6r V\u00e4stmanlands Cup 2024<\/h2>\n<table width=\"558\">\n<tbody>\n<tr>\n<td width=\"190\"><strong>Datum<\/strong><\/td>\n<td width=\"52\"><strong>Gren<\/strong><\/td>\n<td width=\"135\"><strong>Klubb<\/strong><\/td>\n<td width=\"121\"><strong>Inbjudan<\/strong><\/td>\n<td width=\"121\"><strong>Resultat<\/strong><\/td>\n<\/tr>\n<tr>\n<td width=\"190\">S\u00f6ndag 5 maj<\/td>\n<td width=\"52\">MTB<\/td>\n<td width=\"121\">Skultuna AIK<\/td>\n<td width=\"121\"><a href=\"https:\/\/scf.se\/distrikt-vastmanland\/wp-content\/uploads\/sites\/14\/2024\/04\/2024-Inbjudan-V-Cup-MTB-Skultuna.pdf\">Inbjudan<\/a><\/td>\n<td width=\"121\"><a href=\"https:\/\/scf.se\/distrikt-vastmanland\/wp-content\/uploads\/sites\/14\/2024\/05\/Resultat-Vastmanlands-Cup-Skultuna-Allmana-Idrottsklubb-2024-05-05.pdf\">Resultat<\/a><\/td>\n<\/tr>\n<tr>\n<td width=\"190\">Onsdag 15 maj<\/td>\n<td width=\"52\">MTB<\/td>\n<td width=\"121\">Kungs\u00f6rs CK<\/td>\n<td width=\"121\"><a href=\"https:\/\/scf.se\/distrikt-vastmanland\/wp-content\/uploads\/sites\/14\/2024\/05\/Inbjudan-Vastmanlands-Cup-2024-KSK.pdf\">Inbjudan<\/a><\/td>\n<td width=\"121\"><a href=\"https:\/\/scf.se\/distrikt-vastmanland\/wp-content\/uploads\/sites\/14\/2024\/05\/Resultat-Vastmanlands-Cup-Kungsors-SK-2024-05-15.pdf\">Resultat<\/a><\/td>\n<\/tr>\n<tr>\n<td width=\"190\">Onsdag 29 maj<\/td>\n<td width=\"52\">LVG<\/td>\n<td width=\"121\">Ramn\u00e4s CK<\/td>\n<td width=\"121\"><a href=\"https:\/\/scf.se\/distrikt-vastmanland\/wp-content\/uploads\/sites\/14\/2024\/05\/Inbjudan-Vastmanlands-Cup-2024-Ramnas.pdf\">Inbjudan<\/a><\/td>\n<td width=\"121\"><a href=\"https:\/\/scf.se\/distrikt-vastmanland\/wp-content\/uploads\/sites\/14\/2024\/06\/Resultat-Vastmanlands-Cup-Ramnas-CK-2024-05-29.pdf\">Resultat<\/a><\/td>\n<\/tr>\n<tr>\n<td width=\"190\">Onsdag 5 juni<\/td>\n<td width=\"52\">MTB<\/td>\n<td width=\"121\">Norbergs CK<\/td>\n<td width=\"121\"><a href=\"https:\/\/scf.se\/distrikt-vastmanland\/wp-content\/uploads\/sites\/14\/2024\/05\/Inbjudan-Vastmanlands-Cup-2024-Norberg.pdf\">Inbjudan<\/a><\/td>\n<td width=\"121\"><a href=\"https:\/\/scf.se\/distrikt-vastmanland\/wp-content\/uploads\/sites\/14\/2024\/06\/Resultat-Vastmanlands-Cup-Norbergs-CK-2024-06-05.pdf\">Resultat<\/a><\/td>\n<\/tr>\n<tr>\n<td width=\"190\"><\/td>\n<td width=\"52\"><\/td>\n<td width=\"121\"><\/td>\n<td width=\"121\"><\/td>\n<td width=\"121\"><\/td>\n<\/tr>\n<tr>\n<td width=\"190\">Onsdag 14 augusti<\/td>\n<td width=\"52\">MTB<\/td>\n<td width=\"121\">IFK Sala<\/td>\n<td width=\"121\"><a href=\"https:\/\/scf.se\/distrikt-vastmanland\/wp-content\/uploads\/sites\/14\/2024\/08\/Vastmanlands-cup-Sala-2024.pdf\">Inbjudan<\/a><\/td>\n<td width=\"121\"><a href=\"https:\/\/scf.se\/distrikt-vastmanland\/wp-content\/uploads\/sites\/14\/2024\/08\/Resultat-Vastmanlands-Cup-IFK-Sala-2024-08-14.pdf\">Resultat<\/a><\/td>\n<\/tr>\n<tr>\n<td width=\"190\">Onsdag 21 augusti<\/td>\n<td width=\"52\">MTB<\/td>\n<td width=\"121\">V\u00e4ster\u00e5s CK<\/td>\n<td width=\"121\"><a href=\"https:\/\/scf.se\/distrikt-vastmanland\/wp-content\/uploads\/sites\/14\/2024\/08\/Inbjudan-Vastmanlands-Cup-Vasteras.pdf\">Inbjudan<\/a><\/td>\n<td width=\"121\"><a href=\"https:\/\/scf.se\/distrikt-vastmanland\/wp-content\/uploads\/sites\/14\/2024\/08\/Resultat-Vastmanlands-Cup-Vasteras-CK-2024-08-21.pdf\">Resultat<\/a><\/td>\n<\/tr>\n<tr>\n<td width=\"190\">S\u00f6ndag 1 september<\/td>\n<td width=\"52\">LVG<\/td>\n<td width=\"121\">V\u00e4ster\u00e5s CK<\/td>\n<td width=\"121\"><a href=\"https:\/\/scf.se\/distrikt-vastmanland\/wp-content\/uploads\/sites\/14\/2024\/08\/Inbjudan-v-cup-Anundsloppet-2024.pdf\">Inbjudan<\/a><\/td>\n<td width=\"121\"><a href=\"https:\/\/scf.se\/distrikt-vastmanland\/wp-content\/uploads\/sites\/14\/2024\/09\/Resultat-Vastmanlands-Cup-Vasteras-CK-2024-09-01.pdf\">Resultat<\/a><\/td>\n<\/tr>\n<tr>\n<td width=\"190\">S\u00f6ndag 8 september<\/td>\n<td width=\"52\">MTB<\/td>\n<td width=\"121\">G\u00e4ddeholms SC<\/td>\n<td width=\"121\"><a href=\"https:\/\/scf.se\/distrikt-vastmanland\/wp-content\/uploads\/sites\/14\/2024\/08\/Inbjudan-till-Vastmanland-cup-Gaddeholm.pdf\">Inbjudan<\/a><\/td>\n<td width=\"121\"><a href=\"https:\/\/scf.se\/distrikt-vastmanland\/wp-content\/uploads\/sites\/14\/2024\/09\/Resultat-Vastmanlands-Cup-Gaddeholm-SC-2024-09-08.pdf\">Resultat<\/a><\/td>\n<\/tr>\n<\/tbody>\n<\/table>\n<h2>Sammanlagt cupresultat<\/h2>\n<p>H\u00e4r \u00e4r det slutgiltiga <a href=\"https:\/\/scf.se\/distrikt-vastmanland\/wp-content\/uploads\/sites\/14\/2024\/09\/Resultat-Vastmanlands-Cup-2024-1.pdf\">sammanlagda cupresultat<\/a> efter alla \u00e5tta delt\u00e4vlingarna.<\/p>\n","protected":false},"excerpt":{"rendered":"<p>OBS! Om du anv\u00e4nder en mobil f\u00f6r att se p\u00e5 sidan s\u00e5 kan du beh\u00f6va rotera telefonen 90 grader f\u00f6r att kunna se alla inbjudningar och resultat. Program f\u00f6r V\u00e4stmanlands Cup 2024 Datum Gren Klubb Inbjudan Resultat S\u00f6ndag 5 maj MTB Skultuna AIK Inbjudan Resultat Onsdag 15 maj MTB Kungs\u00f6rs CK Inbjudan Resultat Onsdag<a href=\"https:\/\/scf.se\/distrikt-vastmanland\/vastmanlands-cup-2\/vastmanlands-cup-2024\/\" class=\"news-card__more\"> &#8230;<\/a><\/p>\n","protected":false},"author":47,"featured_media":18,"parent":133,"menu_order":1,"comment_status":"closed","ping_status":"closed","template":"","meta":{"_acf_changed":false,"footnotes":""},"class_list":["post-225","page","type-page","status-publish","hentry"],"acf":[],"_links":{"self":[{"href":"https:\/\/scf.se\/distrikt-vastmanland\/wp-json\/wp\/v2\/pages\/225","targetHints":{"allow":["GET"]}}],"collection":[{"href":"https:\/\/scf.se\/distrikt-vastmanland\/wp-json\/wp\/v2\/pages"}],"about":[{"href":"https:\/\/scf.se\/distrikt-vastmanland\/wp-json\/wp\/v2\/types\/page"}],"author":[{"embeddable":true,"href":"https:\/\/scf.se\/distrikt-vastmanland\/wp-json\/wp\/v2\/users\/47"}],"replies":[{"embeddable":true,"href":"https:\/\/scf.se\/distrikt-vastmanland\/wp-json\/wp\/v2\/comments?post=225"}],"version-history":[{"count":26,"href":"https:\/\/scf.se\/distrikt-vastmanland\/wp-json\/wp\/v2\/pages\/225\/revisions"}],"predecessor-version":[{"id":291,"href":"https:\/\/scf.se\/distrikt-vastmanland\/wp-json\/wp\/v2\/pages\/225\/revisions\/291"}],"up":[{"embeddable":true,"href":"https:\/\/scf.se\/distrikt-vastmanland\/wp-json\/wp\/v2\/pages\/133"}],"wp:featuredmedia":[{"embeddable":true,"href":"https:\/\/scf.se\/distrikt-vastmanland\/wp-json\/wp\/v2\/media\/18"}],"wp:attachment":[{"href":"https:\/\/scf.se\/distrikt-vastmanland\/wp-json\/wp\/v2\/media?parent=225"}],"curies":[{"name":"wp","href":"https:\/\/api.w.org\/{rel}","templated":true}]}}