
{"id":14,"date":"2023-01-04T08:44:10","date_gmt":"2023-01-04T07:44:10","guid":{"rendered":"https:\/\/scf.se\/distrikt-vastmanland\/?page_id=14"},"modified":"2023-03-19T15:40:58","modified_gmt":"2023-03-19T14:40:58","slug":"klubbar","status":"publish","type":"page","link":"https:\/\/scf.se\/distrikt-vastmanland\/klubbar\/","title":{"rendered":"Klubbar"},"content":{"rendered":"<p>H\u00e4r finner du klubbarna som tillh\u00f6r V\u00e4stmanlands Cykelf\u00f6rbund.<\/p>\n<h4><strong>Fagersta S\u00f6dra Idrottsklubb<\/strong><\/h4>\n<p style=\"padding-left: 40px\">E-post: <a href=\"mailto:leif.westberg@gmail.com\">leif.westberg@gmail.com<\/a><br \/>\n<a href=\"https:\/\/www.laget.se\/FSIK\">Hemsida<\/a><\/p>\n<h4><strong>F\u00f6reningen Hallsta Mountainbike<\/strong><\/h4>\n<p style=\"padding-left: 40px\">E-post: <a href=\"mailto:rob80west@hotmail.com\">rob80west@hotmail.com<\/a><\/p>\n<h4><strong>G\u00e4ddeholm Stigcyklister<\/strong><\/h4>\n<p style=\"padding-left: 40px\">E-post: <a href=\"mailto:gaddeholmsc@gmail.com\">gaddeholmsc@gmail.com<\/a><\/p>\n<h4><strong>IFK Sala<\/strong><\/h4>\n<p style=\"padding-left: 40px\">E-post: <a href=\"mailto:maria.wallin0224@gmail.com\">maria.wallin0224@gmail.com<\/a><br \/>\n<a href=\"https:\/\/www.ifksala.se\/\">Hemsida<\/a><br \/>\n<a href=\"https:\/\/www.facebook.com\/ifksala.se\/\">Facebook<\/a><\/p>\n<h4><strong>Kungs\u00f6rs Sportklubb<\/strong><\/h4>\n<p style=\"padding-left: 40px\">E-post: <a href=\"mailto:info@kungsorssk.se\">info@kungsorssk.se<\/a><br \/>\n<a href=\"https:\/\/kungsorssk.se\/\">Hemsida<\/a><br \/>\n<a href=\"https:\/\/www.facebook.com\/KungsorsSK\/\">Facebook<\/a><\/p>\n<h4><strong>K\u00f6pings Cykelklubb<\/strong><\/h4>\n<p style=\"padding-left: 40px\">E-post: <a href=\"mailto:info@kopingsck.se\">info@kopingsck.se<\/a><br \/>\n<a href=\"https:\/\/www.facebook.com\/groups\/195609093810647\/\">Facebook<\/a><\/p>\n<h4><strong>Med\u00e5kers Idrottsf\u00f6rening<\/strong><\/h4>\n<p style=\"padding-left: 40px\">E-post: <a href=\"mailto:mif@medakersif.se\">mif@medakersif.se<\/a><br \/>\n<a href=\"https:\/\/www.facebook.com\/medakersif\/\">Facebook<\/a><\/p>\n<h4><strong>Norbergs Cykelklubb<\/strong><\/h4>\n<p style=\"padding-left: 40px\">E-post: <a href=\"mailto:info@norbergsck.com\">info@norbergsck.com<\/a><br \/>\n<a href=\"https:\/\/www.norbergsck.com\/\">Hemsida<\/a><br \/>\n<a href=\"https:\/\/www.facebook.com\/norbergs.cykelklubb\/\">Facebook<\/a><\/p>\n<h4><strong>Ramn\u00e4s Cykelklubb<\/strong><\/h4>\n<p style=\"padding-left: 40px\">E-post: <a href=\"mailto:ramnasck@gmail.com\">ramnasck@gmail.com<\/a><br \/>\n<a href=\"https:\/\/www.facebook.com\/groups\/429717193829360\/\">Facebook<\/a><\/p>\n<h4><strong>Sala Cykelklubb<\/strong><\/h4>\n<p style=\"padding-left: 40px\">E-post: <a href=\"mailto:paanders80@hotmail.com\">paanders80@hotmail.com<\/a><br \/>\n<a href=\"https:\/\/www.facebook.com\/groups\/195417270613353\/\">Facebook<\/a><\/p>\n<h4><strong>Skultuna Allm\u00e4nna Idrottsklubb<\/strong><\/h4>\n<p style=\"padding-left: 40px\">E-post: <a href=\"mailto:kassor@skultunaaik.nu\">kassor@skultunaaik.nu<\/a><br \/>\n<a href=\"https:\/\/skultunaaik.nu\/\">Hemsida<\/a><br \/>\n<a href=\"https:\/\/www.facebook.com\/skultunaaik\/\">Facebook<\/a><\/p>\n<h4><strong>V\u00e4ster\u00e5s Cykelklubb<\/strong><\/h4>\n<p style=\"padding-left: 40px\">E-post: <a href=\"mailto:sekreterare@vasterasck.se\">sekreterare@vasterasck.se<\/a><br \/>\n<a href=\"https:\/\/vasterasck.se\/\">Hemsida<\/a><br \/>\n<a href=\"https:\/\/www.facebook.com\/vasterascykelklubb\/\">Facebook<\/a><\/p>\n","protected":false},"excerpt":{"rendered":"<p>H\u00e4r finner du klubbarna som tillh\u00f6r V\u00e4stmanlands Cykelf\u00f6rbund. Fagersta S\u00f6dra Idrottsklubb E-post: leif.westberg@gmail.com Hemsida F\u00f6reningen Hallsta Mountainbike E-post: rob80west@hotmail.com G\u00e4ddeholm Stigcyklister E-post: gaddeholmsc@gmail.com IFK Sala E-post: maria.wallin0224@gmail.com Hemsida Facebook Kungs\u00f6rs Sportklubb E-post: info@kungsorssk.se Hemsida Facebook K\u00f6pings Cykelklubb E-post: info@kopingsck.se Facebook Med\u00e5kers Idrottsf\u00f6rening E-post: mif@medakersif.se Facebook Norbergs Cykelklubb E-post: info@norbergsck.com Hemsida Facebook Ramn\u00e4s Cykelklubb E-post:<a href=\"https:\/\/scf.se\/distrikt-vastmanland\/klubbar\/\" class=\"news-card__more\"> &#8230;<\/a><\/p>\n","protected":false},"author":46,"featured_media":76,"parent":0,"menu_order":0,"comment_status":"closed","ping_status":"closed","template":"","meta":{"_acf_changed":false,"footnotes":""},"class_list":["post-14","page","type-page","status-publish","hentry"],"acf":[],"_links":{"self":[{"href":"https:\/\/scf.se\/distrikt-vastmanland\/wp-json\/wp\/v2\/pages\/14","targetHints":{"allow":["GET"]}}],"collection":[{"href":"https:\/\/scf.se\/distrikt-vastmanland\/wp-json\/wp\/v2\/pages"}],"about":[{"href":"https:\/\/scf.se\/distrikt-vastmanland\/wp-json\/wp\/v2\/types\/page"}],"author":[{"embeddable":true,"href":"https:\/\/scf.se\/distrikt-vastmanland\/wp-json\/wp\/v2\/users\/46"}],"replies":[{"embeddable":true,"href":"https:\/\/scf.se\/distrikt-vastmanland\/wp-json\/wp\/v2\/comments?post=14"}],"version-history":[{"count":0,"href":"https:\/\/scf.se\/distrikt-vastmanland\/wp-json\/wp\/v2\/pages\/14\/revisions"}],"wp:featuredmedia":[{"embeddable":true,"href":"https:\/\/scf.se\/distrikt-vastmanland\/wp-json\/wp\/v2\/media\/76"}],"wp:attachment":[{"href":"https:\/\/scf.se\/distrikt-vastmanland\/wp-json\/wp\/v2\/media?parent=14"}],"curies":[{"name":"wp","href":"https:\/\/api.w.org\/{rel}","templated":true}]}}