
{"id":133,"date":"2023-03-19T16:00:30","date_gmt":"2023-03-19T15:00:30","guid":{"rendered":"https:\/\/scf.se\/distrikt-vastmanland\/?page_id=133"},"modified":"2025-04-21T23:07:23","modified_gmt":"2025-04-21T21:07:23","slug":"vastmanlands-cup-2","status":"publish","type":"page","link":"https:\/\/scf.se\/distrikt-vastmanland\/vastmanlands-cup-2\/","title":{"rendered":"V\u00e4stmanlands Cup"},"content":{"rendered":"<p>Syftet med V\u00e4stmanlands Cup \u00e4r att ge barn och ungdomar i v\u00e5rt distrikt m\u00f6jlighet att t\u00e4vla under enkla och s\u00e4kra former, i n\u00e4rheten av bostadsorten. Det viktigaste \u00e4r att delta, tr\u00e4ffa andra cyklande barn och ungdomar, och att ha roligt.<\/p>\n<p><a href=\"https:\/\/scf.se\/distrikt-vastmanland\/vastmanlands-cup-2\/vastmanlands-cup\/\">Riktlinjer och tips<\/a><br \/>\nHur en delt\u00e4vling anordnas och tider f\u00f6r inbjudningar och resultat.<\/p>\n<p><a href=\"https:\/\/scf.se\/distrikt-vastmanland\/vastmanlands-cup-2\/vastmanlands-cup-2025\/\">V\u00e4stmanlands Cup 2025<\/a><br \/>\nProgram, inbjudningar och resultat.<\/p>\n<p><a href=\"https:\/\/scf.se\/distrikt-vastmanland\/vastmanlands-cup-2\/vastmanlands-cup-2024\/\">V\u00e4stmanlands Cup 2024<\/a><br \/>\nProgram, inbjudningar och resultat.<\/p>\n<p><a href=\"https:\/\/scf.se\/distrikt-vastmanland\/vastmanlands-cup-2\/vastmanlands-cup-2023\/\">V\u00e4stmanlands Cup 2023<\/a><br \/>\nProgram, inbjudningar och resultat.<\/p>\n","protected":false},"excerpt":{"rendered":"<p>Syftet med V\u00e4stmanlands Cup \u00e4r att ge barn och ungdomar i v\u00e5rt distrikt m\u00f6jlighet att t\u00e4vla under enkla och s\u00e4kra former, i n\u00e4rheten av bostadsorten. Det viktigaste \u00e4r att delta, tr\u00e4ffa andra cyklande barn och ungdomar, och att ha roligt. Riktlinjer och tips Hur en delt\u00e4vling anordnas och tider f\u00f6r inbjudningar och resultat. V\u00e4stmanlands<a href=\"https:\/\/scf.se\/distrikt-vastmanland\/vastmanlands-cup-2\/\" class=\"news-card__more\"> &#8230;<\/a><\/p>\n","protected":false},"author":47,"featured_media":188,"parent":0,"menu_order":0,"comment_status":"closed","ping_status":"closed","template":"","meta":{"_acf_changed":false,"footnotes":""},"class_list":["post-133","page","type-page","status-publish","hentry"],"acf":[],"_links":{"self":[{"href":"https:\/\/scf.se\/distrikt-vastmanland\/wp-json\/wp\/v2\/pages\/133","targetHints":{"allow":["GET"]}}],"collection":[{"href":"https:\/\/scf.se\/distrikt-vastmanland\/wp-json\/wp\/v2\/pages"}],"about":[{"href":"https:\/\/scf.se\/distrikt-vastmanland\/wp-json\/wp\/v2\/types\/page"}],"author":[{"embeddable":true,"href":"https:\/\/scf.se\/distrikt-vastmanland\/wp-json\/wp\/v2\/users\/47"}],"replies":[{"embeddable":true,"href":"https:\/\/scf.se\/distrikt-vastmanland\/wp-json\/wp\/v2\/comments?post=133"}],"version-history":[{"count":5,"href":"https:\/\/scf.se\/distrikt-vastmanland\/wp-json\/wp\/v2\/pages\/133\/revisions"}],"predecessor-version":[{"id":323,"href":"https:\/\/scf.se\/distrikt-vastmanland\/wp-json\/wp\/v2\/pages\/133\/revisions\/323"}],"wp:featuredmedia":[{"embeddable":true,"href":"https:\/\/scf.se\/distrikt-vastmanland\/wp-json\/wp\/v2\/media\/188"}],"wp:attachment":[{"href":"https:\/\/scf.se\/distrikt-vastmanland\/wp-json\/wp\/v2\/media?parent=133"}],"curies":[{"name":"wp","href":"https:\/\/api.w.org\/{rel}","templated":true}]}}