
{"id":39,"date":"2023-03-24T11:55:55","date_gmt":"2023-03-24T10:55:55","guid":{"rendered":"https:\/\/scf.se\/distrikt-varmland\/?page_id=39"},"modified":"2023-03-29T15:29:45","modified_gmt":"2023-03-29T13:29:45","slug":"2014-2","status":"publish","type":"page","link":"https:\/\/scf.se\/distrikt-varmland\/2014-2\/","title":{"rendered":"2014"},"content":{"rendered":"<p><strong>Resultat<\/strong><\/p>\n<p><a href=\"https:\/\/scf.se\/distrikt-varmland\/wp-content\/uploads\/sites\/16\/2023\/03\/Totalstallning-Cuperna-2014.pdf\">Totalst\u00e4llning Cuperna 2014<\/a><\/p>\n<p><a href=\"https:\/\/scf.se\/distrikt-varmland\/wp-content\/uploads\/sites\/16\/2023\/03\/MTB-Cupstallning-2014-09-09.pdf\">MTB Cupst\u00e4llning 2014-09-09<\/a><\/p>\n<p><a href=\"https:\/\/scf.se\/distrikt-varmland\/wp-content\/uploads\/sites\/16\/2023\/03\/Poangstallning-LVG-CUP-2014.pdf\">LVG Cupst\u00e4llning 2014<\/a><\/p>\n<p><a href=\"https:\/\/scf.se\/distrikt-varmland\/wp-content\/uploads\/sites\/16\/2023\/03\/MTB-DM-2014.pdf\">Resultat MTB-DM 2014<\/a><\/p>\n<p><a href=\"https:\/\/scf.se\/distrikt-varmland\/wp-content\/uploads\/sites\/16\/2023\/03\/Linje-DM-2014.pdf\">Resultat Linje DM 2014<\/a><\/p>\n<p><a href=\"https:\/\/scf.se\/distrikt-varmland\/wp-content\/uploads\/sites\/16\/2023\/03\/Tempo-DM-2014.pdf\">Resultat Tempo DM 2014<\/a><\/p>\n<p><a href=\"https:\/\/scf.se\/distrikt-varmland\/wp-content\/uploads\/sites\/16\/2023\/03\/Motlutet-2014.pdf\">Resultat Motlutet 2014<\/a><\/p>\n<p><a href=\"https:\/\/scf.se\/distrikt-varmland\/wp-content\/uploads\/sites\/16\/2023\/03\/Resultat-Kristinehamns-MTB-2014.pdf\">Resultat Kristinehamns MTB 2014-06-17<\/a><\/p>\n<p><a href=\"https:\/\/scf.se\/distrikt-varmland\/wp-content\/uploads\/sites\/16\/2023\/03\/MTB-2014-09-09-Arvika.pdf\">Resultat Arvika MTB 2014-09-09<\/a><\/p>\n<p><a href=\"https:\/\/scf.se\/distrikt-varmland\/wp-content\/uploads\/sites\/16\/2023\/03\/Resultat-Karlskoga-2014-05-27.pdf\">Resultat Karlskoga 2014-05-27<\/a><\/p>\n<p><a href=\"https:\/\/scf.se\/distrikt-varmland\/wp-content\/uploads\/sites\/16\/2023\/03\/Resultat-Kristinehamns-MTB-2014.pdf\">Resultat Kristinehamns MTB 2014<\/a><\/p>\n<p><a href=\"https:\/\/scf.se\/distrikt-varmland\/wp-content\/uploads\/sites\/16\/2023\/03\/Resultat-OK-tyr-MTB-2014-08-12.pdf\">Resultat OK tyr MTB 2014-08-12<\/a><\/p>\n<p><a href=\"https:\/\/scf.se\/distrikt-varmland\/wp-content\/uploads\/sites\/16\/2023\/03\/Resultat-MTB-2014-08-26-Filipstad.pdf\">Resultat Filipstad MTB\u00a02014-08-26<\/a><\/p>\n<p><a href=\"https:\/\/scf.se\/distrikt-varmland\/wp-content\/uploads\/sites\/16\/2023\/03\/Karlskoga-LVG-2014-08-19.pdf\">Resultat Karlskoga LVG 2014-08-19<\/a><\/p>\n<p><a href=\"https:\/\/scf.se\/distrikt-varmland\/wp-content\/uploads\/sites\/16\/2023\/03\/Resultat-Skoghalls-Tempot-2014.pdf\">Resultat Skoghalls Tempot 2014<\/a><\/p>\n<p><a href=\"https:\/\/scf.se\/distrikt-varmland\/wp-content\/uploads\/sites\/16\/2023\/03\/Resultat-VCF-GP-2014.pdf\">Resultat VCF GP 2014<\/a><\/p>\n<p><a href=\"https:\/\/scf.se\/distrikt-varmland\/wp-content\/uploads\/sites\/16\/2023\/03\/Karlskoga-LVG-2014-08-19.pdf\">Resultat Karlskoga LVG 2014-08-19<\/a><\/p>\n<p><a href=\"https:\/\/scf.se\/distrikt-varmland\/wp-content\/uploads\/sites\/16\/2023\/03\/Solsta-tempot-2014-09-02.pdf\">Resultat Solsta tempot 2014-09-02<\/a><\/p>\n<p>&nbsp;<\/p>\n<p>&nbsp;<\/p>\n","protected":false},"excerpt":{"rendered":"<p>Resultat Totalst\u00e4llning Cuperna 2014 MTB Cupst\u00e4llning 2014-09-09 LVG Cupst\u00e4llning 2014 Resultat MTB-DM 2014 Resultat Linje DM 2014 Resultat Tempo DM 2014 Resultat Motlutet 2014 Resultat Kristinehamns MTB 2014-06-17 Resultat Arvika MTB 2014-09-09 Resultat Karlskoga 2014-05-27 Resultat Kristinehamns MTB 2014 Resultat OK tyr MTB 2014-08-12 Resultat Filipstad MTB\u00a02014-08-26 Resultat Karlskoga LVG 2014-08-19 Resultat Skoghalls Tempot<a href=\"https:\/\/scf.se\/distrikt-varmland\/2014-2\/\" class=\"news-card__more\"> &#8230;<\/a><\/p>\n","protected":false},"author":46,"featured_media":0,"parent":0,"menu_order":0,"comment_status":"closed","ping_status":"closed","template":"","meta":{"_acf_changed":false,"footnotes":""},"class_list":["post-39","page","type-page","status-publish","hentry"],"acf":[],"_links":{"self":[{"href":"https:\/\/scf.se\/distrikt-varmland\/wp-json\/wp\/v2\/pages\/39","targetHints":{"allow":["GET"]}}],"collection":[{"href":"https:\/\/scf.se\/distrikt-varmland\/wp-json\/wp\/v2\/pages"}],"about":[{"href":"https:\/\/scf.se\/distrikt-varmland\/wp-json\/wp\/v2\/types\/page"}],"author":[{"embeddable":true,"href":"https:\/\/scf.se\/distrikt-varmland\/wp-json\/wp\/v2\/users\/46"}],"replies":[{"embeddable":true,"href":"https:\/\/scf.se\/distrikt-varmland\/wp-json\/wp\/v2\/comments?post=39"}],"version-history":[{"count":0,"href":"https:\/\/scf.se\/distrikt-varmland\/wp-json\/wp\/v2\/pages\/39\/revisions"}],"wp:attachment":[{"href":"https:\/\/scf.se\/distrikt-varmland\/wp-json\/wp\/v2\/media?parent=39"}],"curies":[{"name":"wp","href":"https:\/\/api.w.org\/{rel}","templated":true}]}}