
{"id":38,"date":"2023-03-24T11:55:32","date_gmt":"2023-03-24T10:55:32","guid":{"rendered":"https:\/\/scf.se\/distrikt-varmland\/?page_id=38"},"modified":"2023-04-05T19:46:21","modified_gmt":"2023-04-05T17:46:21","slug":"2015-2","status":"publish","type":"page","link":"https:\/\/scf.se\/distrikt-varmland\/2015-2\/","title":{"rendered":"2015"},"content":{"rendered":"<p><strong>Resultat<\/strong><\/p>\n<p><a href=\"https:\/\/scf.se\/distrikt-varmland\/wp-content\/uploads\/sites\/16\/2023\/04\/Poangstallning-V-Serien-MTB-20151008-1.pdf\">Po\u00e4ngst\u00e4llning V-Serien MTB 20151008<\/a><\/p>\n<p><a href=\"https:\/\/scf.se\/distrikt-varmland\/wp-content\/uploads\/sites\/16\/2023\/04\/Poangstallning-cuperna-V-Serien-2015-150825-1.pdf\">Po\u00e4ngst\u00e4llning cuperna V-Serien 2015 <\/a><\/p>\n<p><a href=\"https:\/\/scf.se\/distrikt-varmland\/wp-content\/uploads\/sites\/16\/2023\/04\/Resultat-Arvika-Tempot-2015-1.pdf\">Resultat Arvika Tempot 2015<\/a><\/p>\n<p><a href=\"https:\/\/scf.se\/distrikt-varmland\/wp-content\/uploads\/sites\/16\/2023\/04\/Resultat-Arvika-Tempot-DM-2015-1.pdf\">Resultat Arvika Tempot DM 2015<\/a><\/p>\n<p><a href=\"https:\/\/scf.se\/distrikt-varmland\/wp-content\/uploads\/sites\/16\/2023\/04\/Resultat-Arvika-GP-2015-1.pdf\">Resultat Arvika GP 2015<\/a><\/p>\n<p><a href=\"https:\/\/scf.se\/distrikt-varmland\/wp-content\/uploads\/sites\/16\/2023\/04\/Resultat-Filipstad-2015-nyborjare-1.pdf\">Resultat Filipstad 2015 nyb\u00f6rjare<\/a><\/p>\n<p><a href=\"https:\/\/scf.se\/distrikt-varmland\/wp-content\/uploads\/sites\/16\/2023\/04\/Resultat-Filipstads-MTB-2015-1.pdf\">Resultat Filipstads MTB 2015<\/a><\/p>\n<p><a href=\"https:\/\/scf.se\/distrikt-varmland\/wp-content\/uploads\/sites\/16\/2023\/04\/Resultat-Forshaga-MTB-2-2015-1.pdf\">Resultat Forshaga MTB 2 2015<\/a><\/p>\n<p><a href=\"https:\/\/scf.se\/distrikt-varmland\/wp-content\/uploads\/sites\/16\/2023\/04\/Resultat-forshaga-MTB-2015.pdf\">Resultat Forshaga MTB 2015<\/a><\/p>\n<p><a href=\"https:\/\/scf.se\/distrikt-varmland\/wp-content\/uploads\/sites\/16\/2023\/04\/Resultat-Forshaga-Nyborjare-2015-1.pdf\">Resultat Forshaga Nyb\u00f6rjare 2015<\/a><\/p>\n<p><a href=\"https:\/\/scf.se\/distrikt-varmland\/wp-content\/uploads\/sites\/16\/2023\/04\/Resultat-Hynboholm-2015-1.pdf\">Resultat Hynboholm 2015<\/a><\/p>\n<p><a href=\"https:\/\/scf.se\/distrikt-varmland\/wp-content\/uploads\/sites\/16\/2023\/04\/Resultat-Hynboholm-DM-2015.pdf\">Resultat Hynboholm DM 2015<\/a><\/p>\n<p><a href=\"https:\/\/scf.se\/distrikt-varmland\/wp-content\/uploads\/sites\/16\/2023\/04\/Resultat-Karlsgoga-VCF-MTB-2015.pdf\">Resultat Karlsgoga VCF MTB 2015<\/a><\/p>\n<p><a href=\"https:\/\/scf.se\/distrikt-varmland\/wp-content\/uploads\/sites\/16\/2023\/04\/Resultat-Karlskoga-MTB-Ungdom-2015.pdf\">Resultat Karlskoga MTB Ungdom 2015<\/a><\/p>\n<p><a href=\"https:\/\/scf.se\/distrikt-varmland\/wp-content\/uploads\/sites\/16\/2023\/04\/Resultat-Karlskoga-Nyborjare-2015.pdf\">Resultat Karlskoga Nyb\u00f6rjare 2015<\/a><\/p>\n<p><a href=\"https:\/\/scf.se\/distrikt-varmland\/wp-content\/uploads\/sites\/16\/2023\/04\/Resultat-Karlskoga-MTB2-2015.pdf\">Resultat Karlskoga MTB2 2015<\/a><\/p>\n<p><a href=\"https:\/\/scf.se\/distrikt-varmland\/wp-content\/uploads\/sites\/16\/2023\/04\/Resultat-Vase-Tempot-2015.pdf\">Resultat V\u00e4se Tempot 2015<\/a><\/p>\n<p><a href=\"https:\/\/scf.se\/distrikt-varmland\/wp-content\/uploads\/sites\/16\/2023\/04\/Resultat-Karlstads-GP-VCF-2015.pdf\">Resultat Karlstads GP VCF 2015<\/a><\/p>\n<p><a href=\"https:\/\/scf.se\/distrikt-varmland\/wp-content\/uploads\/sites\/16\/2023\/04\/Resultat-Motlutet-2015.pdf\">Resultat Motlutet 2015<\/a><\/p>\n<p><a href=\"https:\/\/scf.se\/distrikt-varmland\/wp-content\/uploads\/sites\/16\/2023\/04\/Resultat-Kristinehamns-MTB-2015.pdf\">Resultat Kristinehamns MTB 2015<\/a><\/p>\n<p><a href=\"https:\/\/scf.se\/distrikt-varmland\/wp-content\/uploads\/sites\/16\/2023\/04\/Resultat-Kristinehamns-MTB-Nyborjare-2015.pdf\">Resultat Kristinehamns MTB Nyb\u00f6rjare 2015<\/a><\/p>\n","protected":false},"excerpt":{"rendered":"<p>Resultat Po\u00e4ngst\u00e4llning V-Serien MTB 20151008 Po\u00e4ngst\u00e4llning cuperna V-Serien 2015 Resultat Arvika Tempot 2015 Resultat Arvika Tempot DM 2015 Resultat Arvika GP 2015 Resultat Filipstad 2015 nyb\u00f6rjare Resultat Filipstads MTB 2015 Resultat Forshaga MTB 2 2015 Resultat Forshaga MTB 2015 Resultat Forshaga Nyb\u00f6rjare 2015 Resultat Hynboholm 2015 Resultat Hynboholm DM 2015 Resultat Karlsgoga VCF MTB<a href=\"https:\/\/scf.se\/distrikt-varmland\/2015-2\/\" class=\"news-card__more\"> &#8230;<\/a><\/p>\n","protected":false},"author":46,"featured_media":0,"parent":0,"menu_order":0,"comment_status":"closed","ping_status":"closed","template":"","meta":{"_acf_changed":false,"footnotes":""},"class_list":["post-38","page","type-page","status-publish","hentry"],"acf":[],"_links":{"self":[{"href":"https:\/\/scf.se\/distrikt-varmland\/wp-json\/wp\/v2\/pages\/38","targetHints":{"allow":["GET"]}}],"collection":[{"href":"https:\/\/scf.se\/distrikt-varmland\/wp-json\/wp\/v2\/pages"}],"about":[{"href":"https:\/\/scf.se\/distrikt-varmland\/wp-json\/wp\/v2\/types\/page"}],"author":[{"embeddable":true,"href":"https:\/\/scf.se\/distrikt-varmland\/wp-json\/wp\/v2\/users\/46"}],"replies":[{"embeddable":true,"href":"https:\/\/scf.se\/distrikt-varmland\/wp-json\/wp\/v2\/comments?post=38"}],"version-history":[{"count":0,"href":"https:\/\/scf.se\/distrikt-varmland\/wp-json\/wp\/v2\/pages\/38\/revisions"}],"wp:attachment":[{"href":"https:\/\/scf.se\/distrikt-varmland\/wp-json\/wp\/v2\/media?parent=38"}],"curies":[{"name":"wp","href":"https:\/\/api.w.org\/{rel}","templated":true}]}}