
{"id":8,"date":"2023-01-02T11:40:53","date_gmt":"2023-01-02T10:40:53","guid":{"rendered":"https:\/\/scf.se\/distrikt-uppland\/?page_id=8"},"modified":"2023-01-25T11:19:20","modified_gmt":"2023-01-25T10:19:20","slug":"tavling","status":"publish","type":"page","link":"https:\/\/scf.se\/distrikt-uppland\/tavling\/","title":{"rendered":"T\u00e4vling"},"content":{"rendered":"<p><em>\u00c4r du sugen p\u00e5 att testa p\u00e5 din f\u00f6rsta t\u00e4vling eller undrar du n\u00e4r din n\u00e4sta t\u00e4vling \u00e4ger rum?<\/em><\/p>\n<p><a href=\"http:\/\/swecyclingonline.se\/\">H\u00e4r<\/a> hittar du t\u00e4vlingskalendern f\u00f6r svenska t\u00e4vlingar<\/p>\n<p>F\u00f6r att t\u00e4vla beh\u00f6ver man l\u00f6sa en licens, det g\u00f6r du\u00a0<a href=\"https:\/\/scf.se\/licenser\/\">h\u00e4r<\/a><\/p>\n","protected":false},"excerpt":{"rendered":"<p>\u00c4r du sugen p\u00e5 att testa p\u00e5 din f\u00f6rsta t\u00e4vling eller undrar du n\u00e4r din n\u00e4sta t\u00e4vling \u00e4ger rum? H\u00e4r hittar du t\u00e4vlingskalendern f\u00f6r svenska t\u00e4vlingar F\u00f6r att t\u00e4vla beh\u00f6ver man l\u00f6sa en licens, det g\u00f6r du\u00a0h\u00e4r<\/p>\n","protected":false},"author":46,"featured_media":0,"parent":0,"menu_order":0,"comment_status":"closed","ping_status":"closed","template":"","meta":{"_acf_changed":false,"footnotes":""},"class_list":["post-8","page","type-page","status-publish","hentry"],"acf":[],"_links":{"self":[{"href":"https:\/\/scf.se\/distrikt-uppland\/wp-json\/wp\/v2\/pages\/8","targetHints":{"allow":["GET"]}}],"collection":[{"href":"https:\/\/scf.se\/distrikt-uppland\/wp-json\/wp\/v2\/pages"}],"about":[{"href":"https:\/\/scf.se\/distrikt-uppland\/wp-json\/wp\/v2\/types\/page"}],"author":[{"embeddable":true,"href":"https:\/\/scf.se\/distrikt-uppland\/wp-json\/wp\/v2\/users\/46"}],"replies":[{"embeddable":true,"href":"https:\/\/scf.se\/distrikt-uppland\/wp-json\/wp\/v2\/comments?post=8"}],"version-history":[{"count":0,"href":"https:\/\/scf.se\/distrikt-uppland\/wp-json\/wp\/v2\/pages\/8\/revisions"}],"wp:attachment":[{"href":"https:\/\/scf.se\/distrikt-uppland\/wp-json\/wp\/v2\/media?parent=8"}],"curies":[{"name":"wp","href":"https:\/\/api.w.org\/{rel}","templated":true}]}}