
{"id":75,"date":"2023-03-28T14:24:53","date_gmt":"2023-03-28T12:24:53","guid":{"rendered":"https:\/\/scf.se\/distrikt-uppland\/?page_id=75"},"modified":"2023-10-24T21:32:25","modified_gmt":"2023-10-24T19:32:25","slug":"resultat-upplands-cup-mtb-2023","status":"publish","type":"page","link":"https:\/\/scf.se\/distrikt-uppland\/resultat-upplands-cup-mtb-2023\/","title":{"rendered":"Resultat Upplands Cup MTB 2023"},"content":{"rendered":"<p><strong>Sammanst\u00e4llning av 2023 \u00e5rs Upplands cup MTB:<\/strong><\/p>\n<p><a href=\"https:\/\/scf.se\/distrikt-uppland\/wp-content\/uploads\/sites\/15\/2023\/10\/Upplands-Cup-MTB-2023-Sammanstallning.pdf\">Upplands Cup MTB 2023 Sammanst\u00e4llning<\/a><\/p>\n<p><a href=\"https:\/\/scf.se\/distrikt-uppland\/wp-content\/uploads\/sites\/15\/2023\/10\/Upplands-Cup-MTB-2023-Ungdom-och-Klubb-slutstallning.pdf\">Upplands Cup MTB 2023 Ungdom och Klubb slutst\u00e4llning<\/a><\/p>\n<p><strong>Resultatlistor i NytaTime f\u00f6r alla \u00e5rets omg\u00e5ngar:<\/strong><\/p>\n<p><a href=\"https:\/\/ext.nytatime.se\/race\/?race=g99a3xpDq6JsFSJk9\">Omg\u00e5ng 12 Knivsta MTB 2023-09-09<\/a><\/p>\n<p><a href=\"https:\/\/ext.nytatime.se\/race\/?race=67Bcv9CLzGX7jb7SX\">Omg\u00e5ng 11 Viby MTB, B\u00e5lsta 2023-08-24<\/a><\/p>\n<p><a href=\"https:\/\/scf.se\/distrikt-uppland\/wp-content\/uploads\/sites\/15\/2023\/08\/Resultatlista-DM-MTB-Upplands-CF-2023-08-17.pdf\">Resultatlista DM MTB Upplands CF 2023-08-17<\/a><\/p>\n<p><a href=\"https:\/\/ext.nytatime.se\/race\/?race=puNu5TQ2JW5kZe7kx\">Omg\u00e5ng 10 Sunnersta MTB 2023-08-17<\/a><\/p>\n<p><a href=\"https:\/\/ext.nytatime.se\/race\/?race=s4ieJrFpuzG5HQwPu\">Omg\u00e5ng 9 Kvisthamra MTB 2023-08-03<\/a><\/p>\n<p><a href=\"https:\/\/ext.nytatime.se\/race\/?race=7EhdTi62FNzHRANd4\">Omg\u00e5ng 8 Bj\u00f6rklinge MTB 2023-06-29<\/a><\/p>\n<p><a href=\"https:\/\/ext.nytatime.se\/race\/?race=YDu86XPrWCAyvHce5\">Omg\u00e5ng 7 H\u00e4ver\u00f6dal MTB 2023-06-13<\/a><\/p>\n<p><a href=\"https:\/\/ext.nytatime.se\/race\/?race=GZHsCNssgKY8PnHfg\">Omg\u00e5ng 6 \u00d6sthammar MTB 2023-06-08<\/a><\/p>\n<p><a href=\"https:\/\/ext.nytatime.se\/race\/?race=MK57C7SkKNnzSuCeX\">Omg\u00e5ng 5 L\u00f6vstal\u00f6t MTB 2023-06-01<\/a><\/p>\n<p><a href=\"https:\/\/ext.nytatime.se\/race\/?race=ft7yPFC8JicvdWGMW\">Omg\u00e5ng 4 SMACK Pinbacken MTB 2023-05-16<\/a><\/p>\n<p><a href=\"https:\/\/ext.nytatime.se\/race\/?race=WDzrDTMnAtiST9ihX\">Omg\u00e5ng 3 IK Rex MTB 2023-05-04<\/a><\/p>\n<p><a href=\"https:\/\/ext.nytatime.se\/race\/?race=uEwCwxDySEXETSg3w\">Omg\u00e5ng 2 Enk\u00f6pings MTB 2023-04-20<\/a><\/p>\n<p>Omg\u00e5ng 1 Campus MTB 2023-04-13 &#8211; Inst\u00e4lld pga. f\u00f6r mycket sn\u00f6 p\u00e5 banan.<\/p>\n","protected":false},"excerpt":{"rendered":"<p>Sammanst\u00e4llning av 2023 \u00e5rs Upplands cup MTB: Upplands Cup MTB 2023 Sammanst\u00e4llning Upplands Cup MTB 2023 Ungdom och Klubb slutst\u00e4llning Resultatlistor i NytaTime f\u00f6r alla \u00e5rets omg\u00e5ngar: Omg\u00e5ng 12 Knivsta MTB 2023-09-09 Omg\u00e5ng 11 Viby MTB, B\u00e5lsta 2023-08-24 Resultatlista DM MTB Upplands CF 2023-08-17 Omg\u00e5ng 10 Sunnersta MTB 2023-08-17 Omg\u00e5ng 9 Kvisthamra MTB 2023-08-03<a href=\"https:\/\/scf.se\/distrikt-uppland\/resultat-upplands-cup-mtb-2023\/\" class=\"news-card__more\"> &#8230;<\/a><\/p>\n","protected":false},"author":48,"featured_media":0,"parent":0,"menu_order":0,"comment_status":"closed","ping_status":"closed","template":"","meta":{"_acf_changed":false,"footnotes":""},"class_list":["post-75","page","type-page","status-publish","hentry"],"acf":[],"_links":{"self":[{"href":"https:\/\/scf.se\/distrikt-uppland\/wp-json\/wp\/v2\/pages\/75","targetHints":{"allow":["GET"]}}],"collection":[{"href":"https:\/\/scf.se\/distrikt-uppland\/wp-json\/wp\/v2\/pages"}],"about":[{"href":"https:\/\/scf.se\/distrikt-uppland\/wp-json\/wp\/v2\/types\/page"}],"author":[{"embeddable":true,"href":"https:\/\/scf.se\/distrikt-uppland\/wp-json\/wp\/v2\/users\/48"}],"replies":[{"embeddable":true,"href":"https:\/\/scf.se\/distrikt-uppland\/wp-json\/wp\/v2\/comments?post=75"}],"version-history":[{"count":0,"href":"https:\/\/scf.se\/distrikt-uppland\/wp-json\/wp\/v2\/pages\/75\/revisions"}],"wp:attachment":[{"href":"https:\/\/scf.se\/distrikt-uppland\/wp-json\/wp\/v2\/media?parent=75"}],"curies":[{"name":"wp","href":"https:\/\/api.w.org\/{rel}","templated":true}]}}