
{"id":73,"date":"2023-03-28T14:24:36","date_gmt":"2023-03-28T12:24:36","guid":{"rendered":"https:\/\/scf.se\/distrikt-uppland\/?page_id=73"},"modified":"2026-05-10T19:50:55","modified_gmt":"2026-05-10T17:50:55","slug":"anmalan-till-upplands-cup-mtb","status":"publish","type":"page","link":"https:\/\/scf.se\/distrikt-uppland\/anmalan-till-upplands-cup-mtb\/","title":{"rendered":"Anm\u00e4lan till Upplands Cup MTB"},"content":{"rendered":"<p>F\u00f6ranm\u00e4l dig h\u00e4r till veckans omg\u00e5ng av <strong>MTB-serien\/Upplands Cup MTB<\/strong> senast ett par timmar innan p\u00e5 t\u00e4vlingsdagen. D\u00e5 kommer du in i startlistan direkt och beh\u00f6ver bara h\u00e4mta nummerlapp och ev. hyrchip samt ev. betala p\u00e5 plats.<\/p>\n<p>Startavgiften \u00e4r 50 kr f\u00f6r vuxna och 30 kr f\u00f6r ungdomar upp tom. 16 \u00e5r. Chiphyra kostar 20 kr och fika ing\u00e5r i startavgiften som vanligt.<\/p>\n<p>Betala helst med Swish till det nummer som visas h\u00e4r p\u00e5 sidan, olika nr beroende p\u00e5 arrang\u00f6r. Vi \u00e4r tacksamma om ni l\u00e4gger till 2 kr per Swish-betalning eftersom banken tar det i avgift av f\u00f6reningar.<\/p>\n<p><strong>Anm\u00e4lan till SMACK Pinbacken MTB \u00f6ppnar den 18\/5.<\/strong><\/p>\n<p>&nbsp;<\/p>\n<p><span style=\"color: #ff0000\"><strong>OBS!<\/strong>\u00a0Du kommer inte att f\u00e5 n\u00e5got bekr\u00e4ftelsemail, du ser ist\u00e4llet din anm\u00e4lan i Startlistan.<\/span><\/p>\n<p><strong>H\u00e4r g\u00f6r du\u00a0<\/strong><a href=\"https:\/\/ext.nytatime.se\/register\/?race=5H48Qtknmj6mjapN3&amp;l=se\"><strong>Anm\u00e4lan via p\u00e5 NytaTime<\/strong><\/a><strong>\u00a0<\/strong>(\u201dT\u00e4vlingen hittades inte\u201d betyder att anm\u00e4lan \u00e4r st\u00e4ngd)<\/p>\n<p><strong>H\u00e4r ser du <\/strong><a href=\"https:\/\/ext.nytatime.se\/race\/?race=5H48Qtknmj6mjapN3&amp;startlist=1\"><strong>Startlistan p\u00e5 NytaTime<\/strong><\/a><\/p>\n<p>Resultatlistor f\u00f6r alla omg\u00e5ngar hittar du under Resultatlistor till h\u00f6ger p\u00e5 hemsidan.<br \/>\n<strong>H\u00e4r \u00e4r omg\u00e5ngens <\/strong><a href=\"https:\/\/ext.nytatime.se\/race\/?race=5H48Qtknmj6mjapN3\"><strong>Resultatlista p\u00e5 NytaTime <\/strong><\/a>(Resultaten kommer efter att omg\u00e5ngen k\u00f6rts)<\/p>\n<p><em>Genom att anm\u00e4la dig till loppet godk\u00e4nner du och samtycker till att vi lagrar dina personuppgifter (i form av namn, klubb\/f\u00f6rening, klass, epost, telefon, chipnummer) och behandlar dessa. Fullst\u00e4ndigt namn, klubb\/f\u00f6rening, klass och tid kommer att publiceras i start- och resultatlistan. Dina personuppgifter delas inte med annan part, vi anv\u00e4nder dessa i syfte f\u00f6r resultathantering i loppet samt om vi har behov av att komma i kontakt med dig.<\/em><\/p>\n","protected":false},"excerpt":{"rendered":"<p>F\u00f6ranm\u00e4l dig h\u00e4r till veckans omg\u00e5ng av MTB-serien\/Upplands Cup MTB senast ett par timmar innan p\u00e5 t\u00e4vlingsdagen. D\u00e5 kommer du in i startlistan direkt och beh\u00f6ver bara h\u00e4mta nummerlapp och ev. hyrchip samt ev. betala p\u00e5 plats. Startavgiften \u00e4r 50 kr f\u00f6r vuxna och 30 kr f\u00f6r ungdomar upp tom. 16 \u00e5r. Chiphyra kostar<a href=\"https:\/\/scf.se\/distrikt-uppland\/anmalan-till-upplands-cup-mtb\/\" class=\"news-card__more\"> &#8230;<\/a><\/p>\n","protected":false},"author":48,"featured_media":0,"parent":0,"menu_order":0,"comment_status":"closed","ping_status":"closed","template":"","meta":{"_acf_changed":false,"footnotes":""},"class_list":["post-73","page","type-page","status-publish","hentry"],"acf":[],"_links":{"self":[{"href":"https:\/\/scf.se\/distrikt-uppland\/wp-json\/wp\/v2\/pages\/73","targetHints":{"allow":["GET"]}}],"collection":[{"href":"https:\/\/scf.se\/distrikt-uppland\/wp-json\/wp\/v2\/pages"}],"about":[{"href":"https:\/\/scf.se\/distrikt-uppland\/wp-json\/wp\/v2\/types\/page"}],"author":[{"embeddable":true,"href":"https:\/\/scf.se\/distrikt-uppland\/wp-json\/wp\/v2\/users\/48"}],"replies":[{"embeddable":true,"href":"https:\/\/scf.se\/distrikt-uppland\/wp-json\/wp\/v2\/comments?post=73"}],"version-history":[{"count":66,"href":"https:\/\/scf.se\/distrikt-uppland\/wp-json\/wp\/v2\/pages\/73\/revisions"}],"predecessor-version":[{"id":591,"href":"https:\/\/scf.se\/distrikt-uppland\/wp-json\/wp\/v2\/pages\/73\/revisions\/591"}],"wp:attachment":[{"href":"https:\/\/scf.se\/distrikt-uppland\/wp-json\/wp\/v2\/media?parent=73"}],"curies":[{"name":"wp","href":"https:\/\/api.w.org\/{rel}","templated":true}]}}