
{"id":6,"date":"2023-01-02T11:40:30","date_gmt":"2023-01-02T10:40:30","guid":{"rendered":"https:\/\/scf.se\/distrikt-uppland\/?page_id=6"},"modified":"2023-02-10T14:30:50","modified_gmt":"2023-02-10T13:30:50","slug":"om-distriktet","status":"publish","type":"page","link":"https:\/\/scf.se\/distrikt-uppland\/om-distriktet\/","title":{"rendered":"Om Distriktet"},"content":{"rendered":"<div class=\"wpb_column vc_column_container vc_col-sm-6 liquid-column-63b2e801a2a0b\">\n<div class=\"vc_column-inner\">\n<div class=\"wpb_wrapper \">\n<div class=\"wpb_wrapper-inner\">\n<div class=\"wpb_text_column wpb_content_element \">\n<div class=\"wpb_wrapper\">\n<p>V\u00e4lkommen till <em>Uppland\u00a0Cykelf\u00f6rbund<\/em>.<\/p>\n<p>Beh\u00f6ver du hj\u00e4lp att hitta den klubb du \u00e4r ute efter s\u00e5 tveka inte att kontakta oss s\u00e5 hj\u00e4lper vi dig hitta r\u00e4tt!<\/p>\n<\/div>\n<\/div>\n<\/div>\n<\/div>\n<\/div>\n<\/div>\n<div class=\"wpb_column vc_column_container vc_col-sm-6 liquid-column-63b2e801a413e\">\n<div class=\"vc_column-inner\">\n<div class=\"wpb_wrapper \">\n<div class=\"wpb_wrapper-inner\">\n<div class=\"wpb_text_column wpb_content_element \">\n<div class=\"wpb_wrapper\">\n<p>Att testa en eller ett par klubbtr\u00e4ningar brukar vara gratis och efter ett par tillf\u00e4llen brukar medlemsavgiften k\u00e4nnas som en god investering.<\/p>\n<\/div>\n<\/div>\n<\/div>\n<\/div>\n<\/div>\n<\/div>\n","protected":false},"excerpt":{"rendered":"<p>V\u00e4lkommen till Uppland\u00a0Cykelf\u00f6rbund. Beh\u00f6ver du hj\u00e4lp att hitta den klubb du \u00e4r ute efter s\u00e5 tveka inte att kontakta oss s\u00e5 hj\u00e4lper vi dig hitta r\u00e4tt! Att testa en eller ett par klubbtr\u00e4ningar brukar vara gratis och efter ett par tillf\u00e4llen brukar medlemsavgiften k\u00e4nnas som en god investering.<\/p>\n","protected":false},"author":46,"featured_media":0,"parent":0,"menu_order":0,"comment_status":"closed","ping_status":"closed","template":"","meta":{"_acf_changed":false,"footnotes":""},"class_list":["post-6","page","type-page","status-publish","hentry"],"acf":[],"_links":{"self":[{"href":"https:\/\/scf.se\/distrikt-uppland\/wp-json\/wp\/v2\/pages\/6","targetHints":{"allow":["GET"]}}],"collection":[{"href":"https:\/\/scf.se\/distrikt-uppland\/wp-json\/wp\/v2\/pages"}],"about":[{"href":"https:\/\/scf.se\/distrikt-uppland\/wp-json\/wp\/v2\/types\/page"}],"author":[{"embeddable":true,"href":"https:\/\/scf.se\/distrikt-uppland\/wp-json\/wp\/v2\/users\/46"}],"replies":[{"embeddable":true,"href":"https:\/\/scf.se\/distrikt-uppland\/wp-json\/wp\/v2\/comments?post=6"}],"version-history":[{"count":0,"href":"https:\/\/scf.se\/distrikt-uppland\/wp-json\/wp\/v2\/pages\/6\/revisions"}],"wp:attachment":[{"href":"https:\/\/scf.se\/distrikt-uppland\/wp-json\/wp\/v2\/media?parent=6"}],"curies":[{"name":"wp","href":"https:\/\/api.w.org\/{rel}","templated":true}]}}