
{"id":547,"date":"2026-03-16T11:11:44","date_gmt":"2026-03-16T10:11:44","guid":{"rendered":"https:\/\/scf.se\/distrikt-uppland\/?page_id=547"},"modified":"2026-03-16T11:11:44","modified_gmt":"2026-03-16T10:11:44","slug":"resultat-upplands-cup-mtb-2026","status":"publish","type":"page","link":"https:\/\/scf.se\/distrikt-uppland\/resultat-upplands-cup-mtb-2026\/","title":{"rendered":"Resultat Upplands Cup MTB 2026"},"content":{"rendered":"<p><strong>Resultatlistor i NytaTime f\u00f6r alla \u00e5rets omg\u00e5ngar:<br \/>\n(listorna kommer in vartefter omg\u00e5ngarna k\u00f6rs):<\/strong><\/p>\n","protected":false},"excerpt":{"rendered":"<p>Resultatlistor i NytaTime f\u00f6r alla \u00e5rets omg\u00e5ngar: (listorna kommer in vartefter omg\u00e5ngarna k\u00f6rs):<\/p>\n","protected":false},"author":48,"featured_media":0,"parent":0,"menu_order":0,"comment_status":"closed","ping_status":"closed","template":"","meta":{"_acf_changed":false,"footnotes":""},"class_list":["post-547","page","type-page","status-publish","hentry"],"acf":[],"_links":{"self":[{"href":"https:\/\/scf.se\/distrikt-uppland\/wp-json\/wp\/v2\/pages\/547","targetHints":{"allow":["GET"]}}],"collection":[{"href":"https:\/\/scf.se\/distrikt-uppland\/wp-json\/wp\/v2\/pages"}],"about":[{"href":"https:\/\/scf.se\/distrikt-uppland\/wp-json\/wp\/v2\/types\/page"}],"author":[{"embeddable":true,"href":"https:\/\/scf.se\/distrikt-uppland\/wp-json\/wp\/v2\/users\/48"}],"replies":[{"embeddable":true,"href":"https:\/\/scf.se\/distrikt-uppland\/wp-json\/wp\/v2\/comments?post=547"}],"version-history":[{"count":1,"href":"https:\/\/scf.se\/distrikt-uppland\/wp-json\/wp\/v2\/pages\/547\/revisions"}],"predecessor-version":[{"id":548,"href":"https:\/\/scf.se\/distrikt-uppland\/wp-json\/wp\/v2\/pages\/547\/revisions\/548"}],"wp:attachment":[{"href":"https:\/\/scf.se\/distrikt-uppland\/wp-json\/wp\/v2\/media?parent=547"}],"curies":[{"name":"wp","href":"https:\/\/api.w.org\/{rel}","templated":true}]}}