
{"id":543,"date":"2026-03-16T11:09:38","date_gmt":"2026-03-16T10:09:38","guid":{"rendered":"https:\/\/scf.se\/distrikt-uppland\/?page_id=543"},"modified":"2026-04-30T13:52:34","modified_gmt":"2026-04-30T11:52:34","slug":"resultat-upplands-cup-lvg-2026","status":"publish","type":"page","link":"https:\/\/scf.se\/distrikt-uppland\/resultat-upplands-cup-lvg-2026\/","title":{"rendered":"Resultat Upplands Cup Lvg 2026"},"content":{"rendered":"<p><strong>Resultatlistor i NytaTime f\u00f6r alla \u00e5rets omg\u00e5ngar:<br \/>\n(listorna kommer in vartefter omg\u00e5ngarna k\u00f6rs)<\/strong><\/p>\n<p><a href=\"https:\/\/www.sportstiming.se\/event\/18475\">Rosersbergs GP 2026-05-05<\/a><\/p>\n<p><a href=\"https:\/\/ext.nytatime.se\/race\/?race=3su75vXcKytWdaaDk\">B\u00e4linge tempo 20 km 2026-04-29<\/a><\/p>\n<p><a href=\"https:\/\/ext.nytatime.se\/race\/?race=wvRnFZLosDniR3cmT\">Rosersbergs Gravel-GP 2026-04-21<\/a><\/p>\n<p><a href=\"https:\/\/ext.nytatime.se\/race\/?race=TxM8XKKEpZDDyZvzG\">Odensala tempo 16,8 km 2026-04-15<\/a><\/p>\n<p><a href=\"https:\/\/ext.nytatime.se\/race\/?race=mDTaa2BQ4M6Sidp9Z\">Herresta tempo 13 km 2026-04-08<\/a><\/p>\n","protected":false},"excerpt":{"rendered":"<p>Resultatlistor i NytaTime f\u00f6r alla \u00e5rets omg\u00e5ngar: (listorna kommer in vartefter omg\u00e5ngarna k\u00f6rs) Rosersbergs GP 2026-05-05 B\u00e4linge tempo 20 km 2026-04-29 Rosersbergs Gravel-GP 2026-04-21 Odensala tempo 16,8 km 2026-04-15 Herresta tempo 13 km 2026-04-08<\/p>\n","protected":false},"author":48,"featured_media":0,"parent":0,"menu_order":0,"comment_status":"closed","ping_status":"closed","template":"","meta":{"_acf_changed":false,"footnotes":""},"class_list":["post-543","page","type-page","status-publish","hentry"],"acf":[],"_links":{"self":[{"href":"https:\/\/scf.se\/distrikt-uppland\/wp-json\/wp\/v2\/pages\/543","targetHints":{"allow":["GET"]}}],"collection":[{"href":"https:\/\/scf.se\/distrikt-uppland\/wp-json\/wp\/v2\/pages"}],"about":[{"href":"https:\/\/scf.se\/distrikt-uppland\/wp-json\/wp\/v2\/types\/page"}],"author":[{"embeddable":true,"href":"https:\/\/scf.se\/distrikt-uppland\/wp-json\/wp\/v2\/users\/48"}],"replies":[{"embeddable":true,"href":"https:\/\/scf.se\/distrikt-uppland\/wp-json\/wp\/v2\/comments?post=543"}],"version-history":[{"count":9,"href":"https:\/\/scf.se\/distrikt-uppland\/wp-json\/wp\/v2\/pages\/543\/revisions"}],"predecessor-version":[{"id":590,"href":"https:\/\/scf.se\/distrikt-uppland\/wp-json\/wp\/v2\/pages\/543\/revisions\/590"}],"wp:attachment":[{"href":"https:\/\/scf.se\/distrikt-uppland\/wp-json\/wp\/v2\/media?parent=543"}],"curies":[{"name":"wp","href":"https:\/\/api.w.org\/{rel}","templated":true}]}}