
{"id":54,"date":"2023-03-28T14:24:23","date_gmt":"2023-03-28T12:24:23","guid":{"rendered":"https:\/\/scf.se\/distrikt-uppland\/?page_id=54"},"modified":"2026-04-25T20:15:11","modified_gmt":"2026-04-25T18:15:11","slug":"anmalan-till-upplands-cup-lvg","status":"publish","type":"page","link":"https:\/\/scf.se\/distrikt-uppland\/anmalan-till-upplands-cup-lvg\/","title":{"rendered":"Anm\u00e4lan till Upplands Cup Lvg"},"content":{"rendered":"<p>F\u00f6ranm\u00e4l dig h\u00e4r till veckans omg\u00e5ng av <b>SMACK-serien\/Upplands Cup Lvg<\/b> senast kl 17:00 p\u00e5 t\u00e4vlingsdagen. D\u00e5 kommer du in i startlistan direkt och beh\u00f6ver bara h\u00e4mta nummerlapp och ev. hyrchip samt ev. betala p\u00e5 plats. Tidigare f\u00f6ranm\u00e4lan ger tidigare starttid i tempoloppen.<\/p>\n<p>Startavgiften \u00e4r 80 kr f\u00f6r linje\/GP\u00a0och 50 kr f\u00f6r tempo (30 kr f\u00f6r ungdomar p\u00e5 tempo, linje\/GP). Chiphyra kostar 20 kr och fika ing\u00e5r i startavgiften som vanligt.<\/p>\n<p>Betala helst med Swish till det nummer som visas h\u00e4r p\u00e5 sidan, olika nr beroende p\u00e5 arrang\u00f6r. Vi \u00e4r tacksamma om ni l\u00e4gger till 2 kr per Swish-betalning eftersom banken tar det i avgift av f\u00f6reningar.<\/p>\n<p><strong>Nu \u00e4r anm\u00e4lan till B\u00e4linge tempo 20 km p\u00e5 onsdag 29\/4 fr\u00e5n kl 19:00 \u00f6ppen!<\/strong><\/p>\n<p><strong>Anm\u00e4l dig via l\u00e4nken nedan och betala startavgift 50 kr (30 kr f\u00f6r ungdomar) + ev. chiphyra 20 kr med Swish till Upsala CK telnr 0762382165 (Salvadors Rincon Amats telefonnummer eftersom Upsala CK inte har eget Swishnr.)<\/strong><\/p>\n<p>Samling p\u00e5 parkeringen vid B\u00e4linge k:a, se <a href=\"https:\/\/www.eniro.se\/kartor\/s\/Rllxu\">https:\/\/www.eniro.se\/kartor\/s\/Rllxu<\/a><\/p>\n<p>Start och m\u00e5l \u00e4r alldeles efter infarten till B\u00e4linge k:a och vi k\u00f6r mot VP vid Grellsbo och tillbaka.<br \/>\nVi k\u00f6r allts\u00e5 20 km p\u00e5 delar av SM-tempo banan, ett bra genrep inf\u00f6r SM tempo i juni.<\/p>\n<p>Precis som vanligt blir det fika och trevligt eftersnack vid B\u00e4linge k:as parkering efter m\u00e5lg\u00e5ng.<br \/>\nV\u00e4lkomna till B\u00e4linge p\u00e5 onsdag h\u00e4lsar Upsala CK!<\/p>\n<p><strong><span style=\"color: red\">OBS!<\/span><\/strong><span style=\"color: red\"> Du kommer inte att f\u00e5 n\u00e5got bekr\u00e4ftelsemail, du ser ist\u00e4llet din anm\u00e4lan i Startlistan.<\/span><\/p>\n<p><strong>H\u00e4r g\u00f6r du <\/strong><span style=\"color: #0000ff\"><a style=\"color: #0000ff\" href=\"https:\/\/ext.nytatime.se\/register\/?race=3su75vXcKytWdaaDk&amp;l=se\"><strong><span style=\"text-decoration: none\">Anm\u00e4lan p\u00e5 NytaTime<\/span><\/strong><\/a><\/span><strong>\u00a0<\/strong>(&#8221;T\u00e4vlingen hittades inte&#8221; betyder att anm\u00e4lan \u00e4r st\u00e4ngd)<\/p>\n<p><strong>H\u00e4r ser du <\/strong><span style=\"color: #0000ff\"><a style=\"color: #0000ff\" href=\"https:\/\/ext.nytatime.se\/race\/?race=3su75vXcKytWdaaDk&amp;startlist=1\"><strong><span style=\"text-decoration: none\">Startlistan p\u00e5 NytaTime<\/span><\/strong><\/a><\/span> (Startnr och starttid \u00e4r tomt efter anm\u00e4lan, s\u00e4tts vartefter)<\/p>\n<p>Resultatlistor f\u00f6r alla omg\u00e5ngar hittar du under Resultatlistor till h\u00f6ger p\u00e5 hemsidan.<br \/>\n<strong>H\u00e4r \u00e4r omg\u00e5ngens <\/strong><span style=\"color: #0000ff\"><a style=\"color: #0000ff\" href=\"https:\/\/ext.nytatime.se\/race\/?race=3su75vXcKytWdaaDk\"><strong><span style=\"text-decoration: none\">Resultatlista p\u00e5 NytaTime<\/span><\/strong><\/a><\/span> (Resultaten kommer efter att omg\u00e5ngen k\u00f6rts)<\/p>\n<p><em>Genom att anm\u00e4la dig till loppet godk\u00e4nner du och samtycker till att vi lagrar dina personuppgifter (i form av namn, klubb\/f\u00f6rening, klass, epost, telefon, chipnummer) och behandlar dessa. Fullst\u00e4ndigt namn, klubb\/f\u00f6rening, klass och tid kommer att publiceras i start- och resultatlistan. Dina personuppgifter delas inte med annan part, vi anv\u00e4nder dessa i syfte f\u00f6r resultathantering i loppet samt om vi har behov av att komma i kontakt med dig.<\/em><\/p>\n","protected":false},"excerpt":{"rendered":"<p>F\u00f6ranm\u00e4l dig h\u00e4r till veckans omg\u00e5ng av SMACK-serien\/Upplands Cup Lvg senast kl 17:00 p\u00e5 t\u00e4vlingsdagen. D\u00e5 kommer du in i startlistan direkt och beh\u00f6ver bara h\u00e4mta nummerlapp och ev. hyrchip samt ev. betala p\u00e5 plats. Tidigare f\u00f6ranm\u00e4lan ger tidigare starttid i tempoloppen. Startavgiften \u00e4r 80 kr f\u00f6r linje\/GP\u00a0och 50 kr f\u00f6r tempo (30 kr<a href=\"https:\/\/scf.se\/distrikt-uppland\/anmalan-till-upplands-cup-lvg\/\" class=\"news-card__more\"> &#8230;<\/a><\/p>\n","protected":false},"author":46,"featured_media":0,"parent":0,"menu_order":0,"comment_status":"closed","ping_status":"closed","template":"","meta":{"_acf_changed":false,"footnotes":""},"class_list":["post-54","page","type-page","status-publish","hentry"],"acf":[],"_links":{"self":[{"href":"https:\/\/scf.se\/distrikt-uppland\/wp-json\/wp\/v2\/pages\/54","targetHints":{"allow":["GET"]}}],"collection":[{"href":"https:\/\/scf.se\/distrikt-uppland\/wp-json\/wp\/v2\/pages"}],"about":[{"href":"https:\/\/scf.se\/distrikt-uppland\/wp-json\/wp\/v2\/types\/page"}],"author":[{"embeddable":true,"href":"https:\/\/scf.se\/distrikt-uppland\/wp-json\/wp\/v2\/users\/46"}],"replies":[{"embeddable":true,"href":"https:\/\/scf.se\/distrikt-uppland\/wp-json\/wp\/v2\/comments?post=54"}],"version-history":[{"count":83,"href":"https:\/\/scf.se\/distrikt-uppland\/wp-json\/wp\/v2\/pages\/54\/revisions"}],"predecessor-version":[{"id":580,"href":"https:\/\/scf.se\/distrikt-uppland\/wp-json\/wp\/v2\/pages\/54\/revisions\/580"}],"wp:attachment":[{"href":"https:\/\/scf.se\/distrikt-uppland\/wp-json\/wp\/v2\/media?parent=54"}],"curies":[{"name":"wp","href":"https:\/\/api.w.org\/{rel}","templated":true}]}}