
{"id":378,"date":"2025-03-28T20:12:18","date_gmt":"2025-03-28T19:12:18","guid":{"rendered":"https:\/\/scf.se\/distrikt-uppland\/?page_id=378"},"modified":"2025-11-24T11:35:52","modified_gmt":"2025-11-24T10:35:52","slug":"resultat-upplands-cup-lvg-2025","status":"publish","type":"page","link":"https:\/\/scf.se\/distrikt-uppland\/resultat-upplands-cup-lvg-2025\/","title":{"rendered":"Resultat Upplands Cup Lvg 2025"},"content":{"rendered":"<p><strong>Sammanst\u00e4llning av 2025 \u00e5rs Upplands Cup Lvg:<\/strong><\/p>\n<p><a href=\"https:\/\/scf.se\/distrikt-uppland\/wp-content\/uploads\/sites\/15\/2025\/11\/Upplands-Cup-Lvg-Tempocupen-Slutstallning-2025.pdf\">Upplands Cup Lvg Tempocupen Slutst\u00e4llning 2025<\/a><\/p>\n<p><a href=\"https:\/\/scf.se\/distrikt-uppland\/wp-content\/uploads\/sites\/15\/2025\/11\/Upplands-Cup-Lvg-Linjecupen-Slutstallning-2025.pdf\">Upplands Cup Lvg Linjecupen Slutst\u00e4llning 2025<\/a><\/p>\n<p><a href=\"https:\/\/scf.se\/distrikt-uppland\/wp-content\/uploads\/sites\/15\/2025\/11\/Upplands-Cup-Lvg-Klubb-Slutstallning-2025.pdf\">Upplands Cup Lvg Klubb Slutst\u00e4llning 2025<\/a><\/p>\n<p><strong>Resultatlistor i NytaTime f\u00f6r alla \u00e5rets omg\u00e5ngar:<\/strong><\/p>\n<p><a href=\"https:\/\/ext.nytatime.se\/race\/?race=YzbGfoYofd6hiyvRc\">SMACK Jaktstart GP 2025-09-02<\/a><\/p>\n<p><a href=\"https:\/\/ext.nytatime.se\/race\/?race=ZMioQNpSXKcDhWxMg\">Hakunge backtempo 2025-08-27<\/a><\/p>\n<p><a href=\"https:\/\/ext.nytatime.se\/race\/?race=93At2kesW8jgDDGtX\">L\u00e4nna GP 2025-08-20<\/a><\/p>\n<p><a href=\"https:\/\/ext.nytatime.se\/race\/?race=YRrv9EXdEyeEqDKPR\">Skattmans\u00f6 linje 2025-08-13<\/a><\/p>\n<p><a href=\"https:\/\/ext.nytatime.se\/race\/?race=jmSB2DaRx625T5bmp\">Knivsta GP 2025-08-06<\/a><\/p>\n<p><a href=\"https:\/\/scf.se\/distrikt-uppland\/wp-content\/uploads\/sites\/15\/2025\/06\/Resultatlista-DM-linje-Upplands-CF-2025-06-18.pdf\">Resultatlista DM linje Upplands CF 2025-06-18<\/a><\/p>\n<p><a href=\"https:\/\/ext.nytatime.se\/race\/?race=DExxG4LCXSf22sa5P\">Loh\u00e4rad linje 2025-06-18<\/a><\/p>\n<p><a href=\"https:\/\/ext.nytatime.se\/race\/?race=4yptDFq9BDaWnLoX7\">Hj\u00e4lsta tempo 2025-06-11<\/a><\/p>\n<p><a href=\"https:\/\/scf.se\/distrikt-uppland\/wp-content\/uploads\/sites\/15\/2025\/06\/Resultatlista-DM-tempo-Upplands-CF-2025-06-04.pdf\">Resultatlista DM tempo Upplands CF 2025-06-04<\/a><\/p>\n<p><a href=\"https:\/\/ext.nytatime.se\/race\/?race=HJMWw2oqa4zjemQ8P\">Danmarks tempo 2025-06-04<\/a><\/p>\n<p><a href=\"https:\/\/ext.nytatime.se\/race\/?race=noprJnibzpiJwj4pF\">Vallbytempot 2025-05-28<\/a><\/p>\n<p>Torvalla GP 2025-05-21 &#8211; Inst\u00e4llt<\/p>\n<p><a href=\"https:\/\/ext.nytatime.se\/race\/?race=XhK2jw2qkFEBkkRFX\">Skuttunge linje 2025-05-14<\/a><\/p>\n<p><a href=\"https:\/\/www.sportstiming.se\/event\/16285\/results\">Rosersbergs GP 2025-05-06<\/a><\/p>\n<p><a href=\"https:\/\/ext.nytatime.se\/race\/?race=8mSHB6bWLRHzkqaEi\">Karby tempo 20 km 2025-04-29<\/a><\/p>\n<p><a href=\"https:\/\/ext.nytatime.se\/race\/?race=X2rbFQptDMEm9EEBN\">Rosersbergs Gravel-GP 2025-04-22<\/a><\/p>\n<p><a href=\"https:\/\/ext.nytatime.se\/race\/?race=xZ673mJ6vPxBrxwmb\">Odensala tempo 16,8 km 2025-04-16<\/a><\/p>\n<p><a href=\"https:\/\/ext.nytatime.se\/race\/?race=snoNQRes9fampKekQ\">Herresta tempo 14 km 2025-04-09<\/a><\/p>\n","protected":false},"excerpt":{"rendered":"<p>Sammanst\u00e4llning av 2025 \u00e5rs Upplands Cup Lvg: Upplands Cup Lvg Tempocupen Slutst\u00e4llning 2025 Upplands Cup Lvg Linjecupen Slutst\u00e4llning 2025 Upplands Cup Lvg Klubb Slutst\u00e4llning 2025 Resultatlistor i NytaTime f\u00f6r alla \u00e5rets omg\u00e5ngar: SMACK Jaktstart GP 2025-09-02 Hakunge backtempo 2025-08-27 L\u00e4nna GP 2025-08-20 Skattmans\u00f6 linje 2025-08-13 Knivsta GP 2025-08-06 Resultatlista DM linje Upplands CF 2025-06-18<a href=\"https:\/\/scf.se\/distrikt-uppland\/resultat-upplands-cup-lvg-2025\/\" class=\"news-card__more\"> &#8230;<\/a><\/p>\n","protected":false},"author":48,"featured_media":0,"parent":0,"menu_order":0,"comment_status":"closed","ping_status":"closed","template":"","meta":{"_acf_changed":false,"footnotes":""},"class_list":["post-378","page","type-page","status-publish","hentry"],"acf":[],"_links":{"self":[{"href":"https:\/\/scf.se\/distrikt-uppland\/wp-json\/wp\/v2\/pages\/378","targetHints":{"allow":["GET"]}}],"collection":[{"href":"https:\/\/scf.se\/distrikt-uppland\/wp-json\/wp\/v2\/pages"}],"about":[{"href":"https:\/\/scf.se\/distrikt-uppland\/wp-json\/wp\/v2\/types\/page"}],"author":[{"embeddable":true,"href":"https:\/\/scf.se\/distrikt-uppland\/wp-json\/wp\/v2\/users\/48"}],"replies":[{"embeddable":true,"href":"https:\/\/scf.se\/distrikt-uppland\/wp-json\/wp\/v2\/comments?post=378"}],"version-history":[{"count":21,"href":"https:\/\/scf.se\/distrikt-uppland\/wp-json\/wp\/v2\/pages\/378\/revisions"}],"predecessor-version":[{"id":512,"href":"https:\/\/scf.se\/distrikt-uppland\/wp-json\/wp\/v2\/pages\/378\/revisions\/512"}],"wp:attachment":[{"href":"https:\/\/scf.se\/distrikt-uppland\/wp-json\/wp\/v2\/media?parent=378"}],"curies":[{"name":"wp","href":"https:\/\/api.w.org\/{rel}","templated":true}]}}