
{"id":24,"date":"2023-01-02T12:03:09","date_gmt":"2023-01-02T11:03:09","guid":{"rendered":"https:\/\/scf.se\/distrikt-uppland\/?page_id=24"},"modified":"2025-04-18T20:25:01","modified_gmt":"2025-04-18T18:25:01","slug":"styrelse","status":"publish","type":"page","link":"https:\/\/scf.se\/distrikt-uppland\/styrelse\/","title":{"rendered":"Styrelse"},"content":{"rendered":"<table style=\"height: 236px\" border=\"0\" width=\"415\" cellspacing=\"0\" cellpadding=\"0\">\n<tbody>\n<tr>\n<td>Ordf\u00f6rande<\/td>\n<td><\/td>\n<td>Stefan Lagerkvist<\/td>\n<\/tr>\n<tr>\n<td>Sekreterare<\/td>\n<td><\/td>\n<td>H\u00e5kan Johnsson<\/td>\n<\/tr>\n<tr>\n<td>Kass\u00f6r<\/td>\n<td><\/td>\n<td>Alf Kl\u00f6vvik<\/td>\n<\/tr>\n<tr>\n<td>Ledamot<\/td>\n<td><\/td>\n<td>Jens Germundsj\u00f6<\/td>\n<\/tr>\n<tr>\n<td>Ledamot<\/td>\n<td><\/td>\n<td>Mikael M\u00e5nsson<\/td>\n<\/tr>\n<tr>\n<td>Ledamot<\/td>\n<td><\/td>\n<td>G\u00f6ran Karlsson<\/td>\n<\/tr>\n<tr>\n<td>Ledamot<\/td>\n<td><\/td>\n<td>Salvador Rincon Amat<\/td>\n<\/tr>\n<tr>\n<td>1:a suppleant<\/td>\n<td><\/td>\n<td>Daniel Thunberg Ivner<\/td>\n<\/tr>\n<tr>\n<td>2:a suppleant<\/td>\n<td><\/td>\n<td>Bj\u00f6rn Atthoff<\/td>\n<\/tr>\n<\/tbody>\n<\/table>\n<div><\/div>\n<div><\/div>\n<div><\/div>\n<div><b>Ansvarsomr\u00e5den:<\/b><\/div>\n<div>\n<div>\n<div>\n<table border=\"0\" width=\"415\" cellspacing=\"0\" cellpadding=\"0\">\n<colgroup>\n<col \/>\n<col \/>\n<col \/><\/colgroup>\n<tbody>\n<tr>\n<td>Mail, Webb, Kontakt, Motion<\/td>\n<td colspan=\"2\">Stefan Lagerkvist<\/td>\n<\/tr>\n<tr>\n<td>BMX<\/td>\n<td colspan=\"2\">Daniel Thunberg Ivner<\/td>\n<\/tr>\n<tr>\n<td>CX\/Gravel<\/td>\n<td colspan=\"2\">Salvador Rincon Amat<\/td>\n<\/tr>\n<tr>\n<td>MTB<\/td>\n<td colspan=\"2\">G\u00f6ran Karlsson<\/td>\n<\/tr>\n<tr>\n<td>Ungdom<\/td>\n<td colspan=\"2\">Jens Germundsj\u00f6<\/td>\n<\/tr>\n<tr>\n<td>Kass\u00f6r<\/td>\n<td colspan=\"2\">Alf Kl\u00f6vvik<\/td>\n<\/tr>\n<tr>\n<td>Lvg, Paracykel<\/td>\n<td colspan=\"2\">H\u00e5kan Johnsson<\/td>\n<\/tr>\n<tr>\n<td>Bana<\/td>\n<td colspan=\"2\">Mikael M\u00e5nsson<\/td>\n<\/tr>\n<\/tbody>\n<\/table>\n<\/div>\n<\/div>\n<\/div>\n","protected":false},"excerpt":{"rendered":"<p>Ordf\u00f6rande Stefan Lagerkvist Sekreterare H\u00e5kan Johnsson Kass\u00f6r Alf Kl\u00f6vvik Ledamot Jens Germundsj\u00f6 Ledamot Mikael M\u00e5nsson Ledamot G\u00f6ran Karlsson Ledamot Salvador Rincon Amat 1:a suppleant Daniel Thunberg Ivner 2:a suppleant Bj\u00f6rn Atthoff Ansvarsomr\u00e5den: Mail, Webb, Kontakt, Motion Stefan Lagerkvist BMX Daniel Thunberg Ivner CX\/Gravel Salvador Rincon Amat MTB G\u00f6ran Karlsson Ungdom Jens Germundsj\u00f6 Kass\u00f6r Alf<a href=\"https:\/\/scf.se\/distrikt-uppland\/styrelse\/\" class=\"news-card__more\"> &#8230;<\/a><\/p>\n","protected":false},"author":46,"featured_media":0,"parent":0,"menu_order":0,"comment_status":"closed","ping_status":"closed","template":"","meta":{"_acf_changed":false,"footnotes":""},"class_list":["post-24","page","type-page","status-publish","hentry"],"acf":[],"_links":{"self":[{"href":"https:\/\/scf.se\/distrikt-uppland\/wp-json\/wp\/v2\/pages\/24","targetHints":{"allow":["GET"]}}],"collection":[{"href":"https:\/\/scf.se\/distrikt-uppland\/wp-json\/wp\/v2\/pages"}],"about":[{"href":"https:\/\/scf.se\/distrikt-uppland\/wp-json\/wp\/v2\/types\/page"}],"author":[{"embeddable":true,"href":"https:\/\/scf.se\/distrikt-uppland\/wp-json\/wp\/v2\/users\/46"}],"replies":[{"embeddable":true,"href":"https:\/\/scf.se\/distrikt-uppland\/wp-json\/wp\/v2\/comments?post=24"}],"version-history":[{"count":1,"href":"https:\/\/scf.se\/distrikt-uppland\/wp-json\/wp\/v2\/pages\/24\/revisions"}],"predecessor-version":[{"id":397,"href":"https:\/\/scf.se\/distrikt-uppland\/wp-json\/wp\/v2\/pages\/24\/revisions\/397"}],"wp:attachment":[{"href":"https:\/\/scf.se\/distrikt-uppland\/wp-json\/wp\/v2\/media?parent=24"}],"curies":[{"name":"wp","href":"https:\/\/api.w.org\/{rel}","templated":true}]}}