
{"id":187,"date":"2024-04-10T09:26:21","date_gmt":"2024-04-10T07:26:21","guid":{"rendered":"https:\/\/scf.se\/distrikt-uppland\/?page_id=187"},"modified":"2024-10-10T13:41:03","modified_gmt":"2024-10-10T11:41:03","slug":"resultat-upplands-cup-mtb-2024","status":"publish","type":"page","link":"https:\/\/scf.se\/distrikt-uppland\/resultat-upplands-cup-mtb-2024\/","title":{"rendered":"Resultat Upplands cup MTB 2024"},"content":{"rendered":"<p><strong>Sammanst\u00e4llning av 2024 \u00e5rs Upplands cup MTB:<\/strong><\/p>\n<p><a href=\"https:\/\/scf.se\/distrikt-uppland\/wp-content\/uploads\/sites\/15\/2024\/10\/Upplands-Cup-MTB-2024-Sammanstallning.pdf\">Upplands Cup MTB 2024 Sammanst\u00e4llning<\/a><\/p>\n<p><a href=\"https:\/\/scf.se\/distrikt-uppland\/wp-content\/uploads\/sites\/15\/2024\/10\/Upplands-Cup-MTB-2024-Ungdom-och-Klubb-slutstallning.pdf\">Upplands Cup MTB 2024 Ungdom och Klubb slutst\u00e4llning<\/a><\/p>\n<p><strong>Resultatlistor i NytaTime f\u00f6r alla \u00e5rets omg\u00e5ngar:<\/strong><\/p>\n<p><a href=\"https:\/\/ext.nytatime.se\/race\/?race=cMLDWFBrB7ddkGhfy\">Knivsta MTB 2024-09-07<\/a><\/p>\n<p><a href=\"https:\/\/ext.nytatime.se\/race\/?race=E4sbJoL2kKs5Kh69p\">Sunnersta MTB 2024-08-29<\/a><\/p>\n<p><a href=\"https:\/\/ext.nytatime.se\/race\/?race=cFPhGZdgi5TkMxcD2\">Viby MTB, B\u00e5lsta 2024-08-22<\/a><\/p>\n<p>Kvisthamra MTB 2024-08-15 &#8211; Inst\u00e4llt<\/p>\n<p><a href=\"https:\/\/ext.nytatime.se\/race\/?race=yqL5KA3mYrSshdmrB\">\u00d6sthammar MTB 2024-08-01<\/a><\/p>\n<p><a href=\"https:\/\/ext.nytatime.se\/race\/?race=tiMdZS4axaKoR8MAP\">Bj\u00f6rklinge MTB 2024-06-27<\/a><\/p>\n<p><a href=\"https:\/\/scf.se\/distrikt-uppland\/wp-content\/uploads\/sites\/15\/2024\/06\/Resultatlista-DM-MTB-Upplands-CF-2024-06-13.pdf\">Resultatlista DM MTB Upplands CF 2024-06-13<\/a><\/p>\n<p><a href=\"https:\/\/ext.nytatime.se\/race\/?race=7NjmXi3ZMAgeYRpEa\">H\u00e4ver\u00f6dal MTB 2024-06-13<\/a><\/p>\n<p><a href=\"https:\/\/ext.nytatime.se\/race\/?race=cXaiMtmCL9QRM3w6j\">L\u00f6vstal\u00f6t MTB 2024-05-30<\/a><\/p>\n<p><a href=\"https:\/\/ext.nytatime.se\/race\/?race=3MtEy9vovcYkM7LAu\">Pinbacken MTB 2024-05-16<\/a><\/p>\n<p><a href=\"https:\/\/ext.nytatime.se\/race\/?race=duJ9dcDaX4RqeFdGi\">IK Rex MTB 2024-05-02<\/a><\/p>\n<p><a href=\"https:\/\/ext.nytatime.se\/race\/?race=jL66jshfYhDRe2M7k\">Enk\u00f6pings MTB 2024-04-25<\/a><\/p>\n","protected":false},"excerpt":{"rendered":"<p>Sammanst\u00e4llning av 2024 \u00e5rs Upplands cup MTB: Upplands Cup MTB 2024 Sammanst\u00e4llning Upplands Cup MTB 2024 Ungdom och Klubb slutst\u00e4llning Resultatlistor i NytaTime f\u00f6r alla \u00e5rets omg\u00e5ngar: Knivsta MTB 2024-09-07 Sunnersta MTB 2024-08-29 Viby MTB, B\u00e5lsta 2024-08-22 Kvisthamra MTB 2024-08-15 &#8211; Inst\u00e4llt \u00d6sthammar MTB 2024-08-01 Bj\u00f6rklinge MTB 2024-06-27 Resultatlista DM MTB Upplands CF 2024-06-13<a href=\"https:\/\/scf.se\/distrikt-uppland\/resultat-upplands-cup-mtb-2024\/\" class=\"news-card__more\"> &#8230;<\/a><\/p>\n","protected":false},"author":48,"featured_media":0,"parent":0,"menu_order":0,"comment_status":"closed","ping_status":"closed","template":"","meta":{"_acf_changed":false,"footnotes":""},"class_list":["post-187","page","type-page","status-publish","hentry"],"acf":[],"_links":{"self":[{"href":"https:\/\/scf.se\/distrikt-uppland\/wp-json\/wp\/v2\/pages\/187","targetHints":{"allow":["GET"]}}],"collection":[{"href":"https:\/\/scf.se\/distrikt-uppland\/wp-json\/wp\/v2\/pages"}],"about":[{"href":"https:\/\/scf.se\/distrikt-uppland\/wp-json\/wp\/v2\/types\/page"}],"author":[{"embeddable":true,"href":"https:\/\/scf.se\/distrikt-uppland\/wp-json\/wp\/v2\/users\/48"}],"replies":[{"embeddable":true,"href":"https:\/\/scf.se\/distrikt-uppland\/wp-json\/wp\/v2\/comments?post=187"}],"version-history":[{"count":14,"href":"https:\/\/scf.se\/distrikt-uppland\/wp-json\/wp\/v2\/pages\/187\/revisions"}],"predecessor-version":[{"id":335,"href":"https:\/\/scf.se\/distrikt-uppland\/wp-json\/wp\/v2\/pages\/187\/revisions\/335"}],"wp:attachment":[{"href":"https:\/\/scf.se\/distrikt-uppland\/wp-json\/wp\/v2\/media?parent=187"}],"curies":[{"name":"wp","href":"https:\/\/api.w.org\/{rel}","templated":true}]}}