
{"id":183,"date":"2024-04-10T09:23:52","date_gmt":"2024-04-10T07:23:52","guid":{"rendered":"https:\/\/scf.se\/distrikt-uppland\/?page_id=183"},"modified":"2024-09-02T13:14:26","modified_gmt":"2024-09-02T11:14:26","slug":"resultat-upplands-cup-lvg-2024","status":"publish","type":"page","link":"https:\/\/scf.se\/distrikt-uppland\/resultat-upplands-cup-lvg-2024\/","title":{"rendered":"Resultat Upplands Cup Lvg 2024"},"content":{"rendered":"<p><strong>Sammanst\u00e4llning av 2024 \u00e5rs Upplands Cup Lvg:<\/strong><\/p>\n<p><a href=\"https:\/\/scf.se\/distrikt-uppland\/wp-content\/uploads\/sites\/15\/2024\/09\/Upplands-Cup-Lvg-Tempocupen-Slutstallning-2024.pdf\">Upplands Cup Lvg Tempocupen Slutst\u00e4llning 2024<\/a><\/p>\n<p><a href=\"https:\/\/scf.se\/distrikt-uppland\/wp-content\/uploads\/sites\/15\/2024\/09\/Upplands-Cup-Lvg-Linjecupen-Slutstallning-2024.pdf\">Upplands Cup Lvg Linjecupen Slutst\u00e4llning 2024<\/a><\/p>\n<p><a href=\"https:\/\/scf.se\/distrikt-uppland\/wp-content\/uploads\/sites\/15\/2024\/09\/Upplands-Cup-Lvg-Klubb-Slutstallning-2024.pdf\">Upplands Cup Lvg Klubb Slutst\u00e4llning 2024<\/a><\/p>\n<p><strong>Resultatlistor i NytaTime f\u00f6r alla \u00e5rets omg\u00e5ngar:<\/strong><\/p>\n<p><a href=\"https:\/\/ext.nytatime.se\/race\/?race=G6h9QuDC4KprM7uLn\">Omg\u00e5ng 16 Arlanda Testtrack GP Jaktstart 2024-08-27<\/a><\/p>\n<p><a href=\"https:\/\/ext.nytatime.se\/race\/?race=AYQM8gqsoZe4tTWAs\">Omg\u00e5ng 15 Hakunge bergstempo 2024-08-21<\/a><\/p>\n<p><a href=\"https:\/\/ext.nytatime.se\/race\/?race=v38c8z8hq7JJZqPjG\">Omg\u00e5ng 14 Skattmans\u00f6 linje 2024-08-14<\/a><\/p>\n<p><a href=\"https:\/\/scf.se\/distrikt-uppland\/wp-content\/uploads\/sites\/15\/2024\/08\/Resultatlista-DM-tempo-Upplands-CF-2024-08-08.pdf\">Resultatlista DM tempo Upplands CF 2024-08-08<\/a><\/p>\n<p><a href=\"https:\/\/ext.nytatime.se\/race\/?race=eeJkm7ZPJLE64kp5e\">Omg\u00e5ng 10 Danmarks tempo 2024-08-08<\/a><\/p>\n<p><a href=\"https:\/\/ext.nytatime.se\/race\/?race=xZ42qSwQ7ATWQk9bG\">Omg\u00e5ng 13 Knivsta GP 2024-08-07<\/a><\/p>\n<p><a href=\"https:\/\/scf.se\/distrikt-uppland\/wp-content\/uploads\/sites\/15\/2024\/06\/Resultatlista-DM-linje-Upplands-CF-2024-06-26.pdf\">Resultatlista DM linje Upplands CF 2024-06-26<\/a><\/p>\n<p><a href=\"https:\/\/ext.nytatime.se\/race\/?race=LfH2XF2erxuKax3ur\">Omg\u00e5ng 12 Loh\u00e4rad linje 2024-06-26<\/a><\/p>\n<p><a href=\"https:\/\/ext.nytatime.se\/race\/?race=Ah73ZAKYrkTFPsJdi\">Omg\u00e5ng 11 Hj\u00e4lsta tempo 28 km 2024-06-12<\/a><\/p>\n<p><a href=\"https:\/\/ext.nytatime.se\/race\/?race=m7w9EqXAztoCMENuq\">Omg\u00e5ng 9 Vallbytempot 18 km 2024-05-29<\/a><\/p>\n<p><a href=\"https:\/\/ext.nytatime.se\/race\/?race=TnrabE2reKNJy3RiT\">Omg\u00e5ng 8 Loh\u00e4rad GP 2024-05-22<\/a><\/p>\n<p><a href=\"https:\/\/ext.nytatime.se\/race\/?race=tTPLW8pDz3R8LEXuJ\">Omg\u00e5ng 7 Bj\u00f6rklinge tempo 30 km 2024-05-15<\/a><\/p>\n<p><a href=\"https:\/\/www.sportstiming.se\/event\/14429\/results\">Omg\u00e5ng 6 Arlanda Testtrack 1 GP 2024-05-07<\/a><\/p>\n<p><a href=\"https:\/\/ext.nytatime.se\/race\/?race=tYSt5tWohPEDot4Fh\">Omg\u00e5ng 5 Karby tempo 20 km 2024-05-01<\/a><\/p>\n<p><a href=\"https:\/\/ext.nytatime.se\/race\/?race=Cr85uGEhsuQs6DiqQ\">Omg\u00e5ng 4 B\u00e4linge tempo 20 km 2024-04-24<\/a><\/p>\n<p><a href=\"https:\/\/ext.nytatime.se\/race\/?race=3cCfSC6BKw6338qDg\">Omg\u00e5ng 3 Arlanda Testtrack GP 2024-04-16<\/a><\/p>\n<p><a href=\"https:\/\/ext.nytatime.se\/race\/?race=XWgfEncNnjaCvFLe5\">Omg\u00e5ng 2 Odensala tempo 16,8 km 2024-04-10<\/a><\/p>\n<p>Omg\u00e5ng 1 Lunda tempo 21 km 2024-04-03 \u2013 Inst\u00e4lld pga. sn\u00f6 och kyla<\/p>\n","protected":false},"excerpt":{"rendered":"<p>Sammanst\u00e4llning av 2024 \u00e5rs Upplands Cup Lvg: Upplands Cup Lvg Tempocupen Slutst\u00e4llning 2024 Upplands Cup Lvg Linjecupen Slutst\u00e4llning 2024 Upplands Cup Lvg Klubb Slutst\u00e4llning 2024 Resultatlistor i NytaTime f\u00f6r alla \u00e5rets omg\u00e5ngar: Omg\u00e5ng 16 Arlanda Testtrack GP Jaktstart 2024-08-27 Omg\u00e5ng 15 Hakunge bergstempo 2024-08-21 Omg\u00e5ng 14 Skattmans\u00f6 linje 2024-08-14 Resultatlista DM tempo Upplands CF<a href=\"https:\/\/scf.se\/distrikt-uppland\/resultat-upplands-cup-lvg-2024\/\" class=\"news-card__more\"> &#8230;<\/a><\/p>\n","protected":false},"author":48,"featured_media":0,"parent":0,"menu_order":0,"comment_status":"closed","ping_status":"closed","template":"","meta":{"_acf_changed":false,"footnotes":""},"class_list":["post-183","page","type-page","status-publish","hentry"],"acf":[],"_links":{"self":[{"href":"https:\/\/scf.se\/distrikt-uppland\/wp-json\/wp\/v2\/pages\/183","targetHints":{"allow":["GET"]}}],"collection":[{"href":"https:\/\/scf.se\/distrikt-uppland\/wp-json\/wp\/v2\/pages"}],"about":[{"href":"https:\/\/scf.se\/distrikt-uppland\/wp-json\/wp\/v2\/types\/page"}],"author":[{"embeddable":true,"href":"https:\/\/scf.se\/distrikt-uppland\/wp-json\/wp\/v2\/users\/48"}],"replies":[{"embeddable":true,"href":"https:\/\/scf.se\/distrikt-uppland\/wp-json\/wp\/v2\/comments?post=183"}],"version-history":[{"count":21,"href":"https:\/\/scf.se\/distrikt-uppland\/wp-json\/wp\/v2\/pages\/183\/revisions"}],"predecessor-version":[{"id":325,"href":"https:\/\/scf.se\/distrikt-uppland\/wp-json\/wp\/v2\/pages\/183\/revisions\/325"}],"wp:attachment":[{"href":"https:\/\/scf.se\/distrikt-uppland\/wp-json\/wp\/v2\/media?parent=183"}],"curies":[{"name":"wp","href":"https:\/\/api.w.org\/{rel}","templated":true}]}}