
{"id":8,"date":"2022-12-16T15:04:27","date_gmt":"2022-12-16T14:04:27","guid":{"rendered":"https:\/\/scf.se\/distrikt-stockholm\/?page_id=8"},"modified":"2025-06-23T09:34:54","modified_gmt":"2025-06-23T07:34:54","slug":"klubbar","status":"publish","type":"page","link":"https:\/\/scf.se\/distrikt-stockholm\/klubbar\/","title":{"rendered":"Klubbar i Stockholm"},"content":{"rendered":"<p>H\u00e4r nedan finner du de klubbar som tillh\u00f6r Stockholms Cykelf\u00f6rbund. 2023 fanns det 61 klubbar anslutna till Svenska Cykelf\u00f6rbundet registrerade inom Stockholms distrikt. Totalt finns 469 f\u00f6reningar registrerade hos Svenska Cykelf\u00f6rbundet.<\/p>\n<p>Totalt var 9,789 medlemmar registrerade i dessa klubbar. En f\u00f6r oss som cyklar i Stockholm relativt l\u00e5g siffra s\u00e5 se till att g\u00e5 med i en av klubbarna n\u00e4ra dig och \u00e4r du redan med se till att f\u00e5 med dina v\u00e4nner! Inte bara \u00e4r det socialt och supergivande tr\u00e4ningsm\u00e4ssigt. Det inneb\u00e4r \u00e4ven att cykel som sport v\u00e4xer och f\u00e5r b\u00e4ttre f\u00f6ruts\u00e4ttningar. Totalt var 70,219 cyklister medlemmar i en Svensk cykelklubb 2023<\/p>\n<p>Medlemsklubbar 2023. Klubbar m\u00e4rkta med * bedriver ungdomsverksamhet.<\/p>\n<h4><strong>#STHLMESS Cykelklubb<\/strong><\/h4>\n<p>e-post:<\/p>\n<p><a href=\"https:\/\/www.facebook.com\/STHLMESSRoadTeam\/\">Facebook<\/a><\/p>\n<p><strong>Athletic Club Salt Lake<\/strong><\/p>\n<p>e-post:<\/p>\n<p><a href=\"https:\/\/www.acsaltlake.se\/\">Hemsida<\/a><\/p>\n<p><a href=\"https:\/\/www.facebook.com\/groups\/814362728659652\/\">Facebook<\/a><\/p>\n<p><strong>Atlas Copco Idrottsf\u00f6rening<\/strong><\/p>\n<p>e-post:<\/p>\n<p><a href=\"https:\/\/sites.google.com\/view\/acif\/startsida?pli=1\">Hemsida<\/a><\/p>\n<p><a href=\"https:\/\/www.facebook.com\/AtlasCopcoIF\/\">Facebook<\/a><\/p>\n<p><strong>AXA Sports Club<\/strong><\/p>\n<p>e-post: <a href=\"mailto:info@axasportsclub.se\">info@axasportsclub.se<\/a><\/p>\n<p><a href=\"http:\/\/www.axasportsclub.se\">Hemsida<\/a><\/p>\n<p><a href=\"https:\/\/www.facebook.com\/AXASC\/\">Facebook<\/a><\/p>\n<p><strong>Baroudeur Fietsclub<\/strong><\/p>\n<p>e-post:<\/p>\n<p><a href=\"https:\/\/www.facebook.com\/baroudeurfietsclub\/\">Facebook<\/a><\/p>\n<p><strong>Bike Adventure Cycling Club<\/strong><\/p>\n<p>e-post:<\/p>\n<p><strong>Brottby Sportklubb<\/strong><\/p>\n<p>e-post: <a href=\"mailto:brottby.sk@telia.com\">brottby.sk@telia.com<\/a><\/p>\n<p><a href=\"https:\/\/www.svenskalag.se\/brottbysk\">Hemsida<\/a><\/p>\n<p><a href=\"https:\/\/www.facebook.com\/brottbysk\/\">Facebook<\/a><\/p>\n<p><strong>Capital Bikepark Locals Korpf\u00f6rening<\/strong><\/p>\n<p>e-post:<\/p>\n<p><strong>Cykelklubb La Chemise.se<\/strong><\/p>\n<p>e-post:<\/p>\n<p><strong>Cykelklubben ECI Champion<\/strong><\/p>\n<p>e-post: <a href=\"mailto:ckchampion@eci.nu\">ckchampion@eci.nu<\/a><\/p>\n<p><strong>Cykelklubben Falken<\/strong><\/p>\n<p>e-post: <a href=\"mailto:info@ckfalken.se\">info@ckfalken.se<\/a><\/p>\n<p><a href=\"http:\/\/www.ckfalken.se\">Hemsida<\/a><\/p>\n<p><a href=\"https:\/\/www.facebook.com\/CKFalken\/\">Facebook<\/a><\/p>\n<p><strong>Cykelklubben Noll\u00e5tta<\/strong><\/p>\n<p>e-post:<\/p>\n<p><strong>Cykelklubben SubXX<\/strong><\/p>\n<p>e-post: <a href=\"mailto:subxx2013@gmail.com\">subxx2013@gmail.com<\/a><\/p>\n<p><a href=\"http:\/\/subxx.se\/\">Hemsida<\/a><\/p>\n<p><a href=\"https:\/\/www.facebook.com\/cksubxx\/\">Facebook<\/a><\/p>\n<p><strong>Cykelklubben Valhall<\/strong><\/p>\n<p>e-post:<a href=\"mailto:ckvalhall.kassor@gmail.com\"> ckvalhall.kassor@gmail.com<\/a><\/p>\n<p><a href=\"https:\/\/ckvalhall.com\/pages\/klubben\">Hemsida<\/a><\/p>\n<p><a href=\"https:\/\/www.facebook.com\/ckvalhall\/\">Facebook<\/a><\/p>\n<p><strong>Cykloteket Sports club<\/strong><\/p>\n<p>e-post:<\/p>\n<p><strong>Djurg\u00e5rdens IF Cykelf\u00f6rening<\/strong><\/p>\n<p>e-post:<\/p>\n<p><a href=\"https:\/\/difcykel.wordpress.com\/\">Hemsida<\/a><\/p>\n<p><a href=\"https:\/\/www.facebook.com\/difcykel\/\">Facebook<\/a><\/p>\n<p><strong>Echelon Cycling and Triathlon club<\/strong><\/p>\n<p>e-post:<\/p>\n<p><a href=\"https:\/\/www.facebook.com\/echeloncyclingandtriathlonclub\/?paipv=0&amp;eav=AfbXR9BK5smvjQdXIvdoUCOGccyem9s1sAv3RWoYqtGAW5lvjEZjZZojhExSm2E3cc8&amp;_rdr\">Facebook<\/a><\/p>\n<p><strong>Eker\u00f6 MTB<\/strong><\/p>\n<p>e-post: <a href=\"mailto:ekeromtb@gmail.com\">ekeromtb@gmail.com<\/a><\/p>\n<p><a href=\"https:\/\/ekerobikepark.se\/\">Hemsida<\/a><\/p>\n<p><a href=\"https:\/\/www.facebook.com\/ekerobikepark\/\">Facebook<\/a><\/p>\n<p><strong>Fredrikshofs IF Cykelklubb*<\/strong><\/p>\n<p>e-post:<a href=\"mailto:sekreterare@fredrikshof.se\"> sekreterare@fredrikshof.se<\/a><\/p>\n<p><a href=\"http:\/\/www.fredrikshof.se\">Hemsida<\/a><\/p>\n<p><a href=\"https:\/\/www.facebook.com\/groups\/162014850477678\/\">Facebook<\/a><\/p>\n<p><strong>F\u00f6rening Rocket Racing Sweden<\/strong><\/p>\n<p>e-post:<\/p>\n<p><a href=\"https:\/\/www.rocketracingsweden.se\/\">Hemsida<\/a><\/p>\n<p><a href=\"https:\/\/www.facebook.com\/RocketRacingSweden\/\">Facebook<\/a><\/p>\n<p><strong>Ingar\u00f6 Idrottsf\u00f6rening<\/strong><\/p>\n<p>e-post: <a href=\"mailto:info@ingaroif.se\">info@ingaroif.se<\/a><\/p>\n<p><a href=\"https:\/\/www.ingaroif.se\/\">Hemsida<\/a><\/p>\n<p><a href=\"https:\/\/www.facebook.com\/ingaroidrott\/\">Facebook<\/a><\/p>\n<p><strong>J\u00e4rf\u00e4lla Cykelklubb*<\/strong><\/p>\n<p>e-post: <a href=\"mailto:sekreterare@jarfallack.nu\">sekreterare@jarfallack.nu<\/a><\/p>\n<p><a href=\"http:\/\/www.jarfallack.nu\">Hemsida<\/a><\/p>\n<p><a href=\"https:\/\/www.facebook.com\/jarfallack\/\">Facebook<\/a><\/p>\n<p><strong>Evolite Cycling Club\u00a0<\/strong><\/p>\n<p>e-post:<\/p>\n<p><a href=\"http:\/\/kiacyclingteam.se\/\">Hemsida<\/a><\/p>\n<p><strong>Hammarby Cykelklubb<\/strong><\/p>\n<p>e-post: <a href=\"mailto:info@hammarbycykel.se\">info@hammarbycykel.se<\/a><\/p>\n<p><a href=\"http:\/\/hammarbycykel.se\" target=\"_blank\" rel=\"noopener\">Hemsida<\/a><\/p>\n<p><a href=\"http:\/\/facebook.com\/hammarbycykelklubb\" target=\"_blank\" rel=\"noopener\">Facebook<\/a><\/p>\n<p><strong>Liding\u00f6 cykelklubb*<\/strong><\/p>\n<p>e-post:<\/p>\n<p><a href=\"https:\/\/www.facebook.com\/groups\/719218701424056\/\">Facebook<\/a><\/p>\n<p><strong>L\u00e4nna Sport Cykelklubb<\/strong><\/p>\n<p>e-post: <a href=\"mailto:lannasportck@gmail.com\">lannasportck@gmail.com<\/a><\/p>\n<p><a href=\"https:\/\/www.lannasportck.se\">Hemsida<\/a><\/p>\n<p><a href=\"https:\/\/www.facebook.com\/lannasportck\/\">Facebook<\/a><\/p>\n<p><strong>Mountainbike Skola Cykelklubb<\/strong><\/p>\n<p>e-post: <a href=\"mailto:daniel@mountainbikeskolan.se\">info@mountainbikeskolan.se<\/a><\/p>\n<p><a href=\"https:\/\/mountainbikeskolan.se\/\" target=\"_blank\" rel=\"noopener\">Hemsida<\/a><\/p>\n<p><strong>Mtb T\u00e4by Mountainbikeklubb*<\/strong><\/p>\n<p>e-post: <a href=\"mailto:info@mtbtaby.se\">info@mtbtaby.se<\/a><\/p>\n<p><a href=\"http:\/\/www.mtbtaby.se\">Hemsida<\/a><\/p>\n<p><a href=\"https:\/\/www.facebook.com\/mtbtaby\/\">Facebook<\/a><\/p>\n<p><strong>Musk\u00f6 idrottsf\u00f6rening<\/strong><\/p>\n<p>e-post:<\/p>\n<p><a href=\"http:\/\/www.muskoif.se\/\">Hemsida<\/a><\/p>\n<p><a href=\"https:\/\/www.facebook.com\/MuskoIF\/\">Facebook<\/a><\/p>\n<p><strong>Nomo Cycling Club<\/strong><\/p>\n<p>e-post:<\/p>\n<p><strong>Inte Bara Post SK<\/strong><\/p>\n<p>e-post:<\/p>\n<p><a href=\"https:\/\/ryskaposten.se\/ryskapostenracingteam\/\">Hemsida<\/a><\/p>\n<p><strong>Reaktion Cycling Cub<\/strong><\/p>\n<p>e-post:<\/p>\n<p><a href=\"https:\/\/old.cellexir.se\/pages\/cellexir-cycling-club\">Hemsida<\/a><\/p>\n<p><a href=\"https:\/\/www.facebook.com\/cellexircycling\/\">Facebook<\/a><\/p>\n<p><strong>Saltsj\u00f6badens Cykelklubb*<\/strong><\/p>\n<p>e-post: <a href=\"mailto:kansliet@saltsjobadenck.se\">kansliet@saltsjobadenck.se<\/a><\/p>\n<p><a href=\"http:\/\/www.saltsjobadenck.se\">Hemsida<\/a><\/p>\n<p><a href=\"https:\/\/www.facebook.com\/saltsjobadenck\/\">Facebook<\/a><\/p>\n<p><strong>She Rides Cykelklubb<\/strong><\/p>\n<p>e-post: <a href=\"mailto:ck@sherides.se\">ck@sherides.se<\/a><\/p>\n<p><a href=\"http:\/\/sherides.se\/she-rides-ck\/\">Hemsida<\/a><\/p>\n<p><a href=\"https:\/\/www.facebook.com\/groups\/sheridescommunity\/\">Facebook<\/a><\/p>\n<p><strong>Sigge Cykelklubb<\/strong><\/p>\n<p>e-post: <a href=\"mailto:siggecykelklubb@gmail.com\">siggecykelklubb@gmail.com<\/a><\/p>\n<p><a href=\"https:\/\/www.siggecykel.se\/sigge-ck\/\">Hemsida<\/a><\/p>\n<p><strong>Specialized Concept Store Cykelklubb<\/strong><\/p>\n<p>e-post: <a href=\"mailto:scs@cykelspecialisten.com\">scs@cykelspecialisten.com<\/a><\/p>\n<p><strong>Springtime Sports club<\/strong><\/p>\n<p>e-post:<\/p>\n<p><a href=\"https:\/\/springtime.se\/springtime-sports-club\/\">Hemsida<\/a><\/p>\n<p><strong>Sp\u00e5rv\u00e4gen Cykelf\u00f6rening*<\/strong><\/p>\n<p>e-post: <a href=\"mailto:info@sparvagencykel.se\">info@sparvagencykel.se<\/a><\/p>\n<p><a href=\"https:\/\/www.sparvagencykel.se\/start\/?ID=408926\">Hemsida<\/a><\/p>\n<p><a href=\"https:\/\/www.facebook.com\/Sp%C3%A5rv%C3%A4gen-Cykel-188197597883041\/\">Facebook<\/a><\/p>\n<p><strong>Sthlm Bike Cykelklubb<\/strong><\/p>\n<p>e-post: <a href=\"mailto:mirjam@sthlmbike.se\">mirjam@sthlmbike.se<\/a><\/p>\n<p><a href=\"https:\/\/sthlmbike.se\/cykelklubb\/\">Hemsida<\/a><\/p>\n<p><a href=\"https:\/\/www.facebook.com\/SthlmBike\/\">Facebook<\/a><\/p>\n<p><strong>Stockholm City Triathlon club<\/strong><\/p>\n<p>e-post:<a href=\"mailto:info@sct.nu\">info@sct.nu<\/a><\/p>\n<p><a href=\"http:\/\/www.sct.nu\">Hemsida<\/a><\/p>\n<p><strong>Stockholm Cykelklubb<\/strong><\/p>\n<p>e-post: <a href=\"mailto:stockholmcykelklubb@gmail.com\">stockholmcykelklubb@gmail.com<\/a><\/p>\n<p><a href=\"https:\/\/stockholmcykelklubb.se\/\">Hemsida<\/a><\/p>\n<p><a href=\"https:\/\/www.facebook.com\/stockholmcykelklubb\/\">Facebook<\/a><\/p>\n<p><strong>Stockholm Multisport Club<\/strong><\/p>\n<p>e-post: <a href=\"mailto:info@stockhommultisport.se\">info@stockhommultisport.se<\/a><\/p>\n<p><a href=\"https:\/\/www.stockholmmultisport.se\/\">Hemsida<\/a><\/p>\n<p><a href=\"https:\/\/www.facebook.com\/stockholmmultisport\/\">Facebook<\/a><\/p>\n<p><strong>Sumo Cycling Club<\/strong><\/p>\n<p>e-post:<\/p>\n<p><a href=\"https:\/\/www.facebook.com\/groups\/363088570830656\/\">Facebook<\/a><\/p>\n<p><strong>Sveaskogs Idrottsf\u00f6rening<\/strong><\/p>\n<p>e-post:<\/p>\n<p><strong>S\u00f6dert\u00e4lje Cykelklubb*<\/strong><\/p>\n<p>e-post: <a href=\"mailto:sodertaljeck1922@gmail.com\">sodertaljeck1922@gmail.com<\/a><\/p>\n<p><a href=\"https:\/\/sodertaljeck.com\/\">Hemsida<\/a><\/p>\n<p><a href=\"https:\/\/www.facebook.com\/S%C3%B6dert%C3%A4lje-Cykelklubb-148296228662230\/\">Facebook<\/a><\/p>\n<p><strong>S\u00f6dert\u00e4lje-Nykvarn Orienteringsf\u00f6rening<\/strong><\/p>\n<p>e-post: <a href=\"mailto:info@sno.nu\">info@sno.nu<\/a><\/p>\n<p><a href=\"http:\/\/www.sno.nu\">Hemsida<\/a><\/p>\n<p><strong>S\u00f6dert\u00f6rns Cykelklubb\u00a0<\/strong><\/p>\n<p>e-post: <a href=\"mailto:sodertornsck@gmail.com\">sodertornsck@gmail.com<\/a><\/p>\n<p><a href=\"https:\/\/www.facebook.com\/SodertornsCykelklubb\/\">Facebook<\/a><\/p>\n<p><strong>Team Aron Sports Club<\/strong><\/p>\n<p>e-post:<a href=\"mailto:info@teamaronck.se\"> info@teamaronck.se<\/a><\/p>\n<p><a href=\"https:\/\/teamaronck.se\/om-oss\/\">Hemsida<\/a><\/p>\n<p><a href=\"https:\/\/www.facebook.com\/teamaronsportsclub\/\">Facebook<\/a><\/p>\n<p><strong>Team Jarla Cykelklubb<\/strong><\/p>\n<p>e-post: <a href=\"mailto:joakim@teamjarlack.se\">joakim@teamjarlack.se<\/a><\/p>\n<p><a href=\"https:\/\/www.facebook.com\/teamjarlack\/\">Facebook<\/a><\/p>\n<p><strong>Team Powerwoman Athletic Club<\/strong><\/p>\n<p>e-post: <a href=\"mailto:team@powerwoman.com\">team@powerwoman.com<\/a><\/p>\n<p><a href=\"https:\/\/powerwoman.com\/collections\/team-clothes\">Hemsida<\/a><\/p>\n<p><a href=\"https:\/\/www.facebook.com\/groups\/1377670572340074\/\">Facebook<\/a><\/p>\n<p><strong>Team TCMcykel.se Cykelf\u00f6rening\u00a0<\/strong><\/p>\n<p>e-post:<a href=\"mailto:styrelsen@teamcorratecsweden.se\"> styrelsen@teamcorratecsweden.se<\/a><\/p>\n<p><strong>Team Utan Gr\u00e4nser Cykelklubb<\/strong><\/p>\n<p>e-post: <a href=\"mailto:info@tugck.se\">info@tugck.se<\/a><\/p>\n<p><a href=\"https:\/\/teamutangranser.se\/\">Hemsida<\/a><\/p>\n<p><a href=\"https:\/\/www.facebook.com\/teamutangranser\/\">Facebook<\/a><\/p>\n<p><strong>Terrible Tuesday Triathlon Club<\/strong><\/p>\n<p>e-post:<\/p>\n<p><a href=\"https:\/\/www.facebook.com\/groups\/TerribleTuesdays\/\">Facebook<\/a><\/p>\n<p><strong>Trailstore Collective BC<\/strong><\/p>\n<p>e-post: <a href=\"mailto:jonatan@trailstore.se\">jonatan@trailstore.se<\/a><\/p>\n<p><strong>Tullinge Sportklubb*<\/strong><\/p>\n<p>e-post: <a href=\"mailto:mtb@tullingesk.se\">mtb@tullingesk.se<\/a><\/p>\n<p><a href=\"http:\/\/tullingesk.se\/\">Hemsida<\/a><\/p>\n<p><a href=\"https:\/\/www.facebook.com\/tullingesk\/\">Facebook<\/a><\/p>\n<p><strong>Tyres\u00f6 Cykelklubb*<\/strong><\/p>\n<p>e-post: <a href=\"mailto:info@tyreso-ck.se\">info@tyreso-ck.se<\/a><\/p>\n<p><a href=\"http:\/\/tyreso-ck.se\">Hemsida<\/a><\/p>\n<p><a href=\"https:\/\/www.facebook.com\/groups\/cktyreso\/\">Facebook<\/a><\/p>\n<p><strong>Vallentuna Cykelklubb<\/strong><\/p>\n<p>e-post: <a href=\"mailto:vallentunack@hotmail.com\">vallentunack@hotmail.com<\/a><\/p>\n<p><a href=\"https:\/\/www.facebook.com\/groups\/VallentunaCK\/\">Facebook<\/a><\/p>\n<p><strong>Waxholm Cykleklubb<\/strong><\/p>\n<p>e-post: <a href=\"mailto:info@wck.se\">info@wck.se<\/a><\/p>\n<p><a href=\"http:\/\/www.wck.se\">Hemsida<\/a><\/p>\n<p><a href=\"https:\/\/www.facebook.com\/profile.php?id=100063609774167\">Facebook<\/a><\/p>\n<p><strong>Velocipedf\u00f6reningen Punschrullen<\/strong><\/p>\n<p>e-post: <a href=\"mailto:vcpf.punschrullen@gmail.com\">vcpf.punschrullen@gmail.com<\/a><\/p>\n<p><a href=\"https:\/\/www.facebook.com\/groups\/85742723286\/\">Facebook<\/a><\/p>\n<p><strong>V\u00e4rmd\u00f6 Cykelklubb*<\/strong><\/p>\n<p>e-post: <a href=\"mailto:info@varmdock.se\">info@varmdock.se<\/a><\/p>\n<p><a href=\"http:\/\/www.varmdock.se\">Hemsida<\/a><\/p>\n<p><a href=\"https:\/\/www.facebook.com\/groups\/907924022632662\/\">Facebook<\/a><\/p>\n<p><strong>\u00c4lvsj\u00f6 BMX-Klubb*<\/strong><\/p>\n<p>e-post: <a href=\"mailto:info@alvsjobmx.com\">info@alvsjobmx.com<\/a><\/p>\n<p><a href=\"http:\/\/www.alvsjobmx.com\">Hemsida<\/a><\/p>\n<p><a href=\"https:\/\/www.facebook.com\/AlvsjoBmx\/\">Facebook<\/a><\/p>\n<p><strong>\u00c4ngby Cycle Club<\/strong><\/p>\n<p>e-post: <a href=\"mailto:info@angby.cc\">info@angby.cc<\/a><\/p>\n<p><a href=\"https:\/\/www.facebook.com\/groups\/angbycc\/\">Facebook<\/a><\/p>\n<p>&nbsp;<\/p>\n<p>&nbsp;<\/p>\n","protected":false},"excerpt":{"rendered":"<p>H\u00e4r nedan finner du de klubbar som tillh\u00f6r Stockholms Cykelf\u00f6rbund. 2023 fanns det 61 klubbar anslutna till Svenska Cykelf\u00f6rbundet registrerade inom Stockholms distrikt. Totalt finns 469 f\u00f6reningar registrerade hos Svenska Cykelf\u00f6rbundet. Totalt var 9,789 medlemmar registrerade i dessa klubbar. En f\u00f6r oss som cyklar i Stockholm relativt l\u00e5g siffra s\u00e5 se till att g\u00e5<a href=\"https:\/\/scf.se\/distrikt-stockholm\/klubbar\/\" class=\"news-card__more\"> &#8230;<\/a><\/p>\n","protected":false},"author":44,"featured_media":0,"parent":0,"menu_order":0,"comment_status":"closed","ping_status":"closed","template":"","meta":{"_acf_changed":false,"footnotes":""},"class_list":["post-8","page","type-page","status-publish","hentry"],"acf":[],"_links":{"self":[{"href":"https:\/\/scf.se\/distrikt-stockholm\/wp-json\/wp\/v2\/pages\/8","targetHints":{"allow":["GET"]}}],"collection":[{"href":"https:\/\/scf.se\/distrikt-stockholm\/wp-json\/wp\/v2\/pages"}],"about":[{"href":"https:\/\/scf.se\/distrikt-stockholm\/wp-json\/wp\/v2\/types\/page"}],"author":[{"embeddable":true,"href":"https:\/\/scf.se\/distrikt-stockholm\/wp-json\/wp\/v2\/users\/44"}],"replies":[{"embeddable":true,"href":"https:\/\/scf.se\/distrikt-stockholm\/wp-json\/wp\/v2\/comments?post=8"}],"version-history":[{"count":2,"href":"https:\/\/scf.se\/distrikt-stockholm\/wp-json\/wp\/v2\/pages\/8\/revisions"}],"predecessor-version":[{"id":250,"href":"https:\/\/scf.se\/distrikt-stockholm\/wp-json\/wp\/v2\/pages\/8\/revisions\/250"}],"wp:attachment":[{"href":"https:\/\/scf.se\/distrikt-stockholm\/wp-json\/wp\/v2\/media?parent=8"}],"curies":[{"name":"wp","href":"https:\/\/api.w.org\/{rel}","templated":true}]}}