
{"id":39,"date":"2023-01-25T10:52:43","date_gmt":"2023-01-25T09:52:43","guid":{"rendered":"https:\/\/scf.se\/distrikt-stockholm\/?page_id=39"},"modified":"2023-05-02T13:05:19","modified_gmt":"2023-05-02T11:05:19","slug":"svealand-cycling-team","status":"publish","type":"page","link":"https:\/\/scf.se\/distrikt-stockholm\/svealand-cycling-team\/","title":{"rendered":"Svealand Cycling Team"},"content":{"rendered":"<p>Svealand Cycling Team \u00e4r ett projekt startat av Stockholms Cykelf\u00f6rbund som ger ungdomar i hela landet m\u00f6jligheten att f\u00e5 t\u00e4vla nationellt och internationellt. Syftet \u00e4r att ge ungdomarna en realistisk v\u00e4g ut i Europa och l\u00e4gga grunden f\u00f6r en framtida proffskarri\u00e4r.<\/p>\n<p>L\u00e4s mer <a href=\"http:\/\/www.svealandcyclingteam.com\/\" target=\"_blank\" rel=\"noopener noreferrer\">h\u00e4r<\/a><\/p>\n<p>&nbsp;<\/p>\n","protected":false},"excerpt":{"rendered":"<p>Svealand Cycling Team \u00e4r ett projekt startat av Stockholms Cykelf\u00f6rbund som ger ungdomar i hela landet m\u00f6jligheten att f\u00e5 t\u00e4vla nationellt och internationellt. Syftet \u00e4r att ge ungdomarna en realistisk v\u00e4g ut i Europa och l\u00e4gga grunden f\u00f6r en framtida proffskarri\u00e4r. L\u00e4s mer h\u00e4r &nbsp;<\/p>\n","protected":false},"author":46,"featured_media":42,"parent":0,"menu_order":0,"comment_status":"closed","ping_status":"closed","template":"","meta":{"_acf_changed":false,"footnotes":""},"class_list":["post-39","page","type-page","status-publish","hentry"],"acf":[],"_links":{"self":[{"href":"https:\/\/scf.se\/distrikt-stockholm\/wp-json\/wp\/v2\/pages\/39","targetHints":{"allow":["GET"]}}],"collection":[{"href":"https:\/\/scf.se\/distrikt-stockholm\/wp-json\/wp\/v2\/pages"}],"about":[{"href":"https:\/\/scf.se\/distrikt-stockholm\/wp-json\/wp\/v2\/types\/page"}],"author":[{"embeddable":true,"href":"https:\/\/scf.se\/distrikt-stockholm\/wp-json\/wp\/v2\/users\/46"}],"replies":[{"embeddable":true,"href":"https:\/\/scf.se\/distrikt-stockholm\/wp-json\/wp\/v2\/comments?post=39"}],"version-history":[{"count":0,"href":"https:\/\/scf.se\/distrikt-stockholm\/wp-json\/wp\/v2\/pages\/39\/revisions"}],"wp:featuredmedia":[{"embeddable":true,"href":"https:\/\/scf.se\/distrikt-stockholm\/wp-json\/wp\/v2\/media\/42"}],"wp:attachment":[{"href":"https:\/\/scf.se\/distrikt-stockholm\/wp-json\/wp\/v2\/media?parent=39"}],"curies":[{"name":"wp","href":"https:\/\/api.w.org\/{rel}","templated":true}]}}