
{"id":30,"date":"2023-01-02T15:25:43","date_gmt":"2023-01-02T14:25:43","guid":{"rendered":"https:\/\/scf.se\/distrikt-stockholm\/?page_id=30"},"modified":"2026-02-02T08:43:51","modified_gmt":"2026-02-02T07:43:51","slug":"styrelse","status":"publish","type":"page","link":"https:\/\/scf.se\/distrikt-stockholm\/styrelse\/","title":{"rendered":"Styrelse &amp; Valberedning 2026"},"content":{"rendered":"<p><strong>Ledam\u00f6ter &amp; Ordf\u00f6rande 2026<\/strong><\/p>\n<p><span data-contrast=\"auto\"><strong>Oskar Ekman<\/strong>, Lucky Sport Cycling Club, ordf\u00f6rande, <a href=\"mailto:oskar.ekman@hotmail.com\">oskar.ekman@hotmail.com<\/a><\/span><span data-ccp-props=\"{&quot;201341983&quot;:0,&quot;335559739&quot;:160,&quot;335559740&quot;:259}\">\u00a0<\/span><\/p>\n<p><span data-contrast=\"auto\"><strong>Jonas Gunnnarsson<\/strong>, CK Noll\u00e5tta, vice ordf\u00f6rande, <\/span><a href=\"mailto:dr.jonas.gunnarsson@outlook.com\"><span data-contrast=\"none\">dr.jonas.gunnarsson@outlook.com<\/span><\/a><span data-ccp-props=\"{&quot;201341983&quot;:0,&quot;335559739&quot;:160,&quot;335559740&quot;:259}\">\u00a0<\/span><\/p>\n<p><span data-contrast=\"auto\"><strong>Sue Paz Bylund<\/strong>, Stockholm Multisport, sekreterare, <a href=\"mailto:sue.paz.bylund@gmail.com\" data-linkindex=\"0\">sue.paz.bylund@gmail.com<\/a><\/span><\/p>\n<p><span data-contrast=\"auto\"><strong>Simona Sankauskaite<\/strong>, Tyres\u00f6 CK, kass\u00f6r, <a href=\"mailto:simona.sankauskaite@gmail.com\">simona.sankauskaite@gmail.com<\/a><\/span><span data-ccp-props=\"{&quot;201341983&quot;:0,&quot;335559739&quot;:160,&quot;335559740&quot;:259}\">\u00a0<\/span><\/p>\n<p><span data-contrast=\"auto\"><strong>Stefan Ek<\/strong>, S\u00f6dert\u00e4lje CK, styrelsemedlem &amp; t\u00e4vlingsansvarig, <a href=\"mailto:stefan@lestudio.se\">stefan@lestudio.se<\/a><\/span><span data-ccp-props=\"{&quot;201341983&quot;:0,&quot;335559739&quot;:160,&quot;335559740&quot;:259}\">\u00a0<\/span><\/p>\n<p><span data-contrast=\"auto\"><strong>Patrick Svensson<\/strong>, Djurg\u00e5rdens IF Cykel, styrelsemedlem, <a href=\"mailto:patrick.lg.svensson@gmail.com\">patrick.lg.svensson@gmail.com<\/a><\/span><\/p>\n<p><span data-contrast=\"auto\"><strong>Therese Sundstr\u00f6m<\/strong>, Cykelklubben Valhall, styrelsemedlem, <a href=\"mailto:theresesundstrom@gmail.com\">theresesundstrom@gmail.com<\/a><\/span><span data-ccp-props=\"{&quot;201341983&quot;:0,&quot;335559739&quot;:160,&quot;335559740&quot;:259}\">\u00a0<\/span><\/p>\n<p><span data-contrast=\"auto\"><strong>Nils Penton,<\/strong><\/span><span data-contrast=\"auto\"> Inte Bara Post CK, <a href=\"mailto:nilspentoo@gmail.com\">nilspentoo@gmail.com<\/a><\/span><\/p>\n<p><span data-contrast=\"auto\"><span data-contrast=\"auto\"><strong>Erik Post<\/strong>, Cykelklubben Valhall, <a href=\"mailto:post.erik@gmail.com\">post.erik@gmail.com<\/a><\/span><\/span><\/p>\n<p>&nbsp;<\/p>\n<p><strong>Valberedning 2026<\/strong><\/p>\n<p><strong>Jakob Wihk<\/strong>, Inte Bara Post CK<\/p>\n<p><strong>Oskar<\/strong> <strong>Kumlin<\/strong>, Tyres\u00f6 CK<\/p>\n<p>&nbsp;<\/p>\n","protected":false},"excerpt":{"rendered":"<p>Ledam\u00f6ter &amp; Ordf\u00f6rande 2026 Oskar Ekman, Lucky Sport Cycling Club, ordf\u00f6rande, oskar.ekman@hotmail.com\u00a0 Jonas Gunnnarsson, CK Noll\u00e5tta, vice ordf\u00f6rande, dr.jonas.gunnarsson@outlook.com\u00a0 Sue Paz Bylund, Stockholm Multisport, sekreterare, sue.paz.bylund@gmail.com Simona Sankauskaite, Tyres\u00f6 CK, kass\u00f6r, simona.sankauskaite@gmail.com\u00a0 Stefan Ek, S\u00f6dert\u00e4lje CK, styrelsemedlem &amp; t\u00e4vlingsansvarig, stefan@lestudio.se\u00a0 Patrick Svensson, Djurg\u00e5rdens IF Cykel, styrelsemedlem, patrick.lg.svensson@gmail.com Therese Sundstr\u00f6m, Cykelklubben Valhall, styrelsemedlem, theresesundstrom@gmail.com\u00a0 Nils<a href=\"https:\/\/scf.se\/distrikt-stockholm\/styrelse\/\" class=\"news-card__more\"> &#8230;<\/a><\/p>\n","protected":false},"author":46,"featured_media":111,"parent":0,"menu_order":0,"comment_status":"closed","ping_status":"closed","template":"","meta":{"_acf_changed":false,"footnotes":""},"class_list":["post-30","page","type-page","status-publish","hentry"],"acf":[],"_links":{"self":[{"href":"https:\/\/scf.se\/distrikt-stockholm\/wp-json\/wp\/v2\/pages\/30","targetHints":{"allow":["GET"]}}],"collection":[{"href":"https:\/\/scf.se\/distrikt-stockholm\/wp-json\/wp\/v2\/pages"}],"about":[{"href":"https:\/\/scf.se\/distrikt-stockholm\/wp-json\/wp\/v2\/types\/page"}],"author":[{"embeddable":true,"href":"https:\/\/scf.se\/distrikt-stockholm\/wp-json\/wp\/v2\/users\/46"}],"replies":[{"embeddable":true,"href":"https:\/\/scf.se\/distrikt-stockholm\/wp-json\/wp\/v2\/comments?post=30"}],"version-history":[{"count":6,"href":"https:\/\/scf.se\/distrikt-stockholm\/wp-json\/wp\/v2\/pages\/30\/revisions"}],"predecessor-version":[{"id":270,"href":"https:\/\/scf.se\/distrikt-stockholm\/wp-json\/wp\/v2\/pages\/30\/revisions\/270"}],"wp:featuredmedia":[{"embeddable":true,"href":"https:\/\/scf.se\/distrikt-stockholm\/wp-json\/wp\/v2\/media\/111"}],"wp:attachment":[{"href":"https:\/\/scf.se\/distrikt-stockholm\/wp-json\/wp\/v2\/media?parent=30"}],"curies":[{"name":"wp","href":"https:\/\/api.w.org\/{rel}","templated":true}]}}