
{"id":29,"date":"2023-01-02T15:25:33","date_gmt":"2023-01-02T14:25:33","guid":{"rendered":"https:\/\/scf.se\/distrikt-stockholm\/?page_id=29"},"modified":"2023-01-25T10:49:04","modified_gmt":"2023-01-25T09:49:04","slug":"stadgar","status":"publish","type":"page","link":"https:\/\/scf.se\/distrikt-stockholm\/stadgar\/","title":{"rendered":"Stadgar"},"content":{"rendered":"<p><a href=\"https:\/\/scf.se\/distrikt-stockholm\/wp-content\/uploads\/sites\/12\/2023\/01\/stadgar_StoCF.pdf\">H\u00e4r<\/a> finner du stadgarna f\u00f6r Stockholms Cykelf\u00f6rbund<\/p>\n","protected":false},"excerpt":{"rendered":"<p>H\u00e4r finner du stadgarna f\u00f6r Stockholms Cykelf\u00f6rbund<\/p>\n","protected":false},"author":46,"featured_media":0,"parent":0,"menu_order":0,"comment_status":"closed","ping_status":"closed","template":"","meta":{"_acf_changed":false,"footnotes":""},"class_list":["post-29","page","type-page","status-publish","hentry"],"acf":[],"_links":{"self":[{"href":"https:\/\/scf.se\/distrikt-stockholm\/wp-json\/wp\/v2\/pages\/29","targetHints":{"allow":["GET"]}}],"collection":[{"href":"https:\/\/scf.se\/distrikt-stockholm\/wp-json\/wp\/v2\/pages"}],"about":[{"href":"https:\/\/scf.se\/distrikt-stockholm\/wp-json\/wp\/v2\/types\/page"}],"author":[{"embeddable":true,"href":"https:\/\/scf.se\/distrikt-stockholm\/wp-json\/wp\/v2\/users\/46"}],"replies":[{"embeddable":true,"href":"https:\/\/scf.se\/distrikt-stockholm\/wp-json\/wp\/v2\/comments?post=29"}],"version-history":[{"count":0,"href":"https:\/\/scf.se\/distrikt-stockholm\/wp-json\/wp\/v2\/pages\/29\/revisions"}],"wp:attachment":[{"href":"https:\/\/scf.se\/distrikt-stockholm\/wp-json\/wp\/v2\/media?parent=29"}],"curies":[{"name":"wp","href":"https:\/\/api.w.org\/{rel}","templated":true}]}}