
{"id":17,"date":"2022-12-16T15:38:50","date_gmt":"2022-12-16T14:38:50","guid":{"rendered":"https:\/\/scf.se\/distrikt-stockholm\/?page_id=17"},"modified":"2023-04-22T17:58:28","modified_gmt":"2023-04-22T15:58:28","slug":"kommissarier","status":"publish","type":"page","link":"https:\/\/scf.se\/distrikt-stockholm\/kommissarier\/","title":{"rendered":"T\u00e4vling"},"content":{"rendered":"<p><i>Vill du veta n\u00e4r n\u00e4sta t\u00e4vling \u00e4ger rum, eller kanske hitta ett lopp som ligger i n\u00e4rheten att delta i?\u00a0<\/i><\/p>\n<p><a href=\"http:\/\/swecyclingonline.se\/\">H\u00e4r<\/a> hittar du t\u00e4vlingskalendern f\u00f6r kommande svenska lopp<\/p>\n<p>F\u00f6r att t\u00e4vla beh\u00f6ver du l\u00f6sa en licens, information och ans\u00f6ka g\u00f6r du\u00a0<a href=\"https:\/\/scf.se\/licenser\/\">h\u00e4r<\/a><\/p>\n<p>&nbsp;<\/p>\n","protected":false},"excerpt":{"rendered":"<p>Vill du veta n\u00e4r n\u00e4sta t\u00e4vling \u00e4ger rum, eller kanske hitta ett lopp som ligger i n\u00e4rheten att delta i?\u00a0 H\u00e4r hittar du t\u00e4vlingskalendern f\u00f6r kommande svenska lopp F\u00f6r att t\u00e4vla beh\u00f6ver du l\u00f6sa en licens, information och ans\u00f6ka g\u00f6r du\u00a0h\u00e4r &nbsp;<\/p>\n","protected":false},"author":44,"featured_media":0,"parent":0,"menu_order":0,"comment_status":"closed","ping_status":"closed","template":"","meta":{"_acf_changed":false,"footnotes":""},"class_list":["post-17","page","type-page","status-publish","hentry"],"acf":[],"_links":{"self":[{"href":"https:\/\/scf.se\/distrikt-stockholm\/wp-json\/wp\/v2\/pages\/17","targetHints":{"allow":["GET"]}}],"collection":[{"href":"https:\/\/scf.se\/distrikt-stockholm\/wp-json\/wp\/v2\/pages"}],"about":[{"href":"https:\/\/scf.se\/distrikt-stockholm\/wp-json\/wp\/v2\/types\/page"}],"author":[{"embeddable":true,"href":"https:\/\/scf.se\/distrikt-stockholm\/wp-json\/wp\/v2\/users\/44"}],"replies":[{"embeddable":true,"href":"https:\/\/scf.se\/distrikt-stockholm\/wp-json\/wp\/v2\/comments?post=17"}],"version-history":[{"count":0,"href":"https:\/\/scf.se\/distrikt-stockholm\/wp-json\/wp\/v2\/pages\/17\/revisions"}],"wp:attachment":[{"href":"https:\/\/scf.se\/distrikt-stockholm\/wp-json\/wp\/v2\/media?parent=17"}],"curies":[{"name":"wp","href":"https:\/\/api.w.org\/{rel}","templated":true}]}}