
{"id":10,"date":"2022-12-16T15:04:55","date_gmt":"2022-12-16T14:04:55","guid":{"rendered":"https:\/\/scf.se\/distrikt-stockholm\/?page_id=10"},"modified":"2023-04-21T13:12:22","modified_gmt":"2023-04-21T11:12:22","slug":"om-stockholms-cykelforbund","status":"publish","type":"page","link":"https:\/\/scf.se\/distrikt-stockholm\/om-stockholms-cykelforbund\/","title":{"rendered":"Om Distriktet"},"content":{"rendered":"<div class=\"wpb_column vc_column_container vc_col-sm-6 liquid-column-63b2e801a2a0b\">\n<div class=\"vc_column-inner\">\n<div class=\"wpb_wrapper \">\n<div class=\"wpb_wrapper-inner\">\n<div class=\"wpb_text_column wpb_content_element \">\n<div class=\"wpb_wrapper\">\n<p>V\u00e4lkommen till\u00a0<em>Stockholms Cykelf\u00f6rbund<\/em>\u00a0\u2013 samarbetsorgan f\u00f6r cykelklubbarna i Svenska Cykelf\u00f6rbundets Stockholmsdistrikt.<\/p>\n<p>I Stockholm finns det \u00f6ver 70 aktiva cykelklubbar! Helt s\u00e4kert finns det en klubb f\u00f6r dig! BMX, Enduro, MTB, Landsv\u00e4g, Paracykel, l\u00e5nglopp, kortlopp, motionslopp, GP lopp \u2013 utbudet \u00e4r stort!<\/p>\n<p>Beh\u00f6ver du hj\u00e4lp att hitta den klubb du \u00e4r ute efter s\u00e5 tveka inte att kontakta oss s\u00e5 hj\u00e4lper vi dig hitta r\u00e4tt!<\/p>\n<\/div>\n<\/div>\n<\/div>\n<\/div>\n<\/div>\n<\/div>\n<div class=\"wpb_column vc_column_container vc_col-sm-6 liquid-column-63b2e801a413e\">\n<div class=\"vc_column-inner\">\n<div class=\"wpb_wrapper \">\n<div class=\"wpb_wrapper-inner\">\n<div class=\"wpb_text_column wpb_content_element \">\n<div class=\"wpb_wrapper\">\n<p>Att testa en eller ett par klubbtr\u00e4ningar brukar vara gratis och efter ett par tillf\u00e4llen brukar medlemsavgiften k\u00e4nnas som en god investering.<\/p>\n<p>L\u00e4s mer h\u00e4r p\u00e5 hemsidan om de tr\u00e4ningar och de t\u00e4vlingar som arrangeras i huvudstaden.\u00a0L\u00f6pande information fr\u00e5n klubbar och f\u00f6rbund hittar man b\u00e4st p\u00e5 Facebook.<\/p>\n<\/div>\n<\/div>\n<\/div>\n<\/div>\n<\/div>\n<\/div>\n","protected":false},"excerpt":{"rendered":"<p>V\u00e4lkommen till\u00a0Stockholms Cykelf\u00f6rbund\u00a0\u2013 samarbetsorgan f\u00f6r cykelklubbarna i Svenska Cykelf\u00f6rbundets Stockholmsdistrikt. I Stockholm finns det \u00f6ver 70 aktiva cykelklubbar! Helt s\u00e4kert finns det en klubb f\u00f6r dig! BMX, Enduro, MTB, Landsv\u00e4g, Paracykel, l\u00e5nglopp, kortlopp, motionslopp, GP lopp \u2013 utbudet \u00e4r stort! Beh\u00f6ver du hj\u00e4lp att hitta den klubb du \u00e4r ute efter s\u00e5 tveka inte<a href=\"https:\/\/scf.se\/distrikt-stockholm\/om-stockholms-cykelforbund\/\" class=\"news-card__more\"> &#8230;<\/a><\/p>\n","protected":false},"author":44,"featured_media":0,"parent":0,"menu_order":0,"comment_status":"closed","ping_status":"closed","template":"","meta":{"_acf_changed":false,"footnotes":""},"class_list":["post-10","page","type-page","status-publish","hentry"],"acf":[],"_links":{"self":[{"href":"https:\/\/scf.se\/distrikt-stockholm\/wp-json\/wp\/v2\/pages\/10","targetHints":{"allow":["GET"]}}],"collection":[{"href":"https:\/\/scf.se\/distrikt-stockholm\/wp-json\/wp\/v2\/pages"}],"about":[{"href":"https:\/\/scf.se\/distrikt-stockholm\/wp-json\/wp\/v2\/types\/page"}],"author":[{"embeddable":true,"href":"https:\/\/scf.se\/distrikt-stockholm\/wp-json\/wp\/v2\/users\/44"}],"replies":[{"embeddable":true,"href":"https:\/\/scf.se\/distrikt-stockholm\/wp-json\/wp\/v2\/comments?post=10"}],"version-history":[{"count":0,"href":"https:\/\/scf.se\/distrikt-stockholm\/wp-json\/wp\/v2\/pages\/10\/revisions"}],"wp:attachment":[{"href":"https:\/\/scf.se\/distrikt-stockholm\/wp-json\/wp\/v2\/media?parent=10"}],"curies":[{"name":"wp","href":"https:\/\/api.w.org\/{rel}","templated":true}]}}