
{"id":8,"date":"2023-01-02T11:47:38","date_gmt":"2023-01-02T10:47:38","guid":{"rendered":"https:\/\/scf.se\/distrikt-halland\/?page_id=8"},"modified":"2023-05-22T14:54:40","modified_gmt":"2023-05-22T12:54:40","slug":"klubbar","status":"publish","type":"page","link":"https:\/\/scf.se\/distrikt-halland\/klubbar\/","title":{"rendered":"Klubbar"},"content":{"rendered":"<p>H\u00e4r hittar du alla klubbar som \u00e4r kopplade till Hallands Cykelf\u00f6rbund:<\/p>\n<ul>\n<li><strong>Bukten Mountainbike Klubb<br \/>\n<\/strong><a href=\"mailto:info@buktenmtb.se\">info@buktenmtb.se<\/a><br \/>\n<a href=\"https:\/\/www.facebook.com\/groups\/240453019864233\/\">Facebook<\/a><\/li>\n<li><strong>Cogheart Cycle Club Varberg<br \/>\n<\/strong><a href=\"mailto:patrik.stenfjall@stonerhill.se\">patrik.stenfjall@stonerhill.se<\/a><\/li>\n<li><strong>Cykelklubben Bure<br \/>\n<\/strong><a href=\"mailto:ckbure@ckbure.se\">ckbure@ckbure.se<\/a><br \/>\n<a href=\"https:\/\/www.svenskalag.se\/ck-bure\">Hemsida<\/a><br \/>\n<a href=\"https:\/\/www.facebook.com\/CkBure\/\">Facebook<\/a><\/li>\n<li><strong>Cykelklubben Wano<br \/>\n<\/strong><a href=\"mailto:info@ckwano.se\">info@ckwano.se<\/a><br \/>\n<a href=\"https:\/\/ckwano.se\/\">Hemsida<\/a><br \/>\n<a href=\"https:\/\/www.facebook.com\/ckwano1\/\">Facebook<\/a><\/li>\n<li><strong>Falkenbergs Cykelklubb<br \/>\n<\/strong><a href=\"mailto:falkenbergsck@gmail.com\">falkenbergsck@gmail.com<\/a><br \/>\n<a href=\"https:\/\/www.facebook.com\/falkenbergsck\/\">Facebook<\/a><\/li>\n<\/ul>\n<ul>\n<li><strong>Halmstad Mountainbikeklubb<br \/>\n<\/strong><a href=\"mailto:info@halmstadmtb.se\">info@halmstadmtb.se<\/a><br \/>\n<a href=\"https:\/\/www.halmstadmtb.se\/\">Hemsida<\/a><br \/>\n<a href=\"https:\/\/www.facebook.com\/groups\/1510192282601454\/user\/100057628652827\/\">Facebook<\/a><\/li>\n<li><strong>Halmstads Cykelklubb<br \/>\n<\/strong><a href=\"mailto:gittan.hogas@ymail.com\">gittan.hogas@ymail.com<\/a><\/li>\n<li><strong>Hawkhills Trialklubb<br \/>\n<\/strong><a href=\"mailto:hawkhillstrialklubb@gmail.com\">hawkhillstrialklubb@gmail.com<\/a><br \/>\n<a href=\"https:\/\/www.facebook.com\/groups\/124196927729495\/\">Facebook<\/a><\/li>\n<li><strong>Idrottsf\u00f6reningen Rigor<br \/>\n<\/strong><a href=\"mailto:ifrigormtb@gmail.com\">ifrigormtb@gmail.com<\/a><br \/>\n<a href=\"https:\/\/ifrigor.se\/\">Hemsida<\/a><\/li>\n<li><strong>Kungsbacka BMX-Klubb<br \/>\n<\/strong><a href=\"mailto:info@kbabmx.se\">info@kbabmx.se<\/a><br \/>\n<a href=\"https:\/\/www.kbabmx.se\/start\/?ID=391104\">Hemsida<\/a><br \/>\n<a href=\"https:\/\/www.facebook.com\/groups\/76466115925\/\">Facebook<\/a><\/li>\n<li><strong>Kungsbacka Cykelklubb<br \/>\n<\/strong><a href=\"mailto:kansli@kungsbackack.se\">kansli@kungsbackack.se<\/a><br \/>\n<a href=\"http:\/\/www.kungsbackack.se\/\">Hemsida<\/a><br \/>\n<a href=\"https:\/\/www.facebook.com\/kungsbacka.cykelklubb\/\">Facebook<\/a><\/li>\n<li><strong>Laholmscyklisten Cykelklubb<br \/>\n<\/strong><a href=\"mailto:laholmscyklisten@gmail.com\">laholmscyklisten@gmail.com<\/a><br \/>\n<a href=\"https:\/\/www.laholmscyklisten.nu\/\">Hemsida<\/a><\/li>\n<li><strong>Nordic Sports Academy sports club<br \/>\n<\/strong><a href=\"mailto:info@swedencyclingacademy.com\">info@swedencyclingacademy.com<\/a><\/li>\n<li><strong>Rooster Club Varberg Idrottsf\u00f6rening<br \/>\n<\/strong><a href=\"mailto:rooster.club.varberg@gmail.com\">rooster.club.varberg@gmail.com<\/a><br \/>\n<a href=\"https:\/\/www.facebook.com\/roosterclubvarberg\/\">Facebook<\/a><\/li>\n<li><strong>Varbergs Mountain Bike Club<br \/>\n<\/strong><a href=\"mailto:kansli@varbergsmtb.com\">kansli@varbergsmtb.com<\/a><br \/>\n<a href=\"https:\/\/varbergsmtb.com\/\">Hemsida<\/a><br \/>\n<a href=\"https:\/\/www.facebook.com\/groups\/varbergsmtb\">Facebook<\/a><\/li>\n<\/ul>\n","protected":false},"excerpt":{"rendered":"<p>H\u00e4r hittar du alla klubbar som \u00e4r kopplade till Hallands Cykelf\u00f6rbund: Bukten Mountainbike Klubb info@buktenmtb.se Facebook Cogheart Cycle Club Varberg patrik.stenfjall@stonerhill.se Cykelklubben Bure ckbure@ckbure.se Hemsida Facebook Cykelklubben Wano info@ckwano.se Hemsida Facebook Falkenbergs Cykelklubb falkenbergsck@gmail.com Facebook Halmstad Mountainbikeklubb info@halmstadmtb.se Hemsida Facebook Halmstads Cykelklubb gittan.hogas@ymail.com Hawkhills Trialklubb hawkhillstrialklubb@gmail.com Facebook Idrottsf\u00f6reningen Rigor ifrigormtb@gmail.com Hemsida Kungsbacka BMX-Klubb info@kbabmx.se<a href=\"https:\/\/scf.se\/distrikt-halland\/klubbar\/\" class=\"news-card__more\"> &#8230;<\/a><\/p>\n","protected":false},"author":46,"featured_media":0,"parent":0,"menu_order":0,"comment_status":"closed","ping_status":"closed","template":"","meta":{"_acf_changed":false,"footnotes":""},"class_list":["post-8","page","type-page","status-publish","hentry"],"acf":[],"_links":{"self":[{"href":"https:\/\/scf.se\/distrikt-halland\/wp-json\/wp\/v2\/pages\/8","targetHints":{"allow":["GET"]}}],"collection":[{"href":"https:\/\/scf.se\/distrikt-halland\/wp-json\/wp\/v2\/pages"}],"about":[{"href":"https:\/\/scf.se\/distrikt-halland\/wp-json\/wp\/v2\/types\/page"}],"author":[{"embeddable":true,"href":"https:\/\/scf.se\/distrikt-halland\/wp-json\/wp\/v2\/users\/46"}],"replies":[{"embeddable":true,"href":"https:\/\/scf.se\/distrikt-halland\/wp-json\/wp\/v2\/comments?post=8"}],"version-history":[{"count":0,"href":"https:\/\/scf.se\/distrikt-halland\/wp-json\/wp\/v2\/pages\/8\/revisions"}],"wp:attachment":[{"href":"https:\/\/scf.se\/distrikt-halland\/wp-json\/wp\/v2\/media?parent=8"}],"curies":[{"name":"wp","href":"https:\/\/api.w.org\/{rel}","templated":true}]}}