
{"id":12,"date":"2023-01-02T11:32:09","date_gmt":"2023-01-02T10:32:09","guid":{"rendered":"https:\/\/scf.se\/distrikt-dalarna\/?page_id=12"},"modified":"2026-02-26T15:04:48","modified_gmt":"2026-02-26T14:04:48","slug":"klubbar","status":"publish","type":"page","link":"https:\/\/scf.se\/distrikt-dalarna\/klubbar\/","title":{"rendered":"Klubbar"},"content":{"rendered":"<p>H\u00e4r nedan finner du de klubbar som tillh\u00f6r Dalarnas Cykelf\u00f6rbund<\/p>\n<p><strong>Biketown Cycling Club<\/strong><\/p>\n<p>E-post: <a href=\"mailto:hej@biktown.se\">hej@biktown.se<\/a><\/p>\n<p><strong>Bjurs\u00e5s Idrottsklubb<\/strong><\/p>\n<p>E-post: <a href=\"mailto:info@bjursasik.se\">info@bjursasik.se<\/a><\/p>\n<p><a href=\"https:\/\/www.bjursasik.se\/start\/?ID=360316\">Hemsida<\/a><\/p>\n<p><a href=\"https:\/\/www.facebook.com\/people\/Bjurs%C3%A5s-IK\/100064903111409\/\">Facebook<\/a><\/p>\n<p><strong>Borl\u00e4nge Cykelklubb<\/strong><\/p>\n<p>E-post: <a href=\"mailto:borlangeck@bck.nu\">borlangeck@bck.nu<\/a><\/p>\n<p><a href=\"https:\/\/www.bck.nu\/start\/?ID=404355\">Hemsida<\/a><\/p>\n<p><a href=\"https:\/\/www.facebook.com\/Borl%C3%A4nge-Cykelklubb-188208767887878\/\">Facebook<\/a><\/p>\n<p><strong>Brudpiga Roddklubb<\/strong><\/p>\n<p>E-post: <a href=\"mailto:Mats.niss@telia.com\">Mats.niss@telia.com<\/a><\/p>\n<p><a href=\"https:\/\/www.brudpiga.se\/\">Hemsida<\/a><\/p>\n<p><a href=\"https:\/\/www.facebook.com\/brudpiga\/?locale=sv_SE\">Facebook<\/a><\/p>\n<p><strong>Ck Uven<\/strong><\/p>\n<p>E-post: <a href=\"mailto:ckuven@protonmail.com\">ckuven@protonmail.com<\/a><\/p>\n<p><a href=\"https:\/\/www.facebook.com\/groups\/1396948307031144\/\">Facebook<\/a><\/p>\n<p><strong>Ck Vansbro Mtb<\/strong><\/p>\n<p>E-post: <a href=\"mailto:anders.stefansson81@gmail.com\">anders.stefansson81@gmail.com<\/a><\/p>\n<p><a href=\"https:\/\/www.facebook.com\/vansbromtb\/\">Facebook<\/a><\/p>\n<p><strong>CSK Ludvika<\/strong><\/p>\n<p>E-post: <a href=\"mailto:info@csk-ludvika.com\">info@csk-ludvika.com<\/a><\/p>\n<p><a href=\"https:\/\/www.facebook.com\/groups\/311818452281100\/\">Facebook<\/a><\/p>\n<p><strong>Cykelklubben Nat\u00e9n S\u00e4ter<\/strong><\/p>\n<p>E-post: <a href=\"mailto:cknaten@hotmail.com\">cknaten@hotmail.com<\/a><\/p>\n<p><a href=\"https:\/\/www.facebook.com\/CkNaten\/\">Facebook<\/a><\/p>\n<p><strong>Cykelklubben Soldi<\/strong><\/p>\n<p>E-post: <a href=\"mailto:charlotte_broberg@hotmail.com\">charlotte_broberg@hotmail.com<\/a><\/p>\n<p><a href=\"https:\/\/www.facebook.com\/cksoldi\/\">Facebook<\/a><\/p>\n<p><strong>Dala-J\u00e4rna Idrottsklubb<\/strong><\/p>\n<p>E-post: <a href=\"mailto:dalajarnaik@live.se\">dalajarnaik@live.se<\/a><\/p>\n<p><a href=\"https:\/\/djik.se\/\">Hemsida<\/a><\/p>\n<p><strong>Falu Cykelklubb<\/strong><\/p>\n<p>E-post: <a href=\"mailto:kassor@falucykelklubb.se\">kassor@falucykelklubb.se<\/a><\/p>\n<p><a href=\"https:\/\/www.facebook.com\/FaluCykelklubb\/\">Facebook<\/a><\/p>\n<p><strong>Idrottsf\u00f6reningen Vulcanus<\/strong><\/p>\n<p>E-post: <a href=\"mailto:ulfhakan@live.se\">ulfhakan@live.se<\/a><\/p>\n<p><strong>Idrottsklubben Jarl R\u00e4ttvik<\/strong><\/p>\n<p>E-post: <a href=\"mailto:ikjarl@ikjarl.nu\">ikjarl@ikjarl.nu<\/a><\/p>\n<p><a href=\"https:\/\/www.ikjarl.nu\/\">Hemsida<\/a><\/p>\n<p><a href=\"https:\/\/www.facebook.com\/ikjarlofficiell\/\">Facebook<\/a><\/p>\n<p><strong>Lima Idrottsf\u00f6rening<\/strong><\/p>\n<p>E-post: <a href=\"mailto:limaif@telia.com\">limaif@telia.com<\/a><\/p>\n<p><a href=\"https:\/\/www.limaif.se\/\">Hemsida<\/a><\/p>\n<p><a href=\"https:\/\/www.facebook.com\/LimaIF\/\">Facebook<\/a><\/p>\n<p><strong>Malungs Cykelklubb<\/strong><\/p>\n<p>E-post: <a href=\"mailto:joakimeriksson80@gmail.com\">joakimeriksson80@gmail.com<\/a><\/p>\n<p><a href=\"https:\/\/www.facebook.com\/profile.php?id=100067541477606&amp;paipv=0&amp;eav=AfZp687fIGixdjtCig8ycQVBPFCRjzXHbFhJQi1pxWNWO0T0qxQS4Jv7Tuckg6v6x54\">Facebook<\/a><\/p>\n<p><strong>ML Sports Club<\/strong><\/p>\n<p>E-post: <a href=\"mailto:marcus@marcusljungqvist.com\">marcus@marcusljungqvist.com<\/a><\/p>\n<p><a href=\"https:\/\/mlsportsclub.se\/\">Hemsida<\/a><\/p>\n<p><a href=\"https:\/\/www.facebook.com\/mlsportsclub\/\">Facebook<\/a><\/p>\n<p><strong>Mora Cykelklubb<\/strong><\/p>\n<p>E-post: <a href=\"mailto:louber87@hotmail.com\">louber87@hotmail.com<\/a><\/p>\n<p><a href=\"https:\/\/www.facebook.com\/groups\/191558040969491\/\">Facebook<\/a><\/p>\n<p><strong>Perbellum Sports\u00e4llskap<\/strong><\/p>\n<p>E-post: <a href=\"mailto:andreas.hermansson@perbellum.se\">andreas.hermansson@perbellum.se<\/a><\/p>\n<p><a href=\"https:\/\/www.facebook.com\/perbellumsportsallskap\/\">Facebook<\/a><\/p>\n<p><strong>Rembo Idrottsklubb<\/strong><\/p>\n<p>E-post: <a href=\"mailto:remboik@outlook.com\">remboik@outlook.com<\/a><\/p>\n<p><a href=\"https:\/\/remboik.se\/\">Hemsida<\/a><\/p>\n<p><a href=\"https:\/\/www.facebook.com\/groups\/333846756997\/\">Facebook<\/a><\/p>\n<p><strong>Soller\u00f6 Idrottsf\u00f6rening<\/strong><\/p>\n<p>E-post: <a href=\"mailto:info@solleroif.se\">info@solleroif.se<\/a><\/p>\n<p><a href=\"https:\/\/www.solleroif.se\/\">Hemsida<\/a><\/p>\n<p><a href=\"https:\/\/www.facebook.com\/solleroifofficial\/\">Facebook<\/a><\/p>\n<p><strong>S\u00e5gmyra Skidklubb<\/strong><\/p>\n<p>E-post: <a href=\"mailto:matshellberg@telia.com\">matshellberg@telia.com<\/a><\/p>\n<p><a href=\"http:\/\/sagmyrask.com\/\">Hemsida<\/a><\/p>\n<p><a href=\"https:\/\/www.facebook.com\/groups\/238822542843010\/\">Facebook<\/a><\/p>\n<p><strong>S\u00e4lens Idrottsf\u00f6rening<\/strong><\/p>\n<p>E-post:<a href=\"mailto:info@salensif.se\"> info@salensif.se<\/a><\/p>\n<p><a href=\"https:\/\/www.svenskalag.se\/salensif\">Hemsida<\/a><\/p>\n<p><a href=\"https:\/\/www.facebook.com\/salensif\/\">Facebook<\/a><\/p>\n<p><strong>S\u00e4rna Cykelklubb<\/strong><\/p>\n<p>E-post: <a href=\"mailto:martin.olsson@ltdalarna.se\">martin.olsson@ltdalarna.se<\/a><\/p>\n<p><a href=\"https:\/\/www.facebook.com\/Sarnacykelklubb\/\">Facebook<\/a><\/p>\n<p><strong>Team KBK Bikes Cykelklubb<\/strong><\/p>\n<p>E-post: <a href=\"mailto:info@kbkbikes.se\">info@kbkbikes.se<\/a><\/p>\n<p><a href=\"https:\/\/kbkbikes.se\/team-kbk-bikes\/team-kbk-bikes-cykel-triathlon-30465179\">Hemsida<\/a><\/p>\n<p><a href=\"https:\/\/www.facebook.com\/kbkbikesck\/\">Facebook<\/a><\/p>\n<p><strong>Velodrom Cykelklubben<\/strong><\/p>\n<p>E-post:<a href=\"mailto:info@velodromck.se\"> info@velodromck.se<\/a><\/p>\n<p><a href=\"https:\/\/www.facebook.com\/velodromck\/\">Facebook<\/a><\/p>\n<p><strong>\u00c4lvdalens CK<\/strong><\/p>\n<p>E-post: <a href=\"mailto:alvdalenscykelklubb@gmail.com\">alvdalenscykelklubb@gmail.com<\/a><\/p>\n<p><a href=\"https:\/\/www.facebook.com\/alvdalenscykelklubb\/?locale=sv_SE\">Facebook<\/a><\/p>\n","protected":false},"excerpt":{"rendered":"<p>H\u00e4r nedan finner du de klubbar som tillh\u00f6r Dalarnas Cykelf\u00f6rbund Biketown Cycling Club E-post: hej@biktown.se Bjurs\u00e5s Idrottsklubb E-post: info@bjursasik.se Hemsida Facebook Borl\u00e4nge Cykelklubb E-post: borlangeck@bck.nu Hemsida Facebook Brudpiga Roddklubb E-post: Mats.niss@telia.com Hemsida Facebook Ck Uven E-post: ckuven@protonmail.com Facebook Ck Vansbro Mtb E-post: anders.stefansson81@gmail.com Facebook CSK Ludvika E-post: info@csk-ludvika.com Facebook Cykelklubben Nat\u00e9n S\u00e4ter E-post: cknaten@hotmail.com<a href=\"https:\/\/scf.se\/distrikt-dalarna\/klubbar\/\" class=\"news-card__more\"> &#8230;<\/a><\/p>\n","protected":false},"author":46,"featured_media":0,"parent":0,"menu_order":0,"comment_status":"closed","ping_status":"closed","template":"","meta":{"_acf_changed":false,"footnotes":""},"class_list":["post-12","page","type-page","status-publish","hentry"],"acf":[],"_links":{"self":[{"href":"https:\/\/scf.se\/distrikt-dalarna\/wp-json\/wp\/v2\/pages\/12","targetHints":{"allow":["GET"]}}],"collection":[{"href":"https:\/\/scf.se\/distrikt-dalarna\/wp-json\/wp\/v2\/pages"}],"about":[{"href":"https:\/\/scf.se\/distrikt-dalarna\/wp-json\/wp\/v2\/types\/page"}],"author":[{"embeddable":true,"href":"https:\/\/scf.se\/distrikt-dalarna\/wp-json\/wp\/v2\/users\/46"}],"replies":[{"embeddable":true,"href":"https:\/\/scf.se\/distrikt-dalarna\/wp-json\/wp\/v2\/comments?post=12"}],"version-history":[{"count":5,"href":"https:\/\/scf.se\/distrikt-dalarna\/wp-json\/wp\/v2\/pages\/12\/revisions"}],"predecessor-version":[{"id":49,"href":"https:\/\/scf.se\/distrikt-dalarna\/wp-json\/wp\/v2\/pages\/12\/revisions\/49"}],"wp:attachment":[{"href":"https:\/\/scf.se\/distrikt-dalarna\/wp-json\/wp\/v2\/media?parent=12"}],"curies":[{"name":"wp","href":"https:\/\/api.w.org\/{rel}","templated":true}]}}