
{"id":78,"date":"2015-12-16T23:08:03","date_gmt":"2015-12-16T22:08:03","guid":{"rendered":"http:\/\/svenskcykel.grandpublic.se\/cykelcross\/?page_id=78"},"modified":"2020-09-29T10:32:57","modified_gmt":"2020-09-29T08:32:57","slug":"swe-cup","status":"publish","type":"page","link":"https:\/\/scf.se\/cykelcross\/swe-cup\/","title":{"rendered":"SWE Cup, SCF Ungdoms- och Mastercup och CX-pokalen"},"content":{"rendered":"<p>SWE Cup omfattar klasserna elit och junior, men grengruppen f\u00f6r cykelcross driver \u00e4ven en bredare cup, SCF ungdoms- och mastercup samt CX-pokalen. 2018 f\u00e5r SWE Cup och SCF ungdom- och mastercup ett \u00e5ldersindelat klassystem, lika som p\u00e5 MTB medan CX-pokalen ser ut som tidigare \u00e5r.<\/p>\n<p><strong>SWE-Cup 2019\/20 (elit &amp; junior)\u00a0<\/strong><strong>och\u00a0SCF ungdoms och mastercup <\/strong><\/p>\n<p><strong>25 september:<\/strong>\u00a0SWE-CUP, Falun. <a href=\"https:\/\/scf.se\/cykelcross\/wp-content\/uploads\/sites\/4\/2019\/10\/resultatlistaswecup-25-sept-2019.pdf\">Resultat<\/a><br \/>\n<strong>19 oktober:<\/strong>\u00a0SWE-CUP, UCI category 2, Stockholm.\u00a0<a href=\"https:\/\/www.swecyclingonline.se\/api\/v1\/fil\/bilagor\/60a3c63f-ad97-49d6-b247-5031dd6045ce\/resultatlordagtabypark2019.pdf\">Resultat<\/a><br \/>\n<strong>20 oktober<\/strong>\u00a0SWE-CUP, UCI category 2, Stockholm. <a href=\"https:\/\/cyclocrossweekend.files.wordpress.com\/2019\/10\/resultatsondagtabypark2019.pdf\">Resultat<\/a><br \/>\n<strong>17 november:<\/strong>\u00a0SWE-CUP Finsp\u00e5ng. <a href=\"https:\/\/www.swecyclingonline.se\/api\/v1\/fil\/bilagor\/1d78e3e1-2182-4207-862b-7c1a837ef88e\/resultatswe_cupfinspang.pdf\">Resultat<\/a><br \/>\n<strong>8 december:<\/strong>\u00a0SWE-CUP Alings\u00e5s.<br \/>\n<a href=\"https:\/\/www.swecyclingonline.se\/api\/v1\/fil\/bilagor\/220b490e-a537-40a8-9bd6-9f520ca32a5a\/damerelit.pdf\">Resultat Dam Elit<\/a><br \/>\n<a href=\"https:\/\/www.swecyclingonline.se\/api\/v1\/fil\/bilagor\/ef4fac52-cd40-4264-a21e-6b45c123825b\/herrarelit.pdf\">Resultat Herr Elit<\/a><\/p>\n<div class=\"text_exposed_show\">\n<p>&nbsp;<\/p>\n<\/div>\n<p><strong>CX-pokalen<br \/>\n<\/strong><strong>28 september:<\/strong>\u00a0CX pokal, Falun. <a href=\"https:\/\/scf.se\/cykelcross\/wp-content\/uploads\/sites\/4\/2019\/10\/resultatlista-xc-pokal-28-sept-2019.pdf\">Resultat<\/a><br \/>\n<strong>2 november: <\/strong>CX Pokal, Uppsala.<a href=\"https:\/\/scf.se\/cykelcross\/wp-content\/uploads\/sites\/4\/2019\/11\/resultatuppsalacrossen2019_11_02.pdf\"> Resultat<\/a><br \/>\n<strong>3 november:<\/strong>\u00a0CX Pokal, Str\u00e4ngn\u00e4s. <a href=\"https:\/\/scf.se\/cykelcross\/wp-content\/uploads\/sites\/4\/2019\/11\/resultatvikingacrossen2019_11_03v2.pdf\">Resultat<\/a><br \/>\n<strong>16 november:<\/strong>\u00a0CX Pokal, Finsp\u00e5ng. <a href=\"https:\/\/www.swecyclingonline.se\/api\/v1\/fil\/bilagor\/6c9909dd-676f-4362-8809-1d8c3d17184e\/resultatcx_pokalenfinspang.pdf\">Resultat<\/a><br \/>\n<strong>7 december:<\/strong>\u00a0CX Pokal Alings\u00e5s.<br \/>\n<a href=\"https:\/\/www.swecyclingonline.se\/api\/v1\/fil\/bilagor\/f315bd40-7af6-45e4-b95c-07084fcaaab1\/resultatherrarb.pdf\">Resultat Herr Senior<\/a><br \/>\n<a href=\"https:\/\/www.swecyclingonline.se\/api\/v1\/fil\/bilagor\/b0f19385-bfb4-4bbf-9c6f-b9a6a131462b\/resultatdamsenior.pdf\">Resultat Dam Senor<\/a><\/p>\n<p>I b\u00e5da cuperna r\u00e4knas 4 av 5 delt\u00e4vlingar<\/p>\n<p><strong>Klassindelning Swe-Cup<br \/>\n<\/strong>P\/F 13-14, valfri cykel<br \/>\nP\/F 15-16, valfri cykel<br \/>\nH 30, 40, 50<br \/>\nD 30<br \/>\nHerr junior<br \/>\nDam junior<br \/>\nHerrar\/damer elit<br \/>\nHerr senior<br \/>\nMotion, valfri cykel<\/p>\n<p><strong>Klassindelning CX-pokal<\/strong><br \/>\nP\/F 10-12<br \/>\nP\/F 13-14,<br \/>\nMotion open mix<br \/>\nHerrar B, P15-16<br \/>\nDam, F15-16<br \/>\nHerrar A<\/p>\n<p>Sitter du p\u00e5 en id\u00e9 om hur vi kan utveckla och organisera SWE Cup CX \u00e4r du varmt v\u00e4lkommen att h\u00f6ra av dig till dennis.wahlqvist@scf.se\u00a0f\u00f6rbundskapten och grengruppsansvarig.<br \/>\nF\u00f6lj \u00e4ven\u00a0<a href=\"https:\/\/www.facebook.com\/CyclocrossSverige\/?fref=ts\">SCF Cyclocross p\u00e5 facebook<\/a>.<\/p>\n<p><a href=\"https:\/\/www.crossresults.com\/?n=results&amp;sn=swecup&amp;iframe=0&amp;series=SWE_MHJ\">Cupsammanst\u00e4llningar<\/a><\/p>\n","protected":false},"excerpt":{"rendered":"<p>SWE Cup omfattar klasserna elit och junior, men grengruppen f\u00f6r cykelcross driver \u00e4ven en bredare cup, SCF ungdoms- och mastercup samt CX-pokalen. 2018 f\u00e5r SWE Cup och SCF ungdom- och mastercup ett \u00e5ldersindelat klassystem, lika som p\u00e5 MTB medan CX-pokalen ser ut som tidigare \u00e5r. SWE-Cup 2019\/20 (elit &amp; junior)\u00a0och\u00a0SCF ungdoms och mastercup 25<a href=\"https:\/\/scf.se\/cykelcross\/swe-cup\/\" class=\"news-card__more\"> &#8230;<\/a><\/p>\n","protected":false},"author":2,"featured_media":0,"parent":0,"menu_order":0,"comment_status":"closed","ping_status":"closed","template":"","meta":{"_acf_changed":false,"footnotes":""},"class_list":["post-78","page","type-page","status-publish","hentry"],"acf":[],"_links":{"self":[{"href":"https:\/\/scf.se\/cykelcross\/wp-json\/wp\/v2\/pages\/78","targetHints":{"allow":["GET"]}}],"collection":[{"href":"https:\/\/scf.se\/cykelcross\/wp-json\/wp\/v2\/pages"}],"about":[{"href":"https:\/\/scf.se\/cykelcross\/wp-json\/wp\/v2\/types\/page"}],"author":[{"embeddable":true,"href":"https:\/\/scf.se\/cykelcross\/wp-json\/wp\/v2\/users\/2"}],"replies":[{"embeddable":true,"href":"https:\/\/scf.se\/cykelcross\/wp-json\/wp\/v2\/comments?post=78"}],"version-history":[{"count":0,"href":"https:\/\/scf.se\/cykelcross\/wp-json\/wp\/v2\/pages\/78\/revisions"}],"wp:attachment":[{"href":"https:\/\/scf.se\/cykelcross\/wp-json\/wp\/v2\/media?parent=78"}],"curies":[{"name":"wp","href":"https:\/\/api.w.org\/{rel}","templated":true}]}}