
{"id":706,"date":"2022-09-21T09:38:09","date_gmt":"2022-09-21T07:38:09","guid":{"rendered":"http:\/\/scf.se\/cykelcross\/?page_id=706"},"modified":"2022-10-27T11:48:59","modified_gmt":"2022-10-27T09:48:59","slug":"swe-cup-och-cx-pokal-2022-23","status":"publish","type":"page","link":"https:\/\/scf.se\/cykelcross\/swe-cup-och-cx-pokal-2022-23\/","title":{"rendered":"SWE Cup och CX-pokal 2022\/23"},"content":{"rendered":"<h3>SWE Cup<\/h3>\n<ul>\n<li><strong>15 oktober:<\/strong> CX T\u00e4by park UCI C2 och SWE Cup 1. <strong><em><a href=\"https:\/\/www.sportstiming.se\/event\/11218\/results\">Resultat l\u00f6rdag.<\/a><\/em><\/strong><\/li>\n<li><strong>16 oktober:<\/strong> Stockholm Cyclocross UCI C2 och SWE Cup 2 p\u00e5 T\u00e4by park. <a href=\"https:\/\/www.sportstiming.se\/event\/11262\/results\"><em><strong>Resultat s\u00f6ndag.<\/strong><\/em><\/a><\/li>\n<li><strong>19 november:<\/strong> SWE Cup 3 i Varberg.\u00a0 <a href=\"https:\/\/www.sportstiming.se\/event\/11478\"><em><strong>Anm\u00e4lan H\u00c4R!<\/strong><\/em><\/a><\/li>\n<li><strong>20 november:<\/strong> SWE Cup 4 i Varberg. <a href=\"https:\/\/www.sportstiming.se\/event\/11479\"><em><strong>Anm\u00e4lan H\u00c4R!<\/strong><\/em><\/a><\/li>\n<\/ul>\n<h3>CX-pokalen nord<\/h3>\n<ul>\n<li><strong>1\u20132 oktober:<\/strong> Falun. <em><strong><a href=\"https:\/\/www.sportstiming.se\/event\/11220\/results\">Resultat l\u00f6rdag.<\/a>\u00a0 <a href=\"https:\/\/www.sportstiming.se\/event\/11221\/results\">Resultat s\u00f6ndag.<\/a><\/strong><\/em><\/li>\n<li><strong>8\u20139 oktober<\/strong>: V\u00e4ster\u00e5s.\u00a0 INST\u00c4LLT<\/li>\n<li><strong>29\u201330 oktobe<\/strong>r: Rudan CX-Pokalen Nord. INST\u00c4LLT<\/li>\n<\/ul>\n<h3>CX-pokalen syd<\/h3>\n<ul>\n<li><strong>22\u201323 oktober:<\/strong> Tranemo. INST\u00c4LLT<\/li>\n<li><strong>12\u201313 november<\/strong>: Alings\u00e5s. <a href=\"https:\/\/www.sportstiming.se\/event\/11278\"><em><strong>Anm\u00e4lan H\u00c4R, b\u00e5da dagarna!<\/strong><\/em><\/a><\/li>\n<\/ul>\n","protected":false},"excerpt":{"rendered":"<p>SWE Cup 15 oktober: CX T\u00e4by park UCI C2 och SWE Cup 1. Resultat l\u00f6rdag. 16 oktober: Stockholm Cyclocross UCI C2 och SWE Cup 2 p\u00e5 T\u00e4by park. Resultat s\u00f6ndag. 19 november: SWE Cup 3 i Varberg.\u00a0 Anm\u00e4lan H\u00c4R! 20 november: SWE Cup 4 i Varberg. Anm\u00e4lan H\u00c4R! CX-pokalen nord 1\u20132 oktober: Falun. Resultat<a href=\"https:\/\/scf.se\/cykelcross\/swe-cup-och-cx-pokal-2022-23\/\" class=\"news-card__more\"> &#8230;<\/a><\/p>\n","protected":false},"author":41,"featured_media":0,"parent":0,"menu_order":0,"comment_status":"closed","ping_status":"closed","template":"","meta":{"_acf_changed":false,"footnotes":""},"class_list":["post-706","page","type-page","status-publish","hentry"],"acf":[],"_links":{"self":[{"href":"https:\/\/scf.se\/cykelcross\/wp-json\/wp\/v2\/pages\/706","targetHints":{"allow":["GET"]}}],"collection":[{"href":"https:\/\/scf.se\/cykelcross\/wp-json\/wp\/v2\/pages"}],"about":[{"href":"https:\/\/scf.se\/cykelcross\/wp-json\/wp\/v2\/types\/page"}],"author":[{"embeddable":true,"href":"https:\/\/scf.se\/cykelcross\/wp-json\/wp\/v2\/users\/41"}],"replies":[{"embeddable":true,"href":"https:\/\/scf.se\/cykelcross\/wp-json\/wp\/v2\/comments?post=706"}],"version-history":[{"count":0,"href":"https:\/\/scf.se\/cykelcross\/wp-json\/wp\/v2\/pages\/706\/revisions"}],"wp:attachment":[{"href":"https:\/\/scf.se\/cykelcross\/wp-json\/wp\/v2\/media?parent=706"}],"curies":[{"name":"wp","href":"https:\/\/api.w.org\/{rel}","templated":true}]}}