
{"id":631,"date":"2021-11-24T09:49:54","date_gmt":"2021-11-24T08:49:54","guid":{"rendered":"http:\/\/scf.se\/cykelcross\/?page_id=631"},"modified":"2025-11-19T14:38:41","modified_gmt":"2025-11-19T13:38:41","slug":"sm-cx-2022","status":"publish","type":"page","link":"https:\/\/scf.se\/cykelcross\/sm-cx-2022\/","title":{"rendered":"SM Cykelcross 2023"},"content":{"rendered":"<h3>G\u00e4ller 2023 \u00e5rs Svenska M\u00e4sterskap<\/h3>\n<p>Sverige har dispens p\u00e5 grund av klimatet att inte ha nationellt m\u00e4sterskap i CX i januari, som nationerna utanf\u00f6r Norden har, d\u00e4rav arrangeras 2023 \u00e5rs m\u00e4sterskap i slutet av 2022.<\/p>\n<p>SM arrangeras 26\u201327 november 2022 p\u00e5 Ring Knutstorp med FK Trampen som arrang\u00f6rsklubb med st\u00f6d av organisationen Rocky Sk\u00e5ne.<\/p>\n<ul>\n<li><em><strong>L\u00f6rdagen 26 november \u00e4r det ungdomsklasserna och master som t\u00e4vlar, <a href=\"https:\/\/www.sportstiming.se\/event\/11238\">mera information och anm\u00e4lan H\u00c4R!<\/a><\/strong><\/em><\/li>\n<li><em><strong>S\u00f6ndagen 27 november \u00e4r det junior- och seniorelitklasserna, <a href=\"https:\/\/www.sportstiming.se\/event\/11238\">mera information och anm\u00e4lan H\u00c4R!<\/a><\/strong><\/em><\/li>\n<\/ul>\n","protected":false},"excerpt":{"rendered":"<p>G\u00e4ller 2023 \u00e5rs Svenska M\u00e4sterskap Sverige har dispens p\u00e5 grund av klimatet att inte ha nationellt m\u00e4sterskap i CX i januari, som nationerna utanf\u00f6r Norden har, d\u00e4rav arrangeras 2023 \u00e5rs m\u00e4sterskap i slutet av 2022. SM arrangeras 26\u201327 november 2022 p\u00e5 Ring Knutstorp med FK Trampen som arrang\u00f6rsklubb med st\u00f6d av organisationen Rocky Sk\u00e5ne.<a href=\"https:\/\/scf.se\/cykelcross\/sm-cx-2022\/\" class=\"news-card__more\"> &#8230;<\/a><\/p>\n","protected":false},"author":41,"featured_media":0,"parent":0,"menu_order":0,"comment_status":"closed","ping_status":"closed","template":"","meta":{"_acf_changed":false,"footnotes":""},"class_list":["post-631","page","type-page","status-publish","hentry"],"acf":[],"_links":{"self":[{"href":"https:\/\/scf.se\/cykelcross\/wp-json\/wp\/v2\/pages\/631","targetHints":{"allow":["GET"]}}],"collection":[{"href":"https:\/\/scf.se\/cykelcross\/wp-json\/wp\/v2\/pages"}],"about":[{"href":"https:\/\/scf.se\/cykelcross\/wp-json\/wp\/v2\/types\/page"}],"author":[{"embeddable":true,"href":"https:\/\/scf.se\/cykelcross\/wp-json\/wp\/v2\/users\/41"}],"replies":[{"embeddable":true,"href":"https:\/\/scf.se\/cykelcross\/wp-json\/wp\/v2\/comments?post=631"}],"version-history":[{"count":1,"href":"https:\/\/scf.se\/cykelcross\/wp-json\/wp\/v2\/pages\/631\/revisions"}],"predecessor-version":[{"id":2334,"href":"https:\/\/scf.se\/cykelcross\/wp-json\/wp\/v2\/pages\/631\/revisions\/2334"}],"wp:attachment":[{"href":"https:\/\/scf.se\/cykelcross\/wp-json\/wp\/v2\/media?parent=631"}],"curies":[{"name":"wp","href":"https:\/\/api.w.org\/{rel}","templated":true}]}}