
{"id":552,"date":"2021-10-14T13:29:31","date_gmt":"2021-10-14T11:29:31","guid":{"rendered":"http:\/\/scf.se\/cykelcross\/?page_id=552"},"modified":"2022-10-27T11:50:26","modified_gmt":"2022-10-27T09:50:26","slug":"vm-cykelcross","status":"publish","type":"page","link":"https:\/\/scf.se\/cykelcross\/vm-cykelcross\/","title":{"rendered":"VM Cykelcross 2022"},"content":{"rendered":"<h3>VM Cykelcross 2022<\/h3>\n<ul>\n<li>28-30 jan 2022 i Fayetteville Arkansas, USA.<\/li>\n<\/ul>\n<p>F\u00f6r andra g\u00e5ngen i historien kommer USA att h\u00e5lla UCI Cykelcross V\u00e4rldsm\u00e4sterskapet 2022. Den sp\u00e4nnande cykeldisciplinen har en loopad bana genom hinder och naturliga element som lera och sand.<\/p>\n<ul>\n<li><a href=\"https:\/\/www.cyclocrossfayettevillear2022.com\"><em><strong>Mera information H\u00c4R!<\/strong><\/em><\/a><\/li>\n<\/ul>\n","protected":false},"excerpt":{"rendered":"<p>VM Cykelcross 2022 28-30 jan 2022 i Fayetteville Arkansas, USA. F\u00f6r andra g\u00e5ngen i historien kommer USA att h\u00e5lla UCI Cykelcross V\u00e4rldsm\u00e4sterskapet 2022. Den sp\u00e4nnande cykeldisciplinen har en loopad bana genom hinder och naturliga element som lera och sand. Mera information H\u00c4R!<\/p>\n","protected":false},"author":38,"featured_media":0,"parent":0,"menu_order":0,"comment_status":"closed","ping_status":"closed","template":"","meta":{"_acf_changed":false,"footnotes":""},"class_list":["post-552","page","type-page","status-publish","hentry"],"acf":[],"_links":{"self":[{"href":"https:\/\/scf.se\/cykelcross\/wp-json\/wp\/v2\/pages\/552","targetHints":{"allow":["GET"]}}],"collection":[{"href":"https:\/\/scf.se\/cykelcross\/wp-json\/wp\/v2\/pages"}],"about":[{"href":"https:\/\/scf.se\/cykelcross\/wp-json\/wp\/v2\/types\/page"}],"author":[{"embeddable":true,"href":"https:\/\/scf.se\/cykelcross\/wp-json\/wp\/v2\/users\/38"}],"replies":[{"embeddable":true,"href":"https:\/\/scf.se\/cykelcross\/wp-json\/wp\/v2\/comments?post=552"}],"version-history":[{"count":0,"href":"https:\/\/scf.se\/cykelcross\/wp-json\/wp\/v2\/pages\/552\/revisions"}],"wp:attachment":[{"href":"https:\/\/scf.se\/cykelcross\/wp-json\/wp\/v2\/media?parent=552"}],"curies":[{"name":"wp","href":"https:\/\/api.w.org\/{rel}","templated":true}]}}