
{"id":546,"date":"2021-10-01T14:09:04","date_gmt":"2021-10-01T12:09:04","guid":{"rendered":"http:\/\/scf.se\/cykelcross\/?page_id=546"},"modified":"2025-11-19T14:39:05","modified_gmt":"2025-11-19T13:39:05","slug":"sm-cykelcross-2021","status":"publish","type":"page","link":"https:\/\/scf.se\/cykelcross\/sm-cykelcross-2021\/","title":{"rendered":"SM Cykelcross 2022"},"content":{"rendered":"<h2><strong>SM Cykelcross 2021 (g\u00e4ller 2022 \u00e5rs m\u00e4sterskap)<\/strong><\/h2>\n<p><strong>Senast uppdaterad:<\/strong> 21.10.01<\/p>\n<p><strong>Arrang\u00f6r:<\/strong> SCF i samarbete med V\u00e4ster\u00e5s Cykelklubb<\/p>\n<p><strong>Plats: <\/strong>V\u00e4ster\u00e5s\/H\u00f6k\u00e5sen &#8211; Groopen<\/p>\n<p><strong>Datum: <\/strong>20-21 november 2021<\/p>\n<p><strong>T\u00e4vlingsklass: <\/strong><\/p>\n<p>20 november<\/p>\n<ul class=\"list-unstyled\">\n<li>\n<p class=\"pull-left\"><span data-bind=\"text: T\u00e4vling().Namn\">Ungdom<\/span><\/p>\n<\/li>\n<li>\n<p class=\"pull-left\"><span data-bind=\"text: T\u00e4vling().Namn\">Herrveteran<\/span><\/p>\n<\/li>\n<\/ul>\n<p>21 november<\/p>\n<ul>\n<li>Junior<\/li>\n<li>Senior<\/li>\n<li>Damveteran<\/li>\n<\/ul>\n<p><strong>Alla resultat:\u00a0<\/strong><\/p>\n<p><a href=\"https:\/\/scf.se\/cykelcross\/wp-content\/uploads\/sites\/4\/2021\/11\/Resultat-CX-SM.pdf\">Resultat CX-SM<\/a><\/p>\n","protected":false},"excerpt":{"rendered":"<p>SM Cykelcross 2021 (g\u00e4ller 2022 \u00e5rs m\u00e4sterskap) Senast uppdaterad: 21.10.01 Arrang\u00f6r: SCF i samarbete med V\u00e4ster\u00e5s Cykelklubb Plats: V\u00e4ster\u00e5s\/H\u00f6k\u00e5sen &#8211; Groopen Datum: 20-21 november 2021 T\u00e4vlingsklass: 20 november Ungdom Herrveteran 21 november Junior Senior Damveteran Alla resultat:\u00a0 Resultat CX-SM<\/p>\n","protected":false},"author":58,"featured_media":0,"parent":0,"menu_order":0,"comment_status":"closed","ping_status":"closed","template":"","meta":{"_acf_changed":false,"footnotes":""},"class_list":["post-546","page","type-page","status-publish","hentry"],"acf":[],"_links":{"self":[{"href":"https:\/\/scf.se\/cykelcross\/wp-json\/wp\/v2\/pages\/546","targetHints":{"allow":["GET"]}}],"collection":[{"href":"https:\/\/scf.se\/cykelcross\/wp-json\/wp\/v2\/pages"}],"about":[{"href":"https:\/\/scf.se\/cykelcross\/wp-json\/wp\/v2\/types\/page"}],"author":[{"embeddable":true,"href":"https:\/\/scf.se\/cykelcross\/wp-json\/wp\/v2\/users\/58"}],"replies":[{"embeddable":true,"href":"https:\/\/scf.se\/cykelcross\/wp-json\/wp\/v2\/comments?post=546"}],"version-history":[{"count":1,"href":"https:\/\/scf.se\/cykelcross\/wp-json\/wp\/v2\/pages\/546\/revisions"}],"predecessor-version":[{"id":2335,"href":"https:\/\/scf.se\/cykelcross\/wp-json\/wp\/v2\/pages\/546\/revisions\/2335"}],"wp:attachment":[{"href":"https:\/\/scf.se\/cykelcross\/wp-json\/wp\/v2\/media?parent=546"}],"curies":[{"name":"wp","href":"https:\/\/api.w.org\/{rel}","templated":true}]}}