
{"id":532,"date":"2021-09-13T14:41:39","date_gmt":"2021-09-13T12:41:39","guid":{"rendered":"http:\/\/scf.se\/cykelcross\/?page_id=532"},"modified":"2021-12-17T16:39:27","modified_gmt":"2021-12-17T15:39:27","slug":"swe-cup-och-cx-pokal-2021-22","status":"publish","type":"page","link":"https:\/\/scf.se\/cykelcross\/swe-cup-och-cx-pokal-2021-22\/","title":{"rendered":"SWE Cup och CX-pokal 2021\/22"},"content":{"rendered":"<h2><strong>SWE Cup 2021\/22<\/strong><\/h2>\n<h3><b>SWE Cup-t\u00e4vlingarna denna s\u00e4song:<\/b><\/h3>\n<ul>\n<li><strong>S\u00f6n 26 september:<\/strong> SWE Cup, Falun. <a href=\"https:\/\/scf.se\/cykelcross\/wp-content\/uploads\/sites\/4\/2021\/12\/Falun-swecup.pdf\">RESULTAT.<\/a><\/li>\n<li><strong>L\u00f6r 9 oktober:<\/strong> SWE Cup, T\u00e4by. <a href=\"https:\/\/scf.se\/cykelcross\/wp-content\/uploads\/sites\/4\/2021\/12\/Stockholm-Cyclocross-resultat-2021-Lordag.pdf\">RESULTAT.<\/a><\/li>\n<li><strong>S\u00f6n 10 oktober:<\/strong> SWE Cup, T\u00e4by. <a href=\"https:\/\/scf.se\/cykelcross\/wp-content\/uploads\/sites\/4\/2021\/12\/Stockholm-Cyclocross-resultat-2021-Sondag.pdf\">RESULTAT.<\/a><\/li>\n<li><strong>S\u00f6n 24 oktober:<\/strong> SWE Cup, Uppsala. <a href=\"https:\/\/scf.se\/cykelcross\/wp-content\/uploads\/sites\/4\/2021\/12\/resultat_uacrossen_swecup.pdf\">RESULTAT.<\/a><\/li>\n<li><strong>S\u00f6n 14 november:<\/strong> SWE Cup, Varberg. <a href=\"https:\/\/scf.se\/cykelcross\/wp-content\/uploads\/sites\/4\/2021\/12\/resultatvarbewrgcxswecup.pdf\">RESULTAT.<\/a><\/li>\n<li><strong>S\u00f6n 12 december:<\/strong> SWE Cupfinal, \u00c5storp. <a href=\"https:\/\/scf.se\/cykelcross\/wp-content\/uploads\/sites\/4\/2021\/12\/resultatswe_cupringknutstorp2021_12_12.pdf\">RESULTAT.<\/a> (<a href=\"https:\/\/scf.se\/cykelcross\/wp-content\/uploads\/sites\/4\/2021\/12\/Resultat-SWE-Cup-Ring-Knutstorp-211212.pdf\">Pdf-kopia H\u00c4R.)<\/a><\/li>\n<\/ul>\n<p><strong>Elit, Junior <\/strong><strong>och SCF Ungdoms- och Mastercup<\/strong><\/p>\n<p>Sex delt\u00e4vlingar, den s\u00e4msta r\u00e4knas bort<\/p>\n<p><strong>Sammanst\u00e4llningen f\u00f6r SWE Cup hittar ni <a href=\"https:\/\/www.crossresults.com\/?n=series&amp;sn=swecup&amp;y=2021\">H\u00c4R<\/a>.<\/strong><\/p>\n<p>&nbsp;<\/p>\n<h2><strong>CX-pokalen 2021\/22<\/strong><\/h2>\n<h3><b>CX-pokaldelt\u00e4vlingarna denna s\u00e4song:<\/b><\/h3>\n<ul>\n<li><strong>L\u00f6r 25 september:<\/strong> CX-pokal, Falun. <a href=\"https:\/\/scf.se\/cykelcross\/wp-content\/uploads\/sites\/4\/2021\/12\/Falun-swecup.pdf\">RESULTAT.<\/a><\/li>\n<li><strong>L\u00f6r 23 oktober:<\/strong> CX-pokal, Uppsala. <a href=\"https:\/\/scf.se\/cykelcross\/wp-content\/uploads\/sites\/4\/2021\/12\/resultat_uacrossen_cxpokal.pdf\">RESULTAT.<\/a><\/li>\n<li><strong>L\u00f6r 13 november:<\/strong> CX-pokal, Varberg. <a href=\"https:\/\/scf.se\/cykelcross\/wp-content\/uploads\/sites\/4\/2021\/12\/resultatvarbergcx_pokal.pdf\">RESULTAT.<\/a><\/li>\n<li><strong>L\u00f6r 11 november:<\/strong> CX-pokalfinal, \u00c5storp. <a href=\"https:\/\/scf.se\/cykelcross\/wp-content\/uploads\/sites\/4\/2021\/12\/resultatcx_pokalenringknutstorp2021_12_11.pdf\">RESULTAT. \u00a0<\/a><a href=\"https:\/\/scf.se\/cykelcross\/wp-content\/uploads\/sites\/4\/2021\/12\/Resultat-CX-Pokalen-Ring-Knutstorp-211211.pdf\">(Pdf-kopia H\u00c4R.<\/a>)<\/li>\n<\/ul>\n<p>Fyra delt\u00e4vlingar, den s\u00e4msta r\u00e4knas bort<\/p>\n<p><strong>Sammanst\u00e4llningen f\u00f6r XC pokalen hittar ni <a href=\"https:\/\/www.crossresults.com\/?n=series&amp;sn=swecup&amp;y=2021\">H\u00c4R<\/a>.<\/strong><\/p>\n<p>&nbsp;<\/p>\n","protected":false},"excerpt":{"rendered":"<p>SWE Cup 2021\/22 SWE Cup-t\u00e4vlingarna denna s\u00e4song: S\u00f6n 26 september: SWE Cup, Falun. RESULTAT. L\u00f6r 9 oktober: SWE Cup, T\u00e4by. RESULTAT. S\u00f6n 10 oktober: SWE Cup, T\u00e4by. RESULTAT. S\u00f6n 24 oktober: SWE Cup, Uppsala. RESULTAT. S\u00f6n 14 november: SWE Cup, Varberg. RESULTAT. S\u00f6n 12 december: SWE Cupfinal, \u00c5storp. RESULTAT. (Pdf-kopia H\u00c4R.) Elit, Junior och<a href=\"https:\/\/scf.se\/cykelcross\/swe-cup-och-cx-pokal-2021-22\/\" class=\"news-card__more\"> &#8230;<\/a><\/p>\n","protected":false},"author":58,"featured_media":0,"parent":0,"menu_order":0,"comment_status":"closed","ping_status":"closed","template":"","meta":{"_acf_changed":false,"footnotes":""},"class_list":["post-532","page","type-page","status-publish","hentry"],"acf":[],"_links":{"self":[{"href":"https:\/\/scf.se\/cykelcross\/wp-json\/wp\/v2\/pages\/532","targetHints":{"allow":["GET"]}}],"collection":[{"href":"https:\/\/scf.se\/cykelcross\/wp-json\/wp\/v2\/pages"}],"about":[{"href":"https:\/\/scf.se\/cykelcross\/wp-json\/wp\/v2\/types\/page"}],"author":[{"embeddable":true,"href":"https:\/\/scf.se\/cykelcross\/wp-json\/wp\/v2\/users\/58"}],"replies":[{"embeddable":true,"href":"https:\/\/scf.se\/cykelcross\/wp-json\/wp\/v2\/comments?post=532"}],"version-history":[{"count":0,"href":"https:\/\/scf.se\/cykelcross\/wp-json\/wp\/v2\/pages\/532\/revisions"}],"wp:attachment":[{"href":"https:\/\/scf.se\/cykelcross\/wp-json\/wp\/v2\/media?parent=532"}],"curies":[{"name":"wp","href":"https:\/\/api.w.org\/{rel}","templated":true}]}}