
{"id":500,"date":"2020-10-06T16:06:32","date_gmt":"2020-10-06T14:06:32","guid":{"rendered":"http:\/\/scf.se\/cykelcross\/?page_id=500"},"modified":"2025-11-19T14:39:43","modified_gmt":"2025-11-19T13:39:43","slug":"sm-cykelcross-2020","status":"publish","type":"page","link":"https:\/\/scf.se\/cykelcross\/sm-cykelcross-2020\/","title":{"rendered":"SM Cykelcross 2021"},"content":{"rendered":"<p><strong>Svenska m\u00e4sterskap 2020\/21<\/strong><\/p>\n<p><em>Till f\u00f6ljd av Covid 19 och sk\u00e4rpta allm\u00e4nna r\u00e5d i landets regioner har arrang\u00f6ren med st\u00f6d av SCF:s styrelse st\u00e4llt in SM i Cykelcross<\/em><\/p>\n<p><del><strong>L\u00f6r 21-november:<\/strong>\u00a0Svenska M\u00e4sterskapen CX, V\u00e4ster\u00e5s<\/del><\/p>\n<p><del><strong>S\u00f6n 22-november:<\/strong>\u00a0Svenska M\u00e4sterskapen CX, V\u00e4ster\u00e5s<\/del><\/p>\n","protected":false},"excerpt":{"rendered":"<p>Svenska m\u00e4sterskap 2020\/21 Till f\u00f6ljd av Covid 19 och sk\u00e4rpta allm\u00e4nna r\u00e5d i landets regioner har arrang\u00f6ren med st\u00f6d av SCF:s styrelse st\u00e4llt in SM i Cykelcross L\u00f6r 21-november:\u00a0Svenska M\u00e4sterskapen CX, V\u00e4ster\u00e5s S\u00f6n 22-november:\u00a0Svenska M\u00e4sterskapen CX, V\u00e4ster\u00e5s<\/p>\n","protected":false},"author":58,"featured_media":0,"parent":0,"menu_order":0,"comment_status":"closed","ping_status":"closed","template":"","meta":{"_acf_changed":false,"footnotes":""},"class_list":["post-500","page","type-page","status-publish","hentry"],"acf":[],"_links":{"self":[{"href":"https:\/\/scf.se\/cykelcross\/wp-json\/wp\/v2\/pages\/500","targetHints":{"allow":["GET"]}}],"collection":[{"href":"https:\/\/scf.se\/cykelcross\/wp-json\/wp\/v2\/pages"}],"about":[{"href":"https:\/\/scf.se\/cykelcross\/wp-json\/wp\/v2\/types\/page"}],"author":[{"embeddable":true,"href":"https:\/\/scf.se\/cykelcross\/wp-json\/wp\/v2\/users\/58"}],"replies":[{"embeddable":true,"href":"https:\/\/scf.se\/cykelcross\/wp-json\/wp\/v2\/comments?post=500"}],"version-history":[{"count":1,"href":"https:\/\/scf.se\/cykelcross\/wp-json\/wp\/v2\/pages\/500\/revisions"}],"predecessor-version":[{"id":2336,"href":"https:\/\/scf.se\/cykelcross\/wp-json\/wp\/v2\/pages\/500\/revisions\/2336"}],"wp:attachment":[{"href":"https:\/\/scf.se\/cykelcross\/wp-json\/wp\/v2\/media?parent=500"}],"curies":[{"name":"wp","href":"https:\/\/api.w.org\/{rel}","templated":true}]}}