
{"id":494,"date":"2020-10-06T12:07:17","date_gmt":"2020-10-06T10:07:17","guid":{"rendered":"http:\/\/scf.se\/cykelcross\/?page_id=494"},"modified":"2021-01-18T11:40:48","modified_gmt":"2021-01-18T10:40:48","slug":"swe-cup-och-xc-pokal-2020-21","status":"publish","type":"page","link":"https:\/\/scf.se\/cykelcross\/swe-cup-och-xc-pokal-2020-21\/","title":{"rendered":"SWE Cup och CX-pokal 2020\/21"},"content":{"rendered":"<hr \/>\n<p><em>Information om respektive t\u00e4vling, samt corona-anpassningar hittar ni i swecyclingonline<\/em><\/p>\n<p><strong>SWE-Cup 2020\/21 (elit &amp; junior) <\/strong><strong>och\u00a0SCF ungdoms och mastercup<\/strong><\/p>\n<p><strong>S\u00f6n 27 september:<\/strong> SWE-Cup, Falun<\/p>\n<p><strong>L\u00f6r 10 oktober:<\/strong> <a href=\"https:\/\/swecyclingonline.se\/tavling\/31883\">Stockholm Cyclocross Weekend UCI cat 2 &amp; SWE Cu<\/a>p T\u00e4by Park<a href=\"https:\/\/www.sportstiming.se\/event\/7997\/results?round=35357&amp;category=21973\"><br \/>\nResultat dam junior\u00a0 <\/a><a href=\"https:\/\/www.sportstiming.se\/event\/7997\/results?round=35357&amp;category=21974\">Resultat dam elit<\/a><\/p>\n<p><strong>S\u00f6n 11 oktober:<\/strong> <a href=\"https:\/\/swecyclingonline.se\/tavling\/31884\">Stockholm Cyclocross Weekend UCI cat 2 &amp; SWE Cup<\/a> T\u00e4by Park<br \/>\n<a href=\"https:\/\/www.sportstiming.se\/event\/7983\/results?round=35262\">Resultat herr junior <\/a><a href=\"https:\/\/www.sportstiming.se\/event\/7983\/results?round=35267\">Resultat herr elit<\/a><\/p>\n<p><strong>S\u00f6n 15 november:<\/strong> SWE-Cup, Uppsala &#8211; (2020-10-27 inst\u00e4llt efter coronautbrott i Uppsala och sk\u00e4rpta allm\u00e4nna r\u00e5d i regionen)<\/p>\n<p><strong>S\u00f6n 6 december:<\/strong> SWE-Cup, Varberg (inst\u00e4llt efter sk\u00e4rpta allm\u00e4nna r\u00e5d i V\u00e4stra G\u00f6talandsregionen)<\/p>\n<p><strong>S\u00f6n 10 januari:<\/strong> SWE-Cup, \u00c5storp (inst\u00e4llt efter sk\u00e4rpta allm\u00e4nna r\u00e5d i hel Sverige)<\/p>\n<p>&nbsp;<\/p>\n<p><strong>CX-pokalen<\/strong><\/p>\n<p><strong>L\u00f6r 26 september:<\/strong> CX-Pokal, Hagstr\u00f6mska Falun<\/p>\n<p><strong>L\u00f6r 14 november:<\/strong> CX-Pokal, Uppsala (2020-10-27 inst\u00e4llt efter coronautbrott i Uppsala och sk\u00e4rpta allm\u00e4nna r\u00e5d i regionen)<\/p>\n<p><strong>L\u00f6r 5 december:<\/strong> CX-Pokal, Varberg (inst\u00e4llt efter sk\u00e4rpta allm\u00e4nna r\u00e5d i V\u00e4stra G\u00f6talandsregionen)<\/p>\n<p><strong>L\u00f6r 9 januari:<\/strong> CX-Pokal, \u00c5storp (inst\u00e4llt efter sk\u00e4rpta allm\u00e4nna r\u00e5d i hel Sverige)<\/p>\n<p>&nbsp;<\/p>\n<p><strong>Svenska m\u00e4sterskap 2020\/21<\/strong><\/p>\n<p><del><strong>L\u00f6r 21-november:<\/strong> Svenska M\u00e4sterskapen CX, V\u00e4ster\u00e5s<\/del><\/p>\n<p><del><strong>S\u00f6n 22-november:<\/strong> Svenska M\u00e4sterskapen CX, V\u00e4ster\u00e5s<\/del><\/p>\n<p>&nbsp;<\/p>\n<p><strong>Klassindelning Swe-Cup<br \/>\n<\/strong>P\/F 13-14, valfri cykel<br \/>\nP\/F 15-16, valfri cykel<br \/>\nH 30, 40, 50<br \/>\nD 30<br \/>\nHerr junior<br \/>\nDam junior<br \/>\nHerrar\/damer elit<br \/>\nHerr senior<br \/>\nMotion, valfri cykel<\/p>\n<p><strong>Klassindelning CX-pokal<\/strong><br \/>\nP\/F 10-12<br \/>\nP\/F 13-14,<br \/>\nMotion open mix<br \/>\nHerrar B, P15-16<br \/>\nDam, F15-16<br \/>\nHerrar A<\/p>\n<p>&nbsp;<\/p>\n","protected":false},"excerpt":{"rendered":"<p>Information om respektive t\u00e4vling, samt corona-anpassningar hittar ni i swecyclingonline SWE-Cup 2020\/21 (elit &amp; junior) och\u00a0SCF ungdoms och mastercup S\u00f6n 27 september: SWE-Cup, Falun L\u00f6r 10 oktober: Stockholm Cyclocross Weekend UCI cat 2 &amp; SWE Cup T\u00e4by Park Resultat dam junior\u00a0 Resultat dam elit S\u00f6n 11 oktober: Stockholm Cyclocross Weekend UCI cat 2 &amp;<a href=\"https:\/\/scf.se\/cykelcross\/swe-cup-och-xc-pokal-2020-21\/\" class=\"news-card__more\"> &#8230;<\/a><\/p>\n","protected":false},"author":34,"featured_media":0,"parent":0,"menu_order":0,"comment_status":"closed","ping_status":"closed","template":"","meta":{"_acf_changed":false,"footnotes":""},"class_list":["post-494","page","type-page","status-publish","hentry"],"acf":[],"_links":{"self":[{"href":"https:\/\/scf.se\/cykelcross\/wp-json\/wp\/v2\/pages\/494","targetHints":{"allow":["GET"]}}],"collection":[{"href":"https:\/\/scf.se\/cykelcross\/wp-json\/wp\/v2\/pages"}],"about":[{"href":"https:\/\/scf.se\/cykelcross\/wp-json\/wp\/v2\/types\/page"}],"author":[{"embeddable":true,"href":"https:\/\/scf.se\/cykelcross\/wp-json\/wp\/v2\/users\/34"}],"replies":[{"embeddable":true,"href":"https:\/\/scf.se\/cykelcross\/wp-json\/wp\/v2\/comments?post=494"}],"version-history":[{"count":0,"href":"https:\/\/scf.se\/cykelcross\/wp-json\/wp\/v2\/pages\/494\/revisions"}],"wp:attachment":[{"href":"https:\/\/scf.se\/cykelcross\/wp-json\/wp\/v2\/media?parent=494"}],"curies":[{"name":"wp","href":"https:\/\/api.w.org\/{rel}","templated":true}]}}