
{"id":483,"date":"2026-02-23T07:28:15","date_gmt":"2026-02-23T06:28:15","guid":{"rendered":"http:\/\/scf.se\/cykelcross\/?page_id=483"},"modified":"2026-02-23T10:33:30","modified_gmt":"2026-02-23T09:33:30","slug":"kontakta-grengrupp-cykelcross","status":"publish","type":"page","link":"https:\/\/scf.se\/cykelcross\/kontakta-grengrupp-cykelcross\/","title":{"rendered":"Kontakta grengrupp Cykelcross"},"content":{"rendered":"<div class=\"layout__item page__item\">\n<article class=\"single-card\">\n<div class=\"single-card__content\">\n<div class=\"single-card__title\">\n<p><span style=\"font-size: 16px;font-weight: 300\">David Eriksson<br \/>\n<\/span>F\u00f6rbundskapten och sammankallande grengruppen.<\/p>\n<\/div>\n<p>Ledam\u00f6ter:<br \/>\nSammankallande: David Eriksson, f\u00f6rbundskapten<br \/>\n\u00c5karrepresentant:\u00a0<span data-olk-copy-source=\"MessageBody\">Mathias Karlsson<\/span><br \/>\nArrang\u00f6rsrepresentant:\u00a0<span data-olk-copy-source=\"MessageBody\">Johan Ekman och Teodor Aastrup<\/span><br \/>\nKommissarierepresentant:\u00a0<span data-olk-copy-source=\"MessageBody\">Mikael Nystrand<\/span><\/p>\n<p>Grengruppens gemensamma mejladress\u00a0<a href=\"mailto:cykelcross@scf.se\">cykelcross@scf.se<\/a><\/p>\n<p>Vill du komma i kontakt med \u00f6vrig personal p\u00e5 Svenska Cykef\u00f6rbundet klickar du <a href=\"https:\/\/scf.se\/forbundet\/kontakt\/\">h\u00e4r<\/a><\/p>\n<\/div>\n<\/article>\n<\/div>\n","protected":false},"excerpt":{"rendered":"<p>David Eriksson F\u00f6rbundskapten och sammankallande grengruppen. Ledam\u00f6ter: Sammankallande: David Eriksson, f\u00f6rbundskapten \u00c5karrepresentant:\u00a0Mathias Karlsson Arrang\u00f6rsrepresentant:\u00a0Johan Ekman och Teodor Aastrup Kommissarierepresentant:\u00a0Mikael Nystrand Grengruppens gemensamma mejladress\u00a0cykelcross@scf.se Vill du komma i kontakt med \u00f6vrig personal p\u00e5 Svenska Cykef\u00f6rbundet klickar du h\u00e4r<\/p>\n","protected":false},"author":58,"featured_media":0,"parent":0,"menu_order":0,"comment_status":"closed","ping_status":"closed","template":"","meta":{"_acf_changed":false,"footnotes":""},"class_list":["post-483","page","type-page","status-publish","hentry"],"acf":[],"_links":{"self":[{"href":"https:\/\/scf.se\/cykelcross\/wp-json\/wp\/v2\/pages\/483","targetHints":{"allow":["GET"]}}],"collection":[{"href":"https:\/\/scf.se\/cykelcross\/wp-json\/wp\/v2\/pages"}],"about":[{"href":"https:\/\/scf.se\/cykelcross\/wp-json\/wp\/v2\/types\/page"}],"author":[{"embeddable":true,"href":"https:\/\/scf.se\/cykelcross\/wp-json\/wp\/v2\/users\/58"}],"replies":[{"embeddable":true,"href":"https:\/\/scf.se\/cykelcross\/wp-json\/wp\/v2\/comments?post=483"}],"version-history":[{"count":5,"href":"https:\/\/scf.se\/cykelcross\/wp-json\/wp\/v2\/pages\/483\/revisions"}],"predecessor-version":[{"id":2591,"href":"https:\/\/scf.se\/cykelcross\/wp-json\/wp\/v2\/pages\/483\/revisions\/2591"}],"wp:attachment":[{"href":"https:\/\/scf.se\/cykelcross\/wp-json\/wp\/v2\/media?parent=483"}],"curies":[{"name":"wp","href":"https:\/\/api.w.org\/{rel}","templated":true}]}}