
{"id":386,"date":"2018-09-24T13:43:00","date_gmt":"2018-09-24T11:43:00","guid":{"rendered":"http:\/\/scf.se\/cykelcross\/?page_id=386"},"modified":"2025-11-19T14:40:20","modified_gmt":"2025-11-19T13:40:20","slug":"sm-cykelcross-2019","status":"publish","type":"page","link":"https:\/\/scf.se\/cykelcross\/sm-cykelcross-2019\/","title":{"rendered":"SM Cykelcross 2020"},"content":{"rendered":"<a href=\"https:\/\/scf.se\/cykelcross\/wp-content\/uploads\/sites\/4\/2018\/09\/SM-CX-2019-logga.jpg\"><img loading=\"lazy\" decoding=\"async\" class=\"alignleft size-full wp-image-398\" src=\"https:\/\/scf.se\/cykelcross\/wp-content\/uploads\/sites\/4\/2018\/09\/SM-CX-2019-logga.jpg\" alt=\"SM CX 2019 logga\" width=\"2362\" height=\"472\" srcset=\"https:\/\/scf.se\/cykelcross\/wp-content\/uploads\/sites\/4\/2018\/09\/SM-CX-2019-logga.jpg 2362w, https:\/\/scf.se\/cykelcross\/wp-content\/uploads\/sites\/4\/2018\/09\/SM-CX-2019-logga-300x60.jpg 300w, https:\/\/scf.se\/cykelcross\/wp-content\/uploads\/sites\/4\/2018\/09\/SM-CX-2019-logga-768x153.jpg 768w, https:\/\/scf.se\/cykelcross\/wp-content\/uploads\/sites\/4\/2018\/09\/SM-CX-2019-logga-1024x205.jpg 1024w\" sizes=\"auto, (max-width: 2362px) 100vw, 2362px\" \/><\/a>\n<p>CX-SM 2019 g\u00e5r p\u00e5 historisk mark i hj\u00e4rtat av Varberg den 12-13 januari. Arenan ligger n\u00e4ra centrum och precis vid Varbergs f\u00e4stning. Det blir ett utmanande och vackert race med gott om plats f\u00f6r \u00e5sk\u00e5dare! SM-banan \u00e4r varierande med\u00a0kuperade gr\u00e4spartier, djup sandstrand och en rej\u00e4l backe upp till toppen av Varbergs f\u00e4stning.<\/p>\n<p>CX-SM arrangeras av tre Varbergsklubbar i samverkan \u2013 Varbergs MTB, CK Wano och Rooster Club Varberg.<\/p>\n<p><strong>LIVEs\u00e4ndning<\/strong><br \/>\nKan du inte vara med i Varberg g\u00e5r det att se l\u00f6rdagens t\u00e4vlingar (Elit, Junior och H30) via livestreaming i v\u00e5r kanal p\u00e5 <a href=\"http:\/\/www.solidsport.com\/scf\">solidsport.com\/scf<\/a>.<\/p>\n<p>H\u00e4r hittar du all information du beh\u00f6ver veta inf\u00f6r SM:\u00a0<a href=\"https:\/\/varbergcyclocrosschampionship.se\">varbergcyclocrosschampionship.se<\/a>.<br \/>\nF\u00f6lj Varberg Cyclocross p\u00e5<a href=\"https:\/\/www.facebook.com\/varbergcyclocross\/\"> Facebook<\/a><\/p>\n","protected":false},"excerpt":{"rendered":"<p>CX-SM 2019 g\u00e5r p\u00e5 historisk mark i hj\u00e4rtat av Varberg den 12-13 januari. Arenan ligger n\u00e4ra centrum och precis vid Varbergs f\u00e4stning. Det blir ett utmanande och vackert race med gott om plats f\u00f6r \u00e5sk\u00e5dare! SM-banan \u00e4r varierande med\u00a0kuperade gr\u00e4spartier, djup sandstrand och en rej\u00e4l backe upp till toppen av Varbergs f\u00e4stning. CX-SM arrangeras<a href=\"https:\/\/scf.se\/cykelcross\/sm-cykelcross-2019\/\" class=\"news-card__more\"> &#8230;<\/a><\/p>\n","protected":false},"author":58,"featured_media":0,"parent":0,"menu_order":0,"comment_status":"closed","ping_status":"closed","template":"","meta":{"_acf_changed":false,"footnotes":""},"class_list":["post-386","page","type-page","status-publish","hentry"],"acf":[],"_links":{"self":[{"href":"https:\/\/scf.se\/cykelcross\/wp-json\/wp\/v2\/pages\/386","targetHints":{"allow":["GET"]}}],"collection":[{"href":"https:\/\/scf.se\/cykelcross\/wp-json\/wp\/v2\/pages"}],"about":[{"href":"https:\/\/scf.se\/cykelcross\/wp-json\/wp\/v2\/types\/page"}],"author":[{"embeddable":true,"href":"https:\/\/scf.se\/cykelcross\/wp-json\/wp\/v2\/users\/58"}],"replies":[{"embeddable":true,"href":"https:\/\/scf.se\/cykelcross\/wp-json\/wp\/v2\/comments?post=386"}],"version-history":[{"count":1,"href":"https:\/\/scf.se\/cykelcross\/wp-json\/wp\/v2\/pages\/386\/revisions"}],"predecessor-version":[{"id":2337,"href":"https:\/\/scf.se\/cykelcross\/wp-json\/wp\/v2\/pages\/386\/revisions\/2337"}],"wp:attachment":[{"href":"https:\/\/scf.se\/cykelcross\/wp-json\/wp\/v2\/media?parent=386"}],"curies":[{"name":"wp","href":"https:\/\/api.w.org\/{rel}","templated":true}]}}