
{"id":297,"date":"2017-10-30T17:00:27","date_gmt":"2017-10-30T16:00:27","guid":{"rendered":"http:\/\/scf.se\/cykelcross\/?page_id=297"},"modified":"2018-01-15T09:37:56","modified_gmt":"2018-01-15T08:37:56","slug":"sm-cykelcross-2018","status":"publish","type":"page","link":"https:\/\/scf.se\/cykelcross\/tavling\/masterskap\/sm-cykelcross-2018\/","title":{"rendered":"SM Cykelcross 2018"},"content":{"rendered":"<a href=\"https:\/\/scf.se\/cykelcross\/wp-content\/uploads\/sites\/4\/2017\/10\/SM_logo_cykelcross.jpg\"><img loading=\"lazy\" decoding=\"async\" class=\"alignnone size-full wp-image-351\" src=\"https:\/\/scf.se\/cykelcross\/wp-content\/uploads\/sites\/4\/2017\/10\/SM_logo_cykelcross.jpg\" alt=\"SM Cykelcross 2018\" width=\"2440\" height=\"490\" srcset=\"https:\/\/scf.se\/cykelcross\/wp-content\/uploads\/sites\/4\/2017\/10\/SM_logo_cykelcross.jpg 2440w, https:\/\/scf.se\/cykelcross\/wp-content\/uploads\/sites\/4\/2017\/10\/SM_logo_cykelcross-300x60.jpg 300w, https:\/\/scf.se\/cykelcross\/wp-content\/uploads\/sites\/4\/2017\/10\/SM_logo_cykelcross-768x154.jpg 768w, https:\/\/scf.se\/cykelcross\/wp-content\/uploads\/sites\/4\/2017\/10\/SM_logo_cykelcross-1024x206.jpg 1024w\" sizes=\"auto, (max-width: 2440px) 100vw, 2440px\" \/><\/a>\n<p>Den 13-14 januari arrangeras cykelcross-SM 2018 vid Slottskogsvallen i centrala G\u00f6teborg av G\u00f6teborgs cykelklubb. Inbjudan och PM publiceras i t\u00e4vlingskalendern,<a href=\"http:\/\/swecyclingonline.se\"> swecyclingonline.se<\/a>.<\/p>\n<p>Klasser:<\/p>\n<ul>\n<li>L\u00f6rdag 13 januari: P\/F 10-12, P\/F 13-14,\u00a0H Junior och D\/H Elit<\/li>\n<li>S\u00f6ndag 14 januari: P\/F15-16, Veteraner H30, H40 och H50, Prova-p\u00e5 och Knattecross.<\/li>\n<\/ul>\n<p><a href=\"https:\/\/cxsm2018goteb.org\/\">SM Cykelcross &#8211; webbsida<\/a><\/p>\n<p><a href=\"https:\/\/scf.se\/cykelcross\/cykelcross-sm-2018\/\">Resultat<\/a><\/p>\n<blockquote class=\"wp-embedded-content\" data-secret=\"9yjjXKYXxv\"><p><a href=\"https:\/\/cyclingplus.se\/artiklar\/erlandsson-och-eriksson-svenska-mastare-i-cykelcross\/\">Erlandsson och Eriksson svenska m\u00e4stare i cykelcross<\/a><\/p><\/blockquote>\n<p><div class=\"video-wrapper\"><iframe loading=\"lazy\" class=\"wp-embedded-content\" sandbox=\"allow-scripts\" security=\"restricted\" style=\"position: absolute; clip: rect(1px, 1px, 1px, 1px);\" title=\"&#8221;Erlandsson och Eriksson svenska m\u00e4stare i cykelcross&#8221; &#8212; Svenska Cycling Plus\" src=\"https:\/\/cyclingplus.se\/artiklar\/erlandsson-och-eriksson-svenska-mastare-i-cykelcross\/embed\/#?secret=UWpbPshGis#?secret=9yjjXKYXxv\" data-secret=\"9yjjXKYXxv\" width=\"500\" height=\"282\" frameborder=\"0\" marginwidth=\"0\" marginheight=\"0\" scrolling=\"no\"><\/iframe><\/div><\/p>\n<p>&nbsp;<\/p>\n<p>&nbsp;<\/p>\n","protected":false},"excerpt":{"rendered":"<p>Den 13-14 januari arrangeras cykelcross-SM 2018 vid Slottskogsvallen i centrala G\u00f6teborg av G\u00f6teborgs cykelklubb. Inbjudan och PM publiceras i t\u00e4vlingskalendern, swecyclingonline.se. Klasser: L\u00f6rdag 13 januari: P\/F 10-12, P\/F 13-14,\u00a0H Junior och D\/H Elit S\u00f6ndag 14 januari: P\/F15-16, Veteraner H30, H40 och H50, Prova-p\u00e5 och Knattecross. SM Cykelcross &#8211; webbsida Resultat Erlandsson och Eriksson svenska<a href=\"https:\/\/scf.se\/cykelcross\/tavling\/masterskap\/sm-cykelcross-2018\/\" class=\"news-card__more\"> &#8230;<\/a><\/p>\n","protected":false},"author":2,"featured_media":0,"parent":39,"menu_order":0,"comment_status":"closed","ping_status":"closed","template":"","meta":{"_acf_changed":false,"footnotes":""},"class_list":["post-297","page","type-page","status-publish","hentry"],"acf":[],"_links":{"self":[{"href":"https:\/\/scf.se\/cykelcross\/wp-json\/wp\/v2\/pages\/297","targetHints":{"allow":["GET"]}}],"collection":[{"href":"https:\/\/scf.se\/cykelcross\/wp-json\/wp\/v2\/pages"}],"about":[{"href":"https:\/\/scf.se\/cykelcross\/wp-json\/wp\/v2\/types\/page"}],"author":[{"embeddable":true,"href":"https:\/\/scf.se\/cykelcross\/wp-json\/wp\/v2\/users\/2"}],"replies":[{"embeddable":true,"href":"https:\/\/scf.se\/cykelcross\/wp-json\/wp\/v2\/comments?post=297"}],"version-history":[{"count":0,"href":"https:\/\/scf.se\/cykelcross\/wp-json\/wp\/v2\/pages\/297\/revisions"}],"up":[{"embeddable":true,"href":"https:\/\/scf.se\/cykelcross\/wp-json\/wp\/v2\/pages\/39"}],"wp:attachment":[{"href":"https:\/\/scf.se\/cykelcross\/wp-json\/wp\/v2\/media?parent=297"}],"curies":[{"name":"wp","href":"https:\/\/api.w.org\/{rel}","templated":true}]}}