
{"id":283,"date":"2016-11-09T12:19:34","date_gmt":"2016-11-09T11:19:34","guid":{"rendered":"http:\/\/scf.se\/cykelcross\/?page_id=283"},"modified":"2018-09-06T09:49:55","modified_gmt":"2018-09-06T07:49:55","slug":"cupstallning-swe-cup","status":"publish","type":"page","link":"https:\/\/scf.se\/cykelcross\/swe-cup\/cupstallning-swe-cup\/","title":{"rendered":"Cupsammanst\u00e4llningar"},"content":{"rendered":"<h3>2018<\/h3>\n<p>Cupen startar i Falun den 15\/16 september. l\u00e4s mer <a href=\"https:\/\/scf.se\/cykelcross\/swe-cup\/\">h\u00e4r.<\/a><\/p>\n<hr \/>\n<h3>2017<\/h3>\n<p><a href=\"https:\/\/docs.google.com\/spreadsheets\/d\/1iIhwXjwJeJzRlAGj30mkXEvGVwlS0R0OUS74F261pHo\/edit#gid=902718958\">Cupsammanst\u00e4llning CX-pokalen och SWE Cup 2017<\/a><\/p>\n<hr \/>\n<h3>2016<\/h3>\n<ul>\n<li><a href=\"https:\/\/scf.se\/cykelcross\/wp-content\/uploads\/sites\/4\/2016\/11\/Swecup-CX-2016-2017-slutsammanst\u00e4llning.xlsx\">Cupsammanst\u00e4llning SWE Cup 2016<\/a><\/li>\n<li><a href=\"https:\/\/docs.google.com\/spreadsheets\/d\/1gH7CsLhCdQaBa2YukGsgjJFUa-dAzNz3K-iShLlqH8s\/edit#gid=427214227\">Cupsammanst\u00e4llning CX-pokalen 2016<\/a><\/li>\n<\/ul>\n<p>&nbsp;<\/p>\n<p>&nbsp;<\/p>\n<p>&nbsp;<\/p>\n","protected":false},"excerpt":{"rendered":"<p>2018 Cupen startar i Falun den 15\/16 september. l\u00e4s mer h\u00e4r. 2017 Cupsammanst\u00e4llning CX-pokalen och SWE Cup 2017 2016 Cupsammanst\u00e4llning SWE Cup 2016 Cupsammanst\u00e4llning CX-pokalen 2016 &nbsp; &nbsp; &nbsp;<\/p>\n","protected":false},"author":2,"featured_media":0,"parent":78,"menu_order":0,"comment_status":"closed","ping_status":"closed","template":"","meta":{"_acf_changed":false,"footnotes":""},"class_list":["post-283","page","type-page","status-publish","hentry"],"acf":[],"_links":{"self":[{"href":"https:\/\/scf.se\/cykelcross\/wp-json\/wp\/v2\/pages\/283","targetHints":{"allow":["GET"]}}],"collection":[{"href":"https:\/\/scf.se\/cykelcross\/wp-json\/wp\/v2\/pages"}],"about":[{"href":"https:\/\/scf.se\/cykelcross\/wp-json\/wp\/v2\/types\/page"}],"author":[{"embeddable":true,"href":"https:\/\/scf.se\/cykelcross\/wp-json\/wp\/v2\/users\/2"}],"replies":[{"embeddable":true,"href":"https:\/\/scf.se\/cykelcross\/wp-json\/wp\/v2\/comments?post=283"}],"version-history":[{"count":0,"href":"https:\/\/scf.se\/cykelcross\/wp-json\/wp\/v2\/pages\/283\/revisions"}],"up":[{"embeddable":true,"href":"https:\/\/scf.se\/cykelcross\/wp-json\/wp\/v2\/pages\/78"}],"wp:attachment":[{"href":"https:\/\/scf.se\/cykelcross\/wp-json\/wp\/v2\/media?parent=283"}],"curies":[{"name":"wp","href":"https:\/\/api.w.org\/{rel}","templated":true}]}}