
{"id":2075,"date":"2025-03-28T10:57:42","date_gmt":"2025-03-28T09:57:42","guid":{"rendered":"https:\/\/scf.se\/cykelcross\/?page_id=2075"},"modified":"2025-03-28T10:57:42","modified_gmt":"2025-03-28T09:57:42","slug":"arrangera-swe-cup","status":"publish","type":"page","link":"https:\/\/scf.se\/cykelcross\/arrangera-swe-cup\/","title":{"rendered":"Arrangera SWE Cup"},"content":{"rendered":"<p>H\u00e4r nedan har vi samlat information f\u00f6r arrang\u00f6rer av delt\u00e4vlingar i SWE Cup CX. Informationen som ligger h\u00e4r \u00e4r aktuell och \u00e4r den som f\u00f6r tillf\u00e4llet g\u00e4ller.<\/p>\n<p>Att arrangera en SWE Cup inneb\u00e4r att man har ett lopp i Svenska Cykelf\u00f6rbundet serie, loppen h\u00e5ller en viss standard och ger deltagarna en bra upplevelse.<br \/>\nF\u00f6ruts\u00e4ttningarna f\u00f6r SWE Cup arrang\u00f6rer finns <a href=\"https:\/\/scf.se\/cykelcross\/wp-content\/uploads\/sites\/4\/2025\/03\/Forutsattningar-SWE-Cup-CX.pdf\">h\u00e4r<\/a><\/p>\n","protected":false},"excerpt":{"rendered":"<p>H\u00e4r nedan har vi samlat information f\u00f6r arrang\u00f6rer av delt\u00e4vlingar i SWE Cup CX. Informationen som ligger h\u00e4r \u00e4r aktuell och \u00e4r den som f\u00f6r tillf\u00e4llet g\u00e4ller. Att arrangera en SWE Cup inneb\u00e4r att man har ett lopp i Svenska Cykelf\u00f6rbundet serie, loppen h\u00e5ller en viss standard och ger deltagarna en bra upplevelse. F\u00f6ruts\u00e4ttningarna<a href=\"https:\/\/scf.se\/cykelcross\/arrangera-swe-cup\/\" class=\"news-card__more\"> &#8230;<\/a><\/p>\n","protected":false},"author":58,"featured_media":0,"parent":0,"menu_order":0,"comment_status":"closed","ping_status":"closed","template":"","meta":{"_acf_changed":false,"footnotes":""},"class_list":["post-2075","page","type-page","status-publish","hentry"],"acf":[],"_links":{"self":[{"href":"https:\/\/scf.se\/cykelcross\/wp-json\/wp\/v2\/pages\/2075","targetHints":{"allow":["GET"]}}],"collection":[{"href":"https:\/\/scf.se\/cykelcross\/wp-json\/wp\/v2\/pages"}],"about":[{"href":"https:\/\/scf.se\/cykelcross\/wp-json\/wp\/v2\/types\/page"}],"author":[{"embeddable":true,"href":"https:\/\/scf.se\/cykelcross\/wp-json\/wp\/v2\/users\/58"}],"replies":[{"embeddable":true,"href":"https:\/\/scf.se\/cykelcross\/wp-json\/wp\/v2\/comments?post=2075"}],"version-history":[{"count":1,"href":"https:\/\/scf.se\/cykelcross\/wp-json\/wp\/v2\/pages\/2075\/revisions"}],"predecessor-version":[{"id":2077,"href":"https:\/\/scf.se\/cykelcross\/wp-json\/wp\/v2\/pages\/2075\/revisions\/2077"}],"wp:attachment":[{"href":"https:\/\/scf.se\/cykelcross\/wp-json\/wp\/v2\/media?parent=2075"}],"curies":[{"name":"wp","href":"https:\/\/api.w.org\/{rel}","templated":true}]}}