
{"id":1538,"date":"2024-10-07T06:52:31","date_gmt":"2024-10-07T04:52:31","guid":{"rendered":"https:\/\/scf.se\/cykelcross\/?page_id=1538"},"modified":"2024-10-17T07:56:32","modified_gmt":"2024-10-17T05:56:32","slug":"swe-cup-2024","status":"publish","type":"page","link":"https:\/\/scf.se\/cykelcross\/swe-cup-2024\/","title":{"rendered":"SWE Cup 2024"},"content":{"rendered":"<h2>SWE Cup 2024 CX<\/h2>\n<ul>\n<li><strong>5\u20136 oktober:<\/strong> SWE Cup Falun, samtliga klasser.<br \/>\n<em><strong><a href=\"https:\/\/www.sportstiming.se\/event\/14972\/results\">Resultat dag 1.<\/a><br \/>\n<a href=\"https:\/\/www.sportstiming.se\/event\/14973\/results\">Resultat dag 2.<\/a><br \/>\n<\/strong><\/em><\/li>\n<li><strong>12\u201313 oktober<\/strong>: SWE Cup T\u00e4by, samtliga klasser (CX-superveckan #1 och #2 \u00e4ven UCI C2).<br \/>\n<a href=\"https:\/\/www.sportstiming.se\/event\/14915\/results\"> <em><strong>Resultat dag 1.<\/strong><\/em><\/a><br \/>\n<a href=\"https:\/\/www.sportstiming.se\/event\/14962\/results\"><em><strong>Resultat dag 2.<\/strong><\/em><\/a><\/li>\n<li><strong>16 oktober<\/strong>: SWE Cup Falun, endast junior och elit (CX-superveckan #3 \u00e4ven UCI C2).<em><strong><br \/>\n<a href=\"https:\/\/www.sportstiming.se\/event\/14974\/results\">Resultat.<\/a><\/strong><\/em><\/li>\n<li><strong>19\u201320 oktober<\/strong>: SWE Cup Varberg, samtliga klasser (CX-superveckan #4 och #5 \u00e4ven UCI C2).<em><strong><br \/>\n<a href=\"https:\/\/www.sportstiming.se\/event\/15009\">Info och anm\u00e4lan dag 1.<\/a><br \/>\n<a href=\"https:\/\/www.sportstiming.se\/event\/15016\">Info och anm\u00e4lan dag 2.<\/a><\/strong><\/em><\/li>\n<li><strong>9\u201310 november<\/strong>: SWE Cup Malm\u00f6, samtliga klasser.<br \/>\n<em><strong><a href=\"https:\/\/www.sportstiming.se\/event\/15246\"> Info och anm\u00e4lan dag 1.<\/a><br \/>\n<a href=\"https:\/\/www.sportstiming.se\/event\/15248\">Info och anm\u00e4lan dag 2.<\/a><\/strong><\/em><\/li>\n<\/ul>\n","protected":false},"excerpt":{"rendered":"<p>SWE Cup 2024 CX 5\u20136 oktober: SWE Cup Falun, samtliga klasser. Resultat dag 1. Resultat dag 2. 12\u201313 oktober: SWE Cup T\u00e4by, samtliga klasser (CX-superveckan #1 och #2 \u00e4ven UCI C2). Resultat dag 1. Resultat dag 2. 16 oktober: SWE Cup Falun, endast junior och elit (CX-superveckan #3 \u00e4ven UCI C2). Resultat. 19\u201320 oktober:<a href=\"https:\/\/scf.se\/cykelcross\/swe-cup-2024\/\" class=\"news-card__more\"> &#8230;<\/a><\/p>\n","protected":false},"author":58,"featured_media":0,"parent":0,"menu_order":0,"comment_status":"closed","ping_status":"closed","template":"","meta":{"_acf_changed":false,"footnotes":""},"class_list":["post-1538","page","type-page","status-publish","hentry"],"acf":[],"_links":{"self":[{"href":"https:\/\/scf.se\/cykelcross\/wp-json\/wp\/v2\/pages\/1538","targetHints":{"allow":["GET"]}}],"collection":[{"href":"https:\/\/scf.se\/cykelcross\/wp-json\/wp\/v2\/pages"}],"about":[{"href":"https:\/\/scf.se\/cykelcross\/wp-json\/wp\/v2\/types\/page"}],"author":[{"embeddable":true,"href":"https:\/\/scf.se\/cykelcross\/wp-json\/wp\/v2\/users\/58"}],"replies":[{"embeddable":true,"href":"https:\/\/scf.se\/cykelcross\/wp-json\/wp\/v2\/comments?post=1538"}],"version-history":[{"count":4,"href":"https:\/\/scf.se\/cykelcross\/wp-json\/wp\/v2\/pages\/1538\/revisions"}],"predecessor-version":[{"id":1605,"href":"https:\/\/scf.se\/cykelcross\/wp-json\/wp\/v2\/pages\/1538\/revisions\/1605"}],"wp:attachment":[{"href":"https:\/\/scf.se\/cykelcross\/wp-json\/wp\/v2\/media?parent=1538"}],"curies":[{"name":"wp","href":"https:\/\/api.w.org\/{rel}","templated":true}]}}