
{"id":1511,"date":"2024-03-08T08:21:39","date_gmt":"2024-03-08T07:21:39","guid":{"rendered":"https:\/\/scf.se\/cykelcross\/?page_id=1511"},"modified":"2025-11-19T14:37:04","modified_gmt":"2025-11-19T13:37:04","slug":"sm-cykelcross-2024","status":"publish","type":"page","link":"https:\/\/scf.se\/cykelcross\/sm-cykelcross-2024\/","title":{"rendered":"SM Cykelcross 2025"},"content":{"rendered":"<h3>G\u00e4ller 2025 \u00e5rs Svenska M\u00e4sterskap<\/h3>\n<p>Sverige har dispens p\u00e5 grund av klimatet att inte ha nationellt m\u00e4sterskap i CX i januari, som nationerna utanf\u00f6r Norden har, d\u00e4rav arrangeras 2025 \u00e5rs m\u00e4sterskap i slutet av 2024.<\/p>\n<p>SM arrangeras 23\u201324 november 2024 p\u00e5 Gek\u00e5s Camping i Ullared med Cogheart Cycle Club Varberg som arrang\u00f6rsklubb.<\/p>\n<ul>\n<li><strong>SM 23\u201324 november<\/strong>: Ullared.\u00a0<em><strong><br \/>\n<a href=\"https:\/\/www.sportstiming.se\/event\/15167\">Info och anm\u00e4lan ungdom och masters l\u00f6rdag.<\/a><br \/>\n<a href=\"https:\/\/www.sportstiming.se\/event\/15167\">Info och anm\u00e4lan junior och seniorelit s\u00f6ndag.<\/a><\/strong><\/em><\/li>\n<\/ul>\n","protected":false},"excerpt":{"rendered":"<p>G\u00e4ller 2025 \u00e5rs Svenska M\u00e4sterskap Sverige har dispens p\u00e5 grund av klimatet att inte ha nationellt m\u00e4sterskap i CX i januari, som nationerna utanf\u00f6r Norden har, d\u00e4rav arrangeras 2025 \u00e5rs m\u00e4sterskap i slutet av 2024. SM arrangeras 23\u201324 november 2024 p\u00e5 Gek\u00e5s Camping i Ullared med Cogheart Cycle Club Varberg som arrang\u00f6rsklubb. SM 23\u201324<a href=\"https:\/\/scf.se\/cykelcross\/sm-cykelcross-2024\/\" class=\"news-card__more\"> &#8230;<\/a><\/p>\n","protected":false},"author":58,"featured_media":0,"parent":0,"menu_order":0,"comment_status":"closed","ping_status":"closed","template":"","meta":{"_acf_changed":false,"footnotes":""},"class_list":["post-1511","page","type-page","status-publish","hentry"],"acf":[],"_links":{"self":[{"href":"https:\/\/scf.se\/cykelcross\/wp-json\/wp\/v2\/pages\/1511","targetHints":{"allow":["GET"]}}],"collection":[{"href":"https:\/\/scf.se\/cykelcross\/wp-json\/wp\/v2\/pages"}],"about":[{"href":"https:\/\/scf.se\/cykelcross\/wp-json\/wp\/v2\/types\/page"}],"author":[{"embeddable":true,"href":"https:\/\/scf.se\/cykelcross\/wp-json\/wp\/v2\/users\/58"}],"replies":[{"embeddable":true,"href":"https:\/\/scf.se\/cykelcross\/wp-json\/wp\/v2\/comments?post=1511"}],"version-history":[{"count":2,"href":"https:\/\/scf.se\/cykelcross\/wp-json\/wp\/v2\/pages\/1511\/revisions"}],"predecessor-version":[{"id":2332,"href":"https:\/\/scf.se\/cykelcross\/wp-json\/wp\/v2\/pages\/1511\/revisions\/2332"}],"wp:attachment":[{"href":"https:\/\/scf.se\/cykelcross\/wp-json\/wp\/v2\/media?parent=1511"}],"curies":[{"name":"wp","href":"https:\/\/api.w.org\/{rel}","templated":true}]}}